{"id":1218,"date":"2025-04-09T00:00:00","date_gmt":"2025-04-09T00:00:00","guid":{"rendered":"https:\/\/bmdprekyba.lt\/?post_type=product&#038;p=1218"},"modified":"2026-01-09T12:01:22","modified_gmt":"2026-01-09T12:01:22","slug":"preciva-skaitmeninis-stangencirkulis-150-mm-6-coliu-elektroninis-nerudijancio-plieno-metrinis-atsparus-issiliejimui-su-dideliu-ir-aiskiu-lcd-ekranu","status":"publish","type":"product","link":"https:\/\/bmdprekyba.lt\/en\/product\/preciva-skaitmeninis-stangencirkulis-150-mm-6-coliu-elektroninis-nerudijancio-plieno-metrinis-atsparus-issiliejimui-su-dideliu-ir-aiskiu-lcd-ekranu\/","title":{"rendered":"Preciva skaitmeninis \u0161tangencirkulis, 150 mm\/6 coli\u0173 elektroninis ner\u016bdijan\u010dio plieno metrinis, atsparus i\u0161siliejimui, su dideliu ir ai\u0161kiu LCD ekranu"},"content":{"rendered":"<h2>Tikslumas<\/h2>\n<p>Matavimo diapazonas: 0\u20136 coliai (0\u2013150 mm); Skiriamoji geba: 0,001181 coli\u0173 (0,03 mm); Tikslumas: 0,001181 coli\u0173 (0,03 mm); Pridedama baterija: CR2032.<\/p>\n<h2>Kokybi\u0161ka Strukt\u016bra ir Puikus Apdirbimas<\/h2>\n<p>\u201ePreciva\u201c skaitmeninis slankmatis pagamintas i\u0161 auk\u0161tos kokyb\u0117s <b>gr\u016bdinto ner\u016bdijan\u010dio plieno<\/b>, atsparaus r\u016bdims, dulk\u0117ms ir vandens purslams.<\/p>\n<h2>Didelis Ekrano Dydis<\/h2>\n<p>Auk\u0161tos kokyb\u0117s <b>skaitmeninis ekranas<\/b>, kuris palengvina rodmen\u0173 nuskaitym\u0105. Nyk\u0161\u010dio var\u017etas leid\u017eia lengvai slankioti, nustatyti pad\u0117t\u012f ir tiksliai reguliuoti.<\/p>\n<h2>Daugiafunkci\u0161kumas<\/h2>\n<p>\u0160is slankmatis puikiai tinka tiksliems <b>vidini\u0173, i\u0161orini\u0173 ir net gylio<\/b> matavimams. Rodmenys gali b\u016bti rodomi coliais arba milimetrais. \u201eNulio\u201c funkcija gali b\u016bti naudojama bet kuriuo metu, kad b\u016bt\u0173 galima matuoti skirtumus.<\/p>\n<h2>Idealiai Tinka Visiems Matavimams<\/h2>\n<p>\u0160is LCD skaitmeninis slankmatis yra labai <b>lengvai naudojamas, ne\u0161iojamas, lengvas ir patvarus<\/b>. Tai idealus matavimo \u012frankis \u012fvairiems pramoniniams, elektriniams ir automobili\u0173 entuziast\u0173 pritaikymams.<\/p>","protected":false},"excerpt":{"rendered":"<p>Tikslumas Matavimo diapazonas: 0\u20136 coliai (0\u2013150 mm); Skiriamoji geba: 0,001181 coli\u0173 (0,03 mm); Tikslumas: 0,001181 coli\u0173 (0,03 mm); Pridedama baterija: CR2032. Kokybi\u0161ka Strukt\u016bra ir Puikus Apdirbimas \u201ePreciva\u201c skaitmeninis slankmatis pagamintas i\u0161 auk\u0161tos kokyb\u0117s gr\u016bdinto ner\u016bdijan\u010dio plieno, atsparaus r\u016bdims, dulk\u0117ms ir vandens purslams. Didelis Ekrano Dydis Auk\u0161tos kokyb\u0117s skaitmeninis ekranas, kuris palengvina rodmen\u0173 nuskaitym\u0105. Nyk\u0161\u010dio var\u017etas [&hellip;]<\/p>\n","protected":false},"featured_media":1772,"comment_status":"open","ping_status":"closed","template":"","meta":{"_acf_changed":false,"inline_featured_image":false},"product_brand":[],"product_cat":[79],"product_tag":[],"class_list":{"0":"post-1218","1":"product","2":"type-product","3":"status-publish","4":"has-post-thumbnail","6":"product_cat-irankiai","8":"first","9":"instock","10":"taxable","11":"shipping-taxable","12":"purchasable","13":"product-type-simple"},"acf":[],"_links":{"self":[{"href":"https:\/\/bmdprekyba.lt\/en\/wp-json\/wp\/v2\/product\/1218","targetHints":{"allow":["GET"]}}],"collection":[{"href":"https:\/\/bmdprekyba.lt\/en\/wp-json\/wp\/v2\/product"}],"about":[{"href":"https:\/\/bmdprekyba.lt\/en\/wp-json\/wp\/v2\/types\/product"}],"replies":[{"embeddable":true,"href":"https:\/\/bmdprekyba.lt\/en\/wp-json\/wp\/v2\/comments?post=1218"}],"wp:featuredmedia":[{"embeddable":true,"href":"https:\/\/bmdprekyba.lt\/en\/wp-json\/wp\/v2\/media\/1772"}],"wp:attachment":[{"href":"https:\/\/bmdprekyba.lt\/en\/wp-json\/wp\/v2\/media?parent=1218"}],"wp:term":[{"taxonomy":"product_brand","embeddable":true,"href":"https:\/\/bmdprekyba.lt\/en\/wp-json\/wp\/v2\/product_brand?post=1218"},{"taxonomy":"product_cat","embeddable":true,"href":"https:\/\/bmdprekyba.lt\/en\/wp-json\/wp\/v2\/product_cat?post=1218"},{"taxonomy":"product_tag","embeddable":true,"href":"https:\/\/bmdprekyba.lt\/en\/wp-json\/wp\/v2\/product_tag?post=1218"}],"curies":[{"name":"wp","href":"https:\/\/api.w.org\/{rel}","templated":true}]}}