{"id":1217,"date":"2025-04-09T00:00:00","date_gmt":"2025-04-09T00:00:00","guid":{"rendered":"https:\/\/bmdprekyba.lt\/?post_type=product&#038;p=1217"},"modified":"2026-01-09T12:01:22","modified_gmt":"2026-01-09T12:01:22","slug":"libraton-kniedes-verzles-reples-16-coliu-kniedes-repliu-rinkinys-7-keiciami-kniedes-itvarai-ir-nesiojimo-deklas","status":"publish","type":"product","link":"https:\/\/bmdprekyba.lt\/en\/product\/libraton-kniedes-verzles-reples-16-coliu-kniedes-repliu-rinkinys-7-keiciami-kniedes-itvarai-ir-nesiojimo-deklas\/","title":{"rendered":"Libraton knied\u0117s ver\u017el\u0117s repl\u0117s, 16 coli\u0173 knied\u0117s repli\u0173 rinkinys, 7 kei\u010diami knied\u0117s \u012ftvarai ir ne\u0161iojimo d\u0117klas"},"content":{"rendered":"<h2>Komplektacija<\/h2>\n<p>Kniedijimo ver\u017eli\u0173 \u012franki\u0173 rinkin\u012f sudaro <b>kniedijimo ver\u017eli\u0173 repl\u0117s, 7 kei\u010diami antgaliai (metriniai: M3, M4, M5, M6, M8, M10, M12), po 10 vnt. kiekvienos i\u0161 7 specifikacij\u0173 ver\u017eli\u0173<\/b> ir sm\u016bgiams atspari laikymo d\u0117\u017e\u0117.<\/p>\n<h2>Lengvas Naudojimas<\/h2>\n<p>\u201eLibraton\u201c kniedijimo ver\u017eli\u0173 \u012frankio kei\u010diami <b>Cr-Mo antgaliai yra spalvotai \u017eym\u0117ti<\/b>, kad b\u016bt\u0173 galima greitai juos atskirti naudojimo metu. Novatori\u0161ka antgali\u0173 strukt\u016bra leid\u017eia juos greitai pakeisti be papildom\u0173 \u012franki\u0173, taip taupant laik\u0105.<\/p>\n<h2>Tvirtas ir Patvarus<\/h2>\n<p>Kniedijimo ver\u017eli\u0173 \u012frankis pagamintas i\u0161 <b>anglinio plieno<\/b> su didelio stiprumo, termi\u0161kai apdorotu pavir\u0161iumi, u\u017etikrinan\u010diu ilg\u0105 tarnavimo laik\u0105. Komplekte yra sm\u016bgiams atspari d\u0117\u017eut\u0117, skirta lengvam laikymui, siekiant i\u0161vengti praradimo ir pa\u017eeidim\u0173.<\/p>\n<h2>Ergonomi\u0161ka Rankena<\/h2>\n<p><b>16 coli\u0173 ilgesn\u0117 rankena<\/b> su didesniu svirties mechanizmu viduje taupo energij\u0105. \u012erengta <b>sm\u016bgius sugerian\u010dia TPR danga<\/b>, kad jaustum\u0117t\u0117s patogiai net ilgai naudojant.<\/p>\n<h2>Platus Panaudojimas<\/h2>\n<p>Rankinis kniedijimo ver\u017eli\u0173 pistoletas puikiai tinka \u012fvairiems kniedijimo darbams, tokiems kaip <b>automobili\u0173 k\u0117bulo plok\u0161t\u0117s, lak\u0161tinis metalas, plastikin\u0117s dalys, kniedyta mediena, baldai, dekoratyviniai elementai<\/b>.<\/p>","protected":false},"excerpt":{"rendered":"<p>Komplektacija Kniedijimo ver\u017eli\u0173 \u012franki\u0173 rinkin\u012f sudaro kniedijimo ver\u017eli\u0173 repl\u0117s, 7 kei\u010diami antgaliai (metriniai: M3, M4, M5, M6, M8, M10, M12), po 10 vnt. kiekvienos i\u0161 7 specifikacij\u0173 ver\u017eli\u0173 ir sm\u016bgiams atspari laikymo d\u0117\u017e\u0117. Lengvas Naudojimas \u201eLibraton\u201c kniedijimo ver\u017eli\u0173 \u012frankio kei\u010diami Cr-Mo antgaliai yra spalvotai \u017eym\u0117ti, kad b\u016bt\u0173 galima greitai juos atskirti naudojimo metu. Novatori\u0161ka antgali\u0173 [&hellip;]<\/p>\n","protected":false},"featured_media":1792,"comment_status":"open","ping_status":"closed","template":"","meta":{"_acf_changed":false,"inline_featured_image":false},"product_brand":[],"product_cat":[79],"product_tag":[],"class_list":{"0":"post-1217","1":"product","2":"type-product","3":"status-publish","4":"has-post-thumbnail","6":"product_cat-irankiai","8":"first","9":"instock","10":"taxable","11":"shipping-taxable","12":"purchasable","13":"product-type-simple"},"acf":[],"_links":{"self":[{"href":"https:\/\/bmdprekyba.lt\/en\/wp-json\/wp\/v2\/product\/1217","targetHints":{"allow":["GET"]}}],"collection":[{"href":"https:\/\/bmdprekyba.lt\/en\/wp-json\/wp\/v2\/product"}],"about":[{"href":"https:\/\/bmdprekyba.lt\/en\/wp-json\/wp\/v2\/types\/product"}],"replies":[{"embeddable":true,"href":"https:\/\/bmdprekyba.lt\/en\/wp-json\/wp\/v2\/comments?post=1217"}],"wp:featuredmedia":[{"embeddable":true,"href":"https:\/\/bmdprekyba.lt\/en\/wp-json\/wp\/v2\/media\/1792"}],"wp:attachment":[{"href":"https:\/\/bmdprekyba.lt\/en\/wp-json\/wp\/v2\/media?parent=1217"}],"wp:term":[{"taxonomy":"product_brand","embeddable":true,"href":"https:\/\/bmdprekyba.lt\/en\/wp-json\/wp\/v2\/product_brand?post=1217"},{"taxonomy":"product_cat","embeddable":true,"href":"https:\/\/bmdprekyba.lt\/en\/wp-json\/wp\/v2\/product_cat?post=1217"},{"taxonomy":"product_tag","embeddable":true,"href":"https:\/\/bmdprekyba.lt\/en\/wp-json\/wp\/v2\/product_tag?post=1217"}],"curies":[{"name":"wp","href":"https:\/\/api.w.org\/{rel}","templated":true}]}}