{"id":1216,"date":"2025-04-09T00:00:00","date_gmt":"2025-04-09T00:00:00","guid":{"rendered":"https:\/\/bmdprekyba.lt\/?post_type=product&#038;p=1216"},"modified":"2026-01-09T12:01:22","modified_gmt":"2026-01-09T12:01:22","slug":"anpro-profesionalus-didinamieji-akiniai-su-led-sviesa-25x-maksimalus-padidinimas-su-14-lesiu-3x-4x-5x-6x-7x-10x-15x-su-reguliuojamu-kampu","status":"publish","type":"product","link":"https:\/\/bmdprekyba.lt\/en\/product\/anpro-profesionalus-didinamieji-akiniai-su-led-sviesa-25x-maksimalus-padidinimas-su-14-lesiu-3x-4x-5x-6x-7x-10x-15x-su-reguliuojamu-kampu\/","title":{"rendered":"Anpro profesional\u016bs didinamieji akiniai su LED \u0161viesa, 25X maksimalus padidinimas su 14 l\u0119\u0161i\u0173 (3X, 4X, 5X, 6X, 7X, 10X, 15X), su reguliuojam\u0173 kamp\u0173"},"content":{"rendered":"<h2>Savyb\u0117s<\/h2>\n<p><b>25X maksimalus padidinimas:<\/b> Su i\u0161 viso 14 l\u0119\u0161i\u0173, kuri\u0173 padidinimas yra 3x, 4x, 5x, 6x, 7x, 10x ir 15x (po 2 kiekvieno), galite sujungti du l\u0119\u0161ius, kad pasiektum\u0117te skirtingus padidinimo lygius. Tai u\u017etikrina ai\u0161k\u0173 smulki\u0173 \u0161rift\u0173 ar objekt\u0173 vaizd\u0105. Klientai gali reguliuoti pageidaujam\u0105 atstum\u0105 derindami skirtingus l\u0119\u0161ius, pavyzd\u017eiui, galite naudoti 15X + 10X l\u0119\u0161ius. Produkto vadove rasite i\u0161sam\u0173 derini\u0173 apra\u0161ym\u0105. Produkt\u0105 galima naudoti viena akimi, jei norite matyti viena akimi, galite pakelti kit\u0105 l\u0119\u0161\u012f jo nenaudodami.<\/p>\n<h2>3 \u0160viesos \u0160altiniai<\/h2>\n<p>\u012erengtos 2 lemput\u0117s, atitinkan\u010dios skirtingus poreikius, \u0161i didinamoji laisv\u0173 rank\u0173 \u012franga si\u016blo <b>3 ap\u0161vietimo parinktis<\/b>: \u0161alt\u0105 \u0161vies\u0105, \u0161ilt\u0105 \u0161vies\u0105, gili\u0105 \u0161ilt\u0105 \u0161vies\u0105. Perjunkite tarp j\u0173, kad prisitaikytum\u0117te prie skirting\u0173 aplink\u0173 ar u\u017eduo\u010di\u0173. Produktas tinka galvos apim\u010diai apie 50 cm. Produktas sukurtas taip, kad tikt\u0173 daugumai \u017emoni\u0173, gali jaustis dalis galvos apimties ypa\u010d pla\u010diai, kad b\u016bt\u0173 galima naudoti gamin\u012f.<\/p>\n<h2>Lengvas ir Ergonomi\u0161kas Dizainas<\/h2>\n<p>M\u0117gaukit\u0117s komfortu ilgai naudojant su m\u016bs\u0173 <b>lengvu, ergonomi\u0161ku r\u0117mu<\/b>. Sureguliuokite LED \u0161vies\u0105 ir l\u0119\u0161io vamzdel\u012f iki tobulo kampo, o reguliuojamos nosies pagalv\u0117l\u0117s u\u017etikrina saug\u0173 ir patog\u0173 prigludim\u0105 ilgai d\u0117vint.<\/p>\n<h2>Platus Naudojimo Spektras<\/h2>\n<p>Nuo \u201epasidaryk pats\u201c darb\u0173 iki elektronikos remonto \u2013 m\u016bs\u0173 didinamoji laisv\u0173 rank\u0173 \u012franga apima plat\u0173 u\u017eduo\u010di\u0173 spektr\u0105. Puikiai tinka meistrams, tapybos entuziastams, juvelyrams ir visiems, kuriems reikia laisv\u0173 rank\u0173 padidinimo atliekant sud\u0117tingus darbus.<\/p>","protected":false},"excerpt":{"rendered":"<p>Savyb\u0117s 25X maksimalus padidinimas: Su i\u0161 viso 14 l\u0119\u0161i\u0173, kuri\u0173 padidinimas yra 3x, 4x, 5x, 6x, 7x, 10x ir 15x (po 2 kiekvieno), galite sujungti du l\u0119\u0161ius, kad pasiektum\u0117te skirtingus padidinimo lygius. Tai u\u017etikrina ai\u0161k\u0173 smulki\u0173 \u0161rift\u0173 ar objekt\u0173 vaizd\u0105. Klientai gali reguliuoti pageidaujam\u0105 atstum\u0105 derindami skirtingus l\u0119\u0161ius, pavyzd\u017eiui, galite naudoti 15X + 10X l\u0119\u0161ius. [&hellip;]<\/p>\n","protected":false},"featured_media":1771,"comment_status":"open","ping_status":"closed","template":"","meta":{"_acf_changed":false,"inline_featured_image":false},"product_brand":[],"product_cat":[44,79],"product_tag":[],"class_list":{"0":"post-1216","1":"product","2":"type-product","3":"status-publish","4":"has-post-thumbnail","6":"product_cat-elektronika","7":"product_cat-irankiai","9":"first","10":"instock","11":"taxable","12":"shipping-taxable","13":"purchasable","14":"product-type-simple"},"acf":[],"_links":{"self":[{"href":"https:\/\/bmdprekyba.lt\/en\/wp-json\/wp\/v2\/product\/1216","targetHints":{"allow":["GET"]}}],"collection":[{"href":"https:\/\/bmdprekyba.lt\/en\/wp-json\/wp\/v2\/product"}],"about":[{"href":"https:\/\/bmdprekyba.lt\/en\/wp-json\/wp\/v2\/types\/product"}],"replies":[{"embeddable":true,"href":"https:\/\/bmdprekyba.lt\/en\/wp-json\/wp\/v2\/comments?post=1216"}],"wp:featuredmedia":[{"embeddable":true,"href":"https:\/\/bmdprekyba.lt\/en\/wp-json\/wp\/v2\/media\/1771"}],"wp:attachment":[{"href":"https:\/\/bmdprekyba.lt\/en\/wp-json\/wp\/v2\/media?parent=1216"}],"wp:term":[{"taxonomy":"product_brand","embeddable":true,"href":"https:\/\/bmdprekyba.lt\/en\/wp-json\/wp\/v2\/product_brand?post=1216"},{"taxonomy":"product_cat","embeddable":true,"href":"https:\/\/bmdprekyba.lt\/en\/wp-json\/wp\/v2\/product_cat?post=1216"},{"taxonomy":"product_tag","embeddable":true,"href":"https:\/\/bmdprekyba.lt\/en\/wp-json\/wp\/v2\/product_tag?post=1216"}],"curies":[{"name":"wp","href":"https:\/\/api.w.org\/{rel}","templated":true}]}}