{"id":1215,"date":"2025-04-09T00:00:00","date_gmt":"2025-04-09T00:00:00","guid":{"rendered":"https:\/\/bmdprekyba.lt\/?post_type=product&#038;p=1215"},"modified":"2026-01-09T12:01:23","modified_gmt":"2026-01-09T12:01:23","slug":"mini-kampinis-slifuoklis-akumuliatorinis-lankstus-12v-su-2-baterijomis-2000mah-19500rpm-pjovimo-slifuoklis","status":"publish","type":"product","link":"https:\/\/bmdprekyba.lt\/en\/product\/mini-kampinis-slifuoklis-akumuliatorinis-lankstus-12v-su-2-baterijomis-2000mah-19500rpm-pjovimo-slifuoklis\/","title":{"rendered":"Mini kampinis \u0161lifuoklis, akumuliatorinis lankstus, 12V su 2 baterijomis 2000mAh, 19500rpm pjovimo \u0161lifuoklis"},"content":{"rendered":"<h2 class=\"\">Universalus Naudojimas<\/h2>\n<p>Mini kampinis \u0161lifuoklis yra <b class=\"\">universalus elektrinis \u012frankis<\/b>, galintis atlikti \u012fvairius projektus, tokius kaip \u0161lifavimas, pjovimas, poliravimas ir kt. Jo <b class=\"\">galingas ir patvarus be\u0161epet\u0117linis variklis<\/b> u\u017etikrina didel\u0119 gali\u0105 ir maksimal\u0173 19500 aps.\/min. greit\u012f. Nesvarbu, ar esate profesionalas, ar \u201epasidaryk pats\u201c entuziastas, \u0161is kampinis \u0161lifuoklis yra auk\u0161tos kokyb\u0117s elektrinis \u012frankis j\u016bs\u0173 pjovimo ir \u0161lifavimo darbams.<\/p>\n<h2 class=\"\">Puikus Baterijos Na\u0161umas<\/h2>\n<p>M\u016bs\u0173 mini kampinis \u0161lifuoklis komplektuojamas su <b class=\"\">dviem galingomis 12V 2000mAh li\u010dio baterijomis<\/b>, kurias galima keisti, u\u017etikrinant ilgesn\u012f veikimo laik\u0105 ir didesn\u012f manevringum\u0105.<\/p>\n<h2 class=\"\">Efektyvus ir Patogus Akumuliatorinis Kampinis \u0160lifuoklis<\/h2>\n<p>M\u016bs\u0173 akumuliatorinis kampinis \u0161lifuoklis turi <b class=\"\">saug\u0173 ir patog\u0173 suklio u\u017erakt\u0105<\/b>, kuris palengvina \u0161lifavimo galvut\u0117s ar disko keitim\u0105. \u0160i konstrukcija apsaugo nuo atsitiktinio spalvos pasikeitimo ir suma\u017eina vibracij\u0105 bei triuk\u0161m\u0105. <b class=\"\">Ergonomi\u0161kai suprojektuota rankena<\/b> leid\u017eia valdyti viena ranka, o patogus \u0161oninis jungiklis u\u017etikrina lengv\u0105 valdym\u0105 ir maksimal\u0173 produktyvum\u0105.<\/p>\n<h2 class=\"\">\u012e Saugum\u0105 Orientuotas Mini Akumuliatorinis Kampinis \u0160lifuoklis<\/h2>\n<p>M\u016bs\u0173 akumuliatorinis kampinis \u0161lifuoklis pasi\u017eymi <b class=\"\">sustorintu nukreipimo dizainu<\/b>, kuris suma\u017eina ruo\u0161inio liku\u010di\u0173 pursl\u0173 patekim\u0105 ant ma\u0161inos, u\u017etikrina saugesn\u012f veikim\u0105 ir efektyviai prailgina ma\u0161inos tarnavimo laik\u0105. Korpusas turi ventiliacijos angas, u\u017etikrinan\u010dias <b class=\"\">ger\u0105 \u0161ilumos i\u0161sklaidym\u0105<\/b>, kad b\u016bt\u0173 v\u0117sinamas variklio mechanizmas ir i\u0161vengta perkaitimo.<\/p>\n<h2 class=\"\">Viskas, Ko Reikia<\/h2>\n<p>M\u016bs\u0173 rinkin\u012f sudaro: 1 x mini akumuliatorinis kampinis \u0161lifuoklis, 2 x 2000 mAh baterijos, 1 x \u012fkroviklis, 4 x nailoniniai pjovimo diskai, 1 x \u0161lifavimo diskas, 2 x metalo pjovimo diskai, 1 x pora pir\u0161tini\u0173, 1 x ver\u017eliaraktis, 1 x vartotojo vadovas, 1 x plastikinis d\u0117klas. \u0160is <b>gausus pried\u0173 rinkinys<\/b> suteikia jums visk\u0105, ko reikia \u0161lifavimo ir pjovimo darbams, patogioje d\u0117\u017e\u0117je.<\/p>","protected":false},"excerpt":{"rendered":"<p>Universalus Naudojimas Mini kampinis \u0161lifuoklis yra universalus elektrinis \u012frankis, galintis atlikti \u012fvairius projektus, tokius kaip \u0161lifavimas, pjovimas, poliravimas ir kt. Jo galingas ir patvarus be\u0161epet\u0117linis variklis u\u017etikrina didel\u0119 gali\u0105 ir maksimal\u0173 19500 aps.\/min. greit\u012f. Nesvarbu, ar esate profesionalas, ar \u201epasidaryk pats\u201c entuziastas, \u0161is kampinis \u0161lifuoklis yra auk\u0161tos kokyb\u0117s elektrinis \u012frankis j\u016bs\u0173 pjovimo ir \u0161lifavimo darbams. [&hellip;]<\/p>\n","protected":false},"featured_media":1787,"comment_status":"open","ping_status":"closed","template":"","meta":{"_acf_changed":false,"inline_featured_image":false},"product_brand":[],"product_cat":[79],"product_tag":[],"class_list":{"0":"post-1215","1":"product","2":"type-product","3":"status-publish","4":"has-post-thumbnail","6":"product_cat-irankiai","8":"first","9":"instock","10":"taxable","11":"shipping-taxable","12":"purchasable","13":"product-type-simple"},"acf":[],"_links":{"self":[{"href":"https:\/\/bmdprekyba.lt\/en\/wp-json\/wp\/v2\/product\/1215","targetHints":{"allow":["GET"]}}],"collection":[{"href":"https:\/\/bmdprekyba.lt\/en\/wp-json\/wp\/v2\/product"}],"about":[{"href":"https:\/\/bmdprekyba.lt\/en\/wp-json\/wp\/v2\/types\/product"}],"replies":[{"embeddable":true,"href":"https:\/\/bmdprekyba.lt\/en\/wp-json\/wp\/v2\/comments?post=1215"}],"wp:featuredmedia":[{"embeddable":true,"href":"https:\/\/bmdprekyba.lt\/en\/wp-json\/wp\/v2\/media\/1787"}],"wp:attachment":[{"href":"https:\/\/bmdprekyba.lt\/en\/wp-json\/wp\/v2\/media?parent=1215"}],"wp:term":[{"taxonomy":"product_brand","embeddable":true,"href":"https:\/\/bmdprekyba.lt\/en\/wp-json\/wp\/v2\/product_brand?post=1215"},{"taxonomy":"product_cat","embeddable":true,"href":"https:\/\/bmdprekyba.lt\/en\/wp-json\/wp\/v2\/product_cat?post=1215"},{"taxonomy":"product_tag","embeddable":true,"href":"https:\/\/bmdprekyba.lt\/en\/wp-json\/wp\/v2\/product_tag?post=1215"}],"curies":[{"name":"wp","href":"https:\/\/api.w.org\/{rel}","templated":true}]}}