{"id":1214,"date":"2025-04-09T00:00:00","date_gmt":"2025-04-09T00:00:00","guid":{"rendered":"https:\/\/bmdprekyba.lt\/?post_type=product&#038;p=1214"},"modified":"2026-01-09T12:01:23","modified_gmt":"2026-01-09T12:01:23","slug":"lazerinis-gulsciukas-su-trikoju-vertikali-ir-horizontali-linija-360-laipsniu-besisukantis-nesiojimo-krepsys-baterija-zalios-spalvos-su-trikoju","status":"publish","type":"product","link":"https:\/\/bmdprekyba.lt\/en\/product\/lazerinis-gulsciukas-su-trikoju-vertikali-ir-horizontali-linija-360-laipsniu-besisukantis-nesiojimo-krepsys-baterija-zalios-spalvos-su-trikoju\/","title":{"rendered":"Lazerinis guls\u010diukas su trikoju,  vertikali ir horizontali linija, 360 laipsni\u0173 besisukantis, ne\u0161iojimo krep\u0161ys, baterija (\u017ealios spalvos su trikoju)"},"content":{"rendered":"<h2><b>Savaiminio Niveliavimo ir Rankinis Re\u017eimas<\/b><\/h2>\n<p>Kry\u017emini\u0173 linij\u0173 lazeris su slankiojan\u010diu jungikliu leid\u017eia nustatyti du re\u017eimus. Dirbant <b>savaiminio niveliavimo re\u017eimu<\/b>, niveliavimo ir kompensavimo diapazonas yra 4\u00b0\u00b11\u00b0, leid\u017eiantis savaime i\u0161silyginti pakreipus ma\u017eiau nei 4 laipsniais. <b>Rankiniu re\u017eimu<\/b> savaiminio niveliavimo funkcija i\u0161jungiama, o kry\u017eius u\u017esifiksuoja, kad prietais\u0105 b\u016bt\u0173 galima naudoti bet kokiu kampu.<\/p>\n<h2><b>Tiksliau ir Papras\u010diau Naudoti<\/b><\/h2>\n<p>Patobulinta raudona lazerio spindulio versija leid\u017eia lengvai reguliuoti kry\u017emini\u0173 linij\u0173 lazer\u012f, kuris yra <b>tiksliau ir stabiliau<\/b> veikiantis nei kiti \u012fprasti prietaisai. Be to, jis pasi\u017eymi didesniu ry\u0161kumu ir ma\u017eesniu energijos suvartojimu.<\/p>\n<h2><b>Atsparus Sm\u016bgiams Lazerinis Nivelyras ir Darbas Laisvomis Rankomis<\/b><\/h2>\n<p><b>IP54 apsaugos klas\u0117<\/b> (atsparus purslams ir dulk\u0117ms) bei sm\u016bgiams atsparus korpusas u\u017etikrina <b>1 m atsparum\u0105 sm\u016bgiams<\/b>, idealiai tinka darbui statybviet\u0117se. Prietais\u0105 taip pat galima pritvirtinti magnetiniu pasukamu laikikliu (nepridedamas) arba naudojant srieg\u012f tvirtinimui ant 1\/4 colio trikojo (nepridedamas). Suteikia galimyb\u0119 dirbti laisvomis rankomis.<\/p>\n<h2><b>Puikus Matomumas ir Precizinis Linijinis Lazeris<\/b><\/h2>\n<p>Galingas kry\u017emini\u0173 linij\u0173 lazeris \u2013 lazerio linijos yra <b>ai\u0161kios ir ry\u0161kios<\/b>, lengvai projektuojan\u010dios ry\u0161kiai raudon\u0105 kry\u017emin\u0119 linij\u0105 pla\u010diu 110\u00b0 kampu, kad pad\u0117t\u0173 jums atliekant niveliavimo darbus. Horizontalios linijos tikslumas: \u00b12,5 mm. Vertikalios linijos tikslumas: \u00b12,5 mm. Savaiminio niveliavimo nuokrypis: 110 laipsni\u0173.<\/p>","protected":false},"excerpt":{"rendered":"<p>Savaiminio Niveliavimo ir Rankinis Re\u017eimas Kry\u017emini\u0173 linij\u0173 lazeris su slankiojan\u010diu jungikliu leid\u017eia nustatyti du re\u017eimus. Dirbant savaiminio niveliavimo re\u017eimu, niveliavimo ir kompensavimo diapazonas yra 4\u00b0\u00b11\u00b0, leid\u017eiantis savaime i\u0161silyginti pakreipus ma\u017eiau nei 4 laipsniais. Rankiniu re\u017eimu savaiminio niveliavimo funkcija i\u0161jungiama, o kry\u017eius u\u017esifiksuoja, kad prietais\u0105 b\u016bt\u0173 galima naudoti bet kokiu kampu. Tiksliau ir Papras\u010diau Naudoti Patobulinta [&hellip;]<\/p>\n","protected":false},"featured_media":1672,"comment_status":"open","ping_status":"closed","template":"","meta":{"_acf_changed":false,"inline_featured_image":false},"product_brand":[],"product_cat":[79],"product_tag":[],"class_list":{"0":"post-1214","1":"product","2":"type-product","3":"status-publish","4":"has-post-thumbnail","6":"product_cat-irankiai","8":"first","9":"instock","10":"taxable","11":"shipping-taxable","12":"purchasable","13":"product-type-simple"},"acf":[],"_links":{"self":[{"href":"https:\/\/bmdprekyba.lt\/en\/wp-json\/wp\/v2\/product\/1214","targetHints":{"allow":["GET"]}}],"collection":[{"href":"https:\/\/bmdprekyba.lt\/en\/wp-json\/wp\/v2\/product"}],"about":[{"href":"https:\/\/bmdprekyba.lt\/en\/wp-json\/wp\/v2\/types\/product"}],"replies":[{"embeddable":true,"href":"https:\/\/bmdprekyba.lt\/en\/wp-json\/wp\/v2\/comments?post=1214"}],"wp:featuredmedia":[{"embeddable":true,"href":"https:\/\/bmdprekyba.lt\/en\/wp-json\/wp\/v2\/media\/1672"}],"wp:attachment":[{"href":"https:\/\/bmdprekyba.lt\/en\/wp-json\/wp\/v2\/media?parent=1214"}],"wp:term":[{"taxonomy":"product_brand","embeddable":true,"href":"https:\/\/bmdprekyba.lt\/en\/wp-json\/wp\/v2\/product_brand?post=1214"},{"taxonomy":"product_cat","embeddable":true,"href":"https:\/\/bmdprekyba.lt\/en\/wp-json\/wp\/v2\/product_cat?post=1214"},{"taxonomy":"product_tag","embeddable":true,"href":"https:\/\/bmdprekyba.lt\/en\/wp-json\/wp\/v2\/product_tag?post=1214"}],"curies":[{"name":"wp","href":"https:\/\/api.w.org\/{rel}","templated":true}]}}