{"id":1213,"date":"2025-04-09T00:00:00","date_gmt":"2025-04-09T00:00:00","guid":{"rendered":"https:\/\/bmdprekyba.lt\/?post_type=product&#038;p=1213"},"modified":"2026-01-09T12:01:22","modified_gmt":"2026-01-09T12:01:22","slug":"vienguba-indukcine-kaitlente-iseasy-2100w-28cm-kaitlente-nesiojama-su-uzraktu-nuo-vaiku-9-sildymo-nustatymai-8-valandu-laikmatis-maks-min-funkcija-juoda","status":"publish","type":"product","link":"https:\/\/bmdprekyba.lt\/en\/product\/vienguba-indukcine-kaitlente-iseasy-2100w-28cm-kaitlente-nesiojama-su-uzraktu-nuo-vaiku-9-sildymo-nustatymai-8-valandu-laikmatis-maks-min-funkcija-juoda\/","title":{"rendered":"Ne\u0161iojama indukcin\u0117 kaitlent\u0117 IsEasy"},"content":{"rendered":"<ul class=\"a-unordered-list a-vertical a-spacing-mini\">\n<li class=\"a-spacing-mini\">Moderni ir kompakti\u0161ka <strong data-start=\"205\" data-end=\"235\" data-is-only-node=\"\">IsEasy indukcin\u0117 kaitlent\u0117<\/strong>, sukurta patogiam kasdieniam maisto gaminimui.<\/li>\n<li class=\"a-spacing-mini\"><strong data-start=\"283\" data-end=\"305\">9 kaitinimo lygiai<\/strong>, <strong data-start=\"307\" data-end=\"346\">greito kaitinimo (booster) funkcija<\/strong>, <strong data-start=\"348\" data-end=\"368\">8 val.<\/strong><\/li>\n<li class=\"a-spacing-mini\"><strong data-start=\"348\" data-end=\"368\"> laikmatis<\/strong> ir <strong data-start=\"372\" data-end=\"390\">vaik\u0173 u\u017eraktas<\/strong> u\u017etikrina saugum\u0105 bei patogum\u0105.<br data-start=\"422\" data-end=\"425\" \/>Suderinama su <strong data-start=\"439\" data-end=\"473\">magnetiniais indais (12\u201326 cm)<\/strong>, turi <strong data-start=\"480\" data-end=\"506\">apsaug\u0105 nuo perkaitimo<\/strong> ir lengvai valom\u0105 <strong data-start=\"525\" data-end=\"553\">gr\u016bdinto stiklo pavir\u0161i\u0173<\/strong>.<\/li>\n<li class=\"a-spacing-mini\">Puikus pasirinkimas namams ar kelion\u0117ms.<\/li>\n<\/ul>","protected":false},"excerpt":{"rendered":"<p>Moderni ir kompakti\u0161ka IsEasy indukcin\u0117 kaitlent\u0117, sukurta patogiam kasdieniam maisto gaminimui. 9 kaitinimo lygiai, greito kaitinimo (booster) funkcija, 8 val. laikmatis ir vaik\u0173 u\u017eraktas u\u017etikrina saugum\u0105 bei patogum\u0105.Suderinama su magnetiniais indais (12\u201326 cm), turi apsaug\u0105 nuo perkaitimo ir lengvai valom\u0105 gr\u016bdinto stiklo pavir\u0161i\u0173. Puikus pasirinkimas namams ar kelion\u0117ms.<\/p>","protected":false},"featured_media":1676,"comment_status":"open","ping_status":"closed","template":"","meta":{"_acf_changed":false,"inline_featured_image":false},"product_brand":[],"product_cat":[74],"product_tag":[],"class_list":{"0":"post-1213","1":"product","2":"type-product","3":"status-publish","4":"has-post-thumbnail","6":"product_cat-namu-interjeras","8":"first","9":"instock","10":"taxable","11":"shipping-taxable","12":"purchasable","13":"product-type-simple"},"acf":[],"_links":{"self":[{"href":"https:\/\/bmdprekyba.lt\/en\/wp-json\/wp\/v2\/product\/1213","targetHints":{"allow":["GET"]}}],"collection":[{"href":"https:\/\/bmdprekyba.lt\/en\/wp-json\/wp\/v2\/product"}],"about":[{"href":"https:\/\/bmdprekyba.lt\/en\/wp-json\/wp\/v2\/types\/product"}],"replies":[{"embeddable":true,"href":"https:\/\/bmdprekyba.lt\/en\/wp-json\/wp\/v2\/comments?post=1213"}],"wp:featuredmedia":[{"embeddable":true,"href":"https:\/\/bmdprekyba.lt\/en\/wp-json\/wp\/v2\/media\/1676"}],"wp:attachment":[{"href":"https:\/\/bmdprekyba.lt\/en\/wp-json\/wp\/v2\/media?parent=1213"}],"wp:term":[{"taxonomy":"product_brand","embeddable":true,"href":"https:\/\/bmdprekyba.lt\/en\/wp-json\/wp\/v2\/product_brand?post=1213"},{"taxonomy":"product_cat","embeddable":true,"href":"https:\/\/bmdprekyba.lt\/en\/wp-json\/wp\/v2\/product_cat?post=1213"},{"taxonomy":"product_tag","embeddable":true,"href":"https:\/\/bmdprekyba.lt\/en\/wp-json\/wp\/v2\/product_tag?post=1213"}],"curies":[{"name":"wp","href":"https:\/\/api.w.org\/{rel}","templated":true}]}}