{"id":1211,"date":"2025-04-09T00:00:00","date_gmt":"2025-04-09T00:00:00","guid":{"rendered":"https:\/\/bmdprekyba.lt\/?post_type=product&#038;p=1211"},"modified":"2026-01-09T12:01:23","modified_gmt":"2026-01-09T12:01:23","slug":"krastu-nustatymo-irankis-reples-2-viename-nauduoti","status":"publish","type":"product","link":"https:\/\/bmdprekyba.lt\/en\/product\/krastu-nustatymo-irankis-reples-2-viename-nauduoti\/","title":{"rendered":"Kra\u0161t\u0173 nustatymo \u012frankis &#8211; repl\u0117s 2 viename &#8211; nauduoti"},"content":{"rendered":"<div id=\"chat-history\" class=\"chat-history-scroll-container\">\n<div id=\"1c728d9c07b80db3\" class=\"conversation-container message-actions-hover-boundary ng-star-inserted\">\n<div>\n<div class=\"response-container ng-tns-c4102658575-76 response-container-with-gpi ng-star-inserted\">\n<div class=\"presented-response-container ng-tns-c4102658575-76\">\n<div class=\"response-container-content ng-tns-c4102658575-76\">\n<div class=\"response-content ng-tns-c4102658575-76\">\n<div id=\"model-response-message-contentr_1c728d9c07b80db3\" class=\"markdown markdown-main-panel animate enable-updated-hr-color\" dir=\"ltr\">\n<h2 class=\"\">Dvigubos Paskirties \u012erankis<\/h2>\n<p>\u0160is kra\u0161t\u0173 formavimo ir remonto \u012frankis veikia ir kaip <b class=\"\">kra\u0161t\u0173 formavimo \u012frankis<\/b>, ir kaip <b class=\"\">skyli\u0173 pramu\u0161imo \u012frankis<\/b>, suteikdamas klientams universalias funkcijas viename \u012frankyje. Nereikia pirkti keli\u0173 \u012franki\u0173, jei \u0161is gali atlikti visk\u0105.<\/p>\n<h2 class=\"\">Auk\u0161tos Kokyb\u0117s Konstrukcija<\/h2>\n<p>Pagamintas i\u0161 <b class=\"\">chromo vanad\u017eio lydinio plieno<\/b>, \u0161is \u012frankis yra lietas, kad u\u017etikrint\u0173 didel\u012f kietum\u0105 ir ger\u0105 standum\u0105. Tai rei\u0161kia, kad jis yra <b class=\"\">patvarus<\/b> ir skirtas atlaikyti intensyv\u0173 naudojim\u0105 greitai nesusid\u0117v\u0117damas.<\/p>\n<h2 class=\"\">Patogi Rankena<\/h2>\n<p>Neslystanti rankena yra <b class=\"\">padengta guma<\/b> ir suteikia patog\u0173 su\u0117mim\u0105, kuris yra tiek patrauklus, tiek patvarus. Tai leid\u017eia ilgiau naudotis be diskomforto ar rankos \u012ftempimo, o tai pagerina bendr\u0105 naudotojo patirt\u012f.<\/p>\n<h2 class=\"\">Lankstus Valdymas<\/h2>\n<p>Naudodami <b class=\"\">sukam\u0105j\u012f jungikl\u012f<\/b>, naudotojai visi\u0161kai valdo \u012frankio nustatymus ir gali juos pritaikyti pagal savo specifinius poreikius. Tai u\u017etikrina tiksl\u0173 ir kruop\u0161t\u0173 kra\u0161t\u0173 reguliavim\u0105 ir pramu\u0161im\u0105, leid\u017eiant\u012f pasiekti profesionalaus lygio rezultatus.<\/p>\n<h2>Platus Pritaikymas<\/h2>\n<p>\u0160is \u012frankis tinka kra\u0161t\u0173 formavimui ir skyli\u0173 pramu\u0161imui \u012fvairioms med\u017eiagoms, \u012fskaitant <b>aliumin\u012f, gele\u017eies lak\u0161tus, titan\u0105 ir ner\u016bdijant\u012f plien\u0105<\/b>. \u0160is universalumas daro j\u012f vertingu priedu bet kuriai dirbtuvei ar gara\u017eui, apiman\u010diu plat\u0173 reikalavim\u0173 spektr\u0105.<\/p>\n<\/div>\n<\/div>\n<\/div>\n<\/div>\n<\/div>\n<\/div>\n<\/div>\n<\/div>\n<div class=\"input-area-container ng-tns-c3337620255-2 ng-trigger ng-trigger-inputAreaAnimation ng-star-inserted\">\n<div class=\"input-area ng-tns-c1751012583-4 with-toolbox-drawer\" data-node-type=\"input-area\">\n<div class=\"text-input-field ng-tns-c1751012583-4 with-toolbox-drawer height-expanded-past-single-line\">\n<div class=\"text-input-field_textarea-wrapper ng-tns-c1751012583-4\">\n<div class=\"text-input-field-main-area ng-tns-c1751012583-4\">\n<div class=\"text-input-field_textarea-inner ng-tns-c1751012583-4\">\n<div class=\"ql-editor textarea new-input-ui ql-blank\" role=\"textbox\" contenteditable=\"true\" data-gramm=\"false\" aria-multiline=\"true\" aria-label=\"\u0412\u0432\u0435\u0434\u0438\u0442\u0435 \u0437\u0430\u043f\u0440\u043e\u0441\" data-placeholder=\"\u0421\u043f\u0440\u043e\u0441\u0438\u0442\u044c Gemini\"><\/div>\n<\/div>\n<\/div>\n<\/div>\n<\/div>\n<\/div>\n<\/div>","protected":false},"excerpt":{"rendered":"<p>Dvigubos Paskirties \u012erankis \u0160is kra\u0161t\u0173 formavimo ir remonto \u012frankis veikia ir kaip kra\u0161t\u0173 formavimo \u012frankis, ir kaip skyli\u0173 pramu\u0161imo \u012frankis, suteikdamas klientams universalias funkcijas viename \u012frankyje. Nereikia pirkti keli\u0173 \u012franki\u0173, jei \u0161is gali atlikti visk\u0105. Auk\u0161tos Kokyb\u0117s Konstrukcija Pagamintas i\u0161 chromo vanad\u017eio lydinio plieno, \u0161is \u012frankis yra lietas, kad u\u017etikrint\u0173 didel\u012f kietum\u0105 ir ger\u0105 standum\u0105. [&hellip;]<\/p>\n","protected":false},"featured_media":1681,"comment_status":"open","ping_status":"closed","template":"","meta":{"_acf_changed":false,"inline_featured_image":false},"product_brand":[],"product_cat":[79],"product_tag":[],"class_list":{"0":"post-1211","1":"product","2":"type-product","3":"status-publish","4":"has-post-thumbnail","6":"product_cat-irankiai","8":"first","9":"outofstock","10":"taxable","11":"shipping-taxable","12":"purchasable","13":"product-type-simple"},"acf":[],"_links":{"self":[{"href":"https:\/\/bmdprekyba.lt\/en\/wp-json\/wp\/v2\/product\/1211","targetHints":{"allow":["GET"]}}],"collection":[{"href":"https:\/\/bmdprekyba.lt\/en\/wp-json\/wp\/v2\/product"}],"about":[{"href":"https:\/\/bmdprekyba.lt\/en\/wp-json\/wp\/v2\/types\/product"}],"replies":[{"embeddable":true,"href":"https:\/\/bmdprekyba.lt\/en\/wp-json\/wp\/v2\/comments?post=1211"}],"wp:featuredmedia":[{"embeddable":true,"href":"https:\/\/bmdprekyba.lt\/en\/wp-json\/wp\/v2\/media\/1681"}],"wp:attachment":[{"href":"https:\/\/bmdprekyba.lt\/en\/wp-json\/wp\/v2\/media?parent=1211"}],"wp:term":[{"taxonomy":"product_brand","embeddable":true,"href":"https:\/\/bmdprekyba.lt\/en\/wp-json\/wp\/v2\/product_brand?post=1211"},{"taxonomy":"product_cat","embeddable":true,"href":"https:\/\/bmdprekyba.lt\/en\/wp-json\/wp\/v2\/product_cat?post=1211"},{"taxonomy":"product_tag","embeddable":true,"href":"https:\/\/bmdprekyba.lt\/en\/wp-json\/wp\/v2\/product_tag?post=1211"}],"curies":[{"name":"wp","href":"https:\/\/api.w.org\/{rel}","templated":true}]}}