{"id":1210,"date":"2025-04-09T00:00:00","date_gmt":"2025-04-09T00:00:00","guid":{"rendered":"https:\/\/bmdprekyba.lt\/?post_type=product&#038;p=1210"},"modified":"2026-01-09T12:01:22","modified_gmt":"2026-01-09T12:01:22","slug":"nesiojamas-projektorius-ksbaby-led-suderinamas-su-hdmi-usb-nesiojamuoju-kompiuteriu-tv-stick-ios-ir-android-telefonais","status":"publish","type":"product","link":"https:\/\/bmdprekyba.lt\/en\/product\/nesiojamas-projektorius-ksbaby-led-suderinamas-su-hdmi-usb-nesiojamuoju-kompiuteriu-tv-stick-ios-ir-android-telefonais\/","title":{"rendered":"Ksbaby ne\u0161iojamas projektorius"},"content":{"rendered":"<h2>\u0160viesiai Ro\u017einis, Ekonomi\u0161kas<\/h2>\n<p>Ne\u017einote, koki\u0105 dovan\u0105 \u012fteikti savo draugei, \u017emonai ar vaikui? \u0160is mini projektorius yra puikus pasirinkimas. D\u0117l supaprastinto dizaino ir nuostabios spalvos mes tiesiog negalime sulaukti, kada j\u012f tur\u0117sime!<\/p>\n<h2>Laidinis Ekrano Atspind\u0117jimas<\/h2>\n<p>Ekrano atspind\u0117jim\u0105 \u012f projektori\u0173 lengva atlikti, tiesiog prijungus savo i\u0161man\u0173j\u012f telefon\u0105 ar plan\u0161et\u0119 prie mini projektoriaus duomen\u0173 kabeliu. (Pra\u0161ome naudoti oficial\u0173 duomen\u0173 kabel\u012f, skirt\u0105 j\u016bs\u0173 \u201eiOS\u201c ar \u201eAndroid\u201c \u012frenginiui, norint prisijungti prie projektoriaus. Jei susidursite su laidinio atspind\u0117jimo problemomis, ypa\u010d su \u201eAndroid\u201c ir negal\u0117site atsisi\u0173sti program\u0117l\u0117s, nauj\u0105 program\u0117l\u0117s versij\u0105 galite gauti i\u0161 m\u016bs\u0173.)<\/p>\n<h2>Keliaujantis Nam\u0173 Kinas<\/h2>\n<p>Mielas dydis, lengvas ir lengvai ne\u0161iojamas! Puiki vaizdo kokyb\u0117 su dideliu ry\u0161kumu ir rai\u0161ka \u2013 lauko ne\u0161iojamasis projektorius film\u0173 vakarams! Nesvarbu, kur eisite, galite lengvai \u017ei\u016br\u0117ti filmus ar \u017eaisti vaizdo \u017eaidimus.<\/p>\n<h2>Naujai Patobulintas<\/h2>\n<p>\u201eksbaby\u201c naujausias 2025 m. tyrim\u0173 ir pl\u0117tros pristatymas u\u017etikrina ai\u0161kius vaizdus, kurie yra <b>60 % ry\u0161kesni<\/b> nei kit\u0173 projektori\u0173 su tais pa\u010diais parametrais rinkoje. Naudojant naujausi\u0105 ekrano technologij\u0105, jis ne tik suteikia itin tikrovi\u0161kus vaizdus filmams ir nuotraukoms, bet ir skleid\u017eia \u0161velni\u0105 \u0161vies\u0105, apsaugan\u010di\u0105 akis nuo nuovargio.<\/p>\n<h2>\u201eBluetooth 5.4\u201c Garso technologija<\/h2>\n<p>Su \u012fmontuotu <b>stereo garsiakalbiu<\/b> galite m\u0117gautis kino garso ir vaizdo patirtimi neprijungdami i\u0161orini\u0173 garsiakalbi\u0173. Be to, \u0161iame mini projektoriuje integruota <b>\u201eBluetooth 5.4\u201c technologija<\/b>, kad garso sinchronizavimas b\u016bt\u0173 greitesnis ir stabilesnis. Su \u0161iuo \u201eBluetooth\u201c projektoriumi galite bet kada belaid\u017eiu ry\u0161iu prijungti savo idealias \u201eBluetooth\u201c kolon\u0117les ar ausines, kad gautum\u0117te nuostabesn\u012f gars\u0105. Atkreipkite d\u0117mes\u012f: \u201eBluetooth\u201c ry\u0161ys skirtas tik garso perdavimui su garso \u012frenginiais (pvz., \u201eBluetooth\u201c garsiakalbiais ar ausin\u0117mis), jo negalima naudoti i\u0161maniojo telefono ekrano atspind\u0117jimui.<\/p>\n<h2>Kelios S\u0105sajos<\/h2>\n<p>\u012erengtas <b>HDMI, USB ir kitos s\u0105sajos<\/b>, puikiai suderinamas su i\u0161maniaisiais telefonais, \u201eiPad\u201c, ne\u0161iojamaisiais kompiuteriais, televizoriaus pried\u0117liais, DVD grotuvais, PS4, USB laikmenomis ir kt., tinka nam\u0173 kinui, vaizdo \u017eaidimams, vakar\u0117liams ir lauko pramogoms.<\/p>","protected":false},"excerpt":{"rendered":"<p>\u0160viesiai Ro\u017einis, Ekonomi\u0161kas Ne\u017einote, koki\u0105 dovan\u0105 \u012fteikti savo draugei, \u017emonai ar vaikui? \u0160is mini projektorius yra puikus pasirinkimas. D\u0117l supaprastinto dizaino ir nuostabios spalvos mes tiesiog negalime sulaukti, kada j\u012f tur\u0117sime! Laidinis Ekrano Atspind\u0117jimas Ekrano atspind\u0117jim\u0105 \u012f projektori\u0173 lengva atlikti, tiesiog prijungus savo i\u0161man\u0173j\u012f telefon\u0105 ar plan\u0161et\u0119 prie mini projektoriaus duomen\u0173 kabeliu. (Pra\u0161ome naudoti oficial\u0173 [&hellip;]<\/p>\n","protected":false},"featured_media":1686,"comment_status":"open","ping_status":"closed","template":"","meta":{"_acf_changed":false,"inline_featured_image":false},"product_brand":[],"product_cat":[44],"product_tag":[],"class_list":{"0":"post-1210","1":"product","2":"type-product","3":"status-publish","4":"has-post-thumbnail","6":"product_cat-elektronika","8":"first","9":"instock","10":"taxable","11":"shipping-taxable","12":"purchasable","13":"product-type-simple"},"acf":[],"_links":{"self":[{"href":"https:\/\/bmdprekyba.lt\/en\/wp-json\/wp\/v2\/product\/1210","targetHints":{"allow":["GET"]}}],"collection":[{"href":"https:\/\/bmdprekyba.lt\/en\/wp-json\/wp\/v2\/product"}],"about":[{"href":"https:\/\/bmdprekyba.lt\/en\/wp-json\/wp\/v2\/types\/product"}],"replies":[{"embeddable":true,"href":"https:\/\/bmdprekyba.lt\/en\/wp-json\/wp\/v2\/comments?post=1210"}],"wp:featuredmedia":[{"embeddable":true,"href":"https:\/\/bmdprekyba.lt\/en\/wp-json\/wp\/v2\/media\/1686"}],"wp:attachment":[{"href":"https:\/\/bmdprekyba.lt\/en\/wp-json\/wp\/v2\/media?parent=1210"}],"wp:term":[{"taxonomy":"product_brand","embeddable":true,"href":"https:\/\/bmdprekyba.lt\/en\/wp-json\/wp\/v2\/product_brand?post=1210"},{"taxonomy":"product_cat","embeddable":true,"href":"https:\/\/bmdprekyba.lt\/en\/wp-json\/wp\/v2\/product_cat?post=1210"},{"taxonomy":"product_tag","embeddable":true,"href":"https:\/\/bmdprekyba.lt\/en\/wp-json\/wp\/v2\/product_tag?post=1210"}],"curies":[{"name":"wp","href":"https:\/\/api.w.org\/{rel}","templated":true}]}}