{"id":1209,"date":"2025-04-09T00:00:00","date_gmt":"2025-04-09T00:00:00","guid":{"rendered":"https:\/\/bmdprekyba.lt\/?post_type=product&#038;p=1209"},"modified":"2026-01-09T12:01:23","modified_gmt":"2026-01-09T12:01:23","slug":"yme-ikraunamos-arbatos-lemputes-su-laikmacio-funkcija-ir-ikrovimo-stotele-12-led-arbatos-zibintu-nuotolinio-valdymo-pulteliu","status":"publish","type":"product","link":"https:\/\/bmdprekyba.lt\/en\/product\/yme-ikraunamos-arbatos-lemputes-su-laikmacio-funkcija-ir-ikrovimo-stotele-12-led-arbatos-zibintu-nuotolinio-valdymo-pulteliu\/","title":{"rendered":"Yme \u012fkraunamos arbatos lemput\u0117s su laikma\u010dio funkcija ir \u012fkrovimo stotele, 12 LED arbatos \u017eibint\u0173, nuotolinio valdymo pulteliu"},"content":{"rendered":"<h2>Nebereik\u0117s ie\u0161koti Baterij\u0173<\/h2>\n<p>Tiesiog \u012fkraukite \u201eYme\u201c \u012fkraunamas bed\u016bmes \u017evakes ma\u017edaug 2 valandas ir m\u0117gaukit\u0117s daugiau nei <b>42 valandas<\/b> trunkan\u010dia \u0161ilta \u017evaki\u0173 \u0161viesa! Atsisveikinkite su vienkartin\u0117mis arbatin\u0117mis \u017evak\u0117mis.<\/p>\n<h2>Nuotoliniu B\u016bdu Valdomos Arbatos \u017dvak\u0117s<\/h2>\n<p>M\u0117gaukit\u0117s patogumu, kur\u012f suteikia mirksin\u010dios bed\u016bm\u0117s \u017evak\u0117s su <b>nuotolinio valdymo pulteliu ir laikma\u010diu<\/b>. Galite \u012fjungti ir i\u0161jungti arbatines \u017evakes 16 p\u0117d\u0173 atstumu, nustatyti mirks\u0117jimo re\u017eim\u0105, naudoti 4 laikma\u010dio funkcijas ir reguliuoti ry\u0161kum\u0105.<\/p>\n<h2>Arbatos \u017dvak\u0117s su Laikma\u010dio Funkcija<\/h2>\n<p>Keturios skirtingos nustatym\u0173 galimyb\u0117s: <b>2, 4, 6 ir 8 valandos<\/b>, kurias galite patogiai valdyti nuotolinio valdymo pulteliu. Nusta\u010dius laikma\u010dio funkcij\u0105, jos \u012fsijungs tuo pa\u010diu metu kit\u0105 dien\u0105 su tuo pa\u010diu programavimu.<\/p>\n<h2>Komplekte \u2013 \u012ekroviklio Laikymo Pagrindas<\/h2>\n<p>Nebereik\u0117s m\u0117tyti pasimetusi\u0173 bed\u016bmi\u0173 arbatini\u0173 \u017evaki\u0173 \u012f stal\u010di\u0173 \u2013 viskas bus <b>tvarkingai sud\u0117ta<\/b>.<\/p>\n<h2>Mirksin\u010dios Bed\u016bm\u0117s \u017dvak\u0117s<\/h2>\n<p>Kurkite rami\u0105 ir atpalaiduojan\u010di\u0105 atmosfer\u0105, kol realisti\u0161kos liepsnos \u0161velniai mirksi. \u201eYme\u201c LED \u017evak\u0117s su laikma\u010dio funkcija puikiai tinka kasdieniam naudojimui ir \u0161vent\u0117ms. Naudokite jas papuo\u0161ti savo valgomojo stal\u0105, \u017eidin\u012f, stalvir\u0161ius, moli\u016bgus, \u017eibintus ar vestuvi\u0173 dekoracijas ir t.t.<\/p>","protected":false},"excerpt":{"rendered":"<p>Nebereik\u0117s ie\u0161koti Baterij\u0173 Tiesiog \u012fkraukite \u201eYme\u201c \u012fkraunamas bed\u016bmes \u017evakes ma\u017edaug 2 valandas ir m\u0117gaukit\u0117s daugiau nei 42 valandas trunkan\u010dia \u0161ilta \u017evaki\u0173 \u0161viesa! Atsisveikinkite su vienkartin\u0117mis arbatin\u0117mis \u017evak\u0117mis. Nuotoliniu B\u016bdu Valdomos Arbatos \u017dvak\u0117s M\u0117gaukit\u0117s patogumu, kur\u012f suteikia mirksin\u010dios bed\u016bm\u0117s \u017evak\u0117s su nuotolinio valdymo pulteliu ir laikma\u010diu. Galite \u012fjungti ir i\u0161jungti arbatines \u017evakes 16 p\u0117d\u0173 atstumu, nustatyti [&hellip;]<\/p>\n","protected":false},"featured_media":1690,"comment_status":"open","ping_status":"closed","template":"","meta":{"_acf_changed":false,"inline_featured_image":false},"product_brand":[],"product_cat":[50],"product_tag":[],"class_list":{"0":"post-1209","1":"product","2":"type-product","3":"status-publish","4":"has-post-thumbnail","6":"product_cat-apsvietimas","8":"first","9":"instock","10":"taxable","11":"shipping-taxable","12":"purchasable","13":"product-type-simple"},"acf":[],"_links":{"self":[{"href":"https:\/\/bmdprekyba.lt\/en\/wp-json\/wp\/v2\/product\/1209","targetHints":{"allow":["GET"]}}],"collection":[{"href":"https:\/\/bmdprekyba.lt\/en\/wp-json\/wp\/v2\/product"}],"about":[{"href":"https:\/\/bmdprekyba.lt\/en\/wp-json\/wp\/v2\/types\/product"}],"replies":[{"embeddable":true,"href":"https:\/\/bmdprekyba.lt\/en\/wp-json\/wp\/v2\/comments?post=1209"}],"wp:featuredmedia":[{"embeddable":true,"href":"https:\/\/bmdprekyba.lt\/en\/wp-json\/wp\/v2\/media\/1690"}],"wp:attachment":[{"href":"https:\/\/bmdprekyba.lt\/en\/wp-json\/wp\/v2\/media?parent=1209"}],"wp:term":[{"taxonomy":"product_brand","embeddable":true,"href":"https:\/\/bmdprekyba.lt\/en\/wp-json\/wp\/v2\/product_brand?post=1209"},{"taxonomy":"product_cat","embeddable":true,"href":"https:\/\/bmdprekyba.lt\/en\/wp-json\/wp\/v2\/product_cat?post=1209"},{"taxonomy":"product_tag","embeddable":true,"href":"https:\/\/bmdprekyba.lt\/en\/wp-json\/wp\/v2\/product_tag?post=1209"}],"curies":[{"name":"wp","href":"https:\/\/api.w.org\/{rel}","templated":true}]}}