{"id":1208,"date":"2025-04-09T00:00:00","date_gmt":"2025-04-09T00:00:00","guid":{"rendered":"https:\/\/bmdprekyba.lt\/?post_type=product&#038;p=1208"},"modified":"2026-01-09T12:01:23","modified_gmt":"2026-01-09T12:01:23","slug":"automatine-elektrine-darzoviu-pjaustykle-250-w-nerudijancio-plieno-patobulintas-didelio-kalibro-daugiafunkcis-su-5-asmenimis-ivairioms-darzovems-su-vienu-mygtuko-valdymu","status":"publish","type":"product","link":"https:\/\/bmdprekyba.lt\/en\/product\/automatine-elektrine-darzoviu-pjaustykle-250-w-nerudijancio-plieno-patobulintas-didelio-kalibro-daugiafunkcis-su-5-asmenimis-ivairioms-darzovems-su-vienu-mygtuko-valdymu\/","title":{"rendered":"Automatin\u0117 elektrin\u0117 dar\u017eovi\u0173 pjaustykl\u0117, 250 W ner\u016bdijan\u010dio plieno, patobulintas didelio kalibro, daugiafunkcis, su 5 a\u0161menimis \u012fvairioms dar\u017eov\u0117ms su vienu mygtuko valdymu"},"content":{"rendered":"<h2>Patobulintas Modelis<\/h2>\n<p>Padidintos \u012f\u0117jimo ir i\u0161\u0117jimo angos leid\u017eia vienu metu apdoroti daugiau ar stambesni\u0173 maisto produkt\u0173, kad didelius kiekius b\u016bt\u0173 galima paskirstyti grei\u010diau ir efektyviau.<\/p>\n<h2>Puikus Pjaustymas ir Taupymas<\/h2>\n<p>Lengva naudoti vienu mygtuko paspaudimu. Galingas <b>250 W variklis<\/b> u\u017etikrina greit\u0105 ir efektyv\u0173 maisto paruo\u0161im\u0105. Jis smulkina rie\u0161utus, tarkuoja \u0161okolad\u0105 ir netgi gamina duonos bei krekeri\u0173 trupinius.<\/p>\n<h2>Daugiafunkcis Maisto Pjaustytuvas<\/h2>\n<p>Elektrinis pjaustytuvas komplektuojamas su <b>5 kei\u010diamais daugiafunkciais ner\u016bdijan\u010dio plieno k\u016bgiais<\/b>, kurie gali nedelsiant pjaustyti, smulkinti, tarkuoti ir trai\u0161kyti, kad b\u016bt\u0173 galima paruo\u0161ti \u012fprastus grie\u017ein\u0117lius, storus grie\u017ein\u0117lius, gofruotus grie\u017ein\u0117lius ir kotletus, taip pat su prakti\u0161ku piltuvo kreiptuvu.<\/p>\n<h2>Sveiki ir Maistingi U\u017ekand\u017eiai<\/h2>\n<p>Pjaustykite ar smulkinkite dar\u017eoves, vaisius ir s\u016br\u012f skanioms salotoms, sriuboms, takams, picoms, desertams ir dar daugiau. Jis taip pat yra <b>be BPA<\/b>, tod\u0117l galite b\u016bti tikri, kad gausite saug\u0173 ir auk\u0161tos kokyb\u0117s prietais\u0105.<\/p>\n<h2>Lengva Valyti<\/h2>\n<p>\u0160is galingas elektrinis pjaustytuvas yra atsparus purvui ir nuvalomas vos per kelias minutes. Pagrindin\u0117s dalys lengvai nuvalomos, visa kita galima plauti indaplov\u0117je.<\/p>\n<h2>Vietos Taupymas<\/h2>\n<p>Skirtingai nuo dideli\u0173 maisto kombain\u0173, lengvas ir kompakti\u0161kas elektrinis tarka lengvai telpa ant bet kokio virtuv\u0117s, stalo ar stalvir\u0161io.<\/p>","protected":false},"excerpt":{"rendered":"<p>Patobulintas Modelis Padidintos \u012f\u0117jimo ir i\u0161\u0117jimo angos leid\u017eia vienu metu apdoroti daugiau ar stambesni\u0173 maisto produkt\u0173, kad didelius kiekius b\u016bt\u0173 galima paskirstyti grei\u010diau ir efektyviau. Puikus Pjaustymas ir Taupymas Lengva naudoti vienu mygtuko paspaudimu. Galingas 250 W variklis u\u017etikrina greit\u0105 ir efektyv\u0173 maisto paruo\u0161im\u0105. Jis smulkina rie\u0161utus, tarkuoja \u0161okolad\u0105 ir netgi gamina duonos bei krekeri\u0173 [&hellip;]<\/p>\n","protected":false},"featured_media":1695,"comment_status":"open","ping_status":"closed","template":"","meta":{"_acf_changed":false,"inline_featured_image":false},"product_brand":[],"product_cat":[79],"product_tag":[],"class_list":{"0":"post-1208","1":"product","2":"type-product","3":"status-publish","4":"has-post-thumbnail","6":"product_cat-irankiai","8":"first","9":"instock","10":"taxable","11":"shipping-taxable","12":"purchasable","13":"product-type-simple"},"acf":[],"_links":{"self":[{"href":"https:\/\/bmdprekyba.lt\/en\/wp-json\/wp\/v2\/product\/1208","targetHints":{"allow":["GET"]}}],"collection":[{"href":"https:\/\/bmdprekyba.lt\/en\/wp-json\/wp\/v2\/product"}],"about":[{"href":"https:\/\/bmdprekyba.lt\/en\/wp-json\/wp\/v2\/types\/product"}],"replies":[{"embeddable":true,"href":"https:\/\/bmdprekyba.lt\/en\/wp-json\/wp\/v2\/comments?post=1208"}],"wp:featuredmedia":[{"embeddable":true,"href":"https:\/\/bmdprekyba.lt\/en\/wp-json\/wp\/v2\/media\/1695"}],"wp:attachment":[{"href":"https:\/\/bmdprekyba.lt\/en\/wp-json\/wp\/v2\/media?parent=1208"}],"wp:term":[{"taxonomy":"product_brand","embeddable":true,"href":"https:\/\/bmdprekyba.lt\/en\/wp-json\/wp\/v2\/product_brand?post=1208"},{"taxonomy":"product_cat","embeddable":true,"href":"https:\/\/bmdprekyba.lt\/en\/wp-json\/wp\/v2\/product_cat?post=1208"},{"taxonomy":"product_tag","embeddable":true,"href":"https:\/\/bmdprekyba.lt\/en\/wp-json\/wp\/v2\/product_tag?post=1208"}],"curies":[{"name":"wp","href":"https:\/\/api.w.org\/{rel}","templated":true}]}}