{"id":1206,"date":"2025-04-09T00:00:00","date_gmt":"2025-04-09T00:00:00","guid":{"rendered":"https:\/\/bmdprekyba.lt\/?post_type=product&#038;p=1206"},"modified":"2026-01-09T12:01:23","modified_gmt":"2026-01-09T12:01:23","slug":"stone-reef-forstner-graztu-rinkinys-12-vienetu-10-50-mm-su-laikymo-deze","status":"publish","type":"product","link":"https:\/\/bmdprekyba.lt\/en\/product\/stone-reef-forstner-graztu-rinkinys-12-vienetu-10-50-mm-su-laikymo-deze\/","title":{"rendered":"STONE REEF Forstner gr\u0105\u017et\u0173 rinkinys 12 vienet\u0173 [10-50 mm su laikymo d\u0117\u017ee]"},"content":{"rendered":"<h2>Tobulas Rezultatas<\/h2>\n<p>M\u016bs\u0173 profesional\u016bs <b>Forstner gr\u0105\u017etai<\/b> u\u017etikrina precizi\u0161k\u0105 pjovim\u0105 ir tobul\u0105 rezultat\u0105 d\u0117l <b>savaime centruojan\u010dio antgalio<\/b>.<\/p>\n<h2>Bet Kokiam Tikslui<\/h2>\n<p>Platus, <b>pilnas Forstner gr\u0105\u017et\u0173 rinkinys<\/b>, paruo\u0161tas bet kokiam naudojimui. <span class=\"citation-25\">\u012e komplekt\u0105 \u012feina <\/span><b><span class=\"citation-25\">prakti\u0161ka laikymo d\u0117\u017e\u0117<\/span><\/b><span class=\"citation-25 citation-end-25\">.<\/span><\/p>\n<h2>Itin A\u0161tr\u016bs<\/h2>\n<p>Nesvarbu, ar tai kietas, ar mink\u0161tas medis, m\u016bs\u0173 medienos gr\u0105\u017etai \u012fveikia beveik visk\u0105. Specialiai sukurtas <b>pramoninis pjovimas<\/b> paver\u010dia gr\u0119\u017eim\u0105 kieta mediena vienu malonumu.<\/p>\n<h2>Lengva Naudoti<\/h2>\n<p>Dro\u017el\u0117s gali apsunkinti darb\u0105, bet ne su m\u016bs\u0173 medienos gr\u0105\u017etais \u2013 d\u0117l <b>erdvios dro\u017eli\u0173 pa\u0161alinimo angos<\/b> niekas neu\u017estringa.<\/p>","protected":false},"excerpt":{"rendered":"<p>Tobulas Rezultatas M\u016bs\u0173 profesional\u016bs Forstner gr\u0105\u017etai u\u017etikrina precizi\u0161k\u0105 pjovim\u0105 ir tobul\u0105 rezultat\u0105 d\u0117l savaime centruojan\u010dio antgalio. Bet Kokiam Tikslui Platus, pilnas Forstner gr\u0105\u017et\u0173 rinkinys, paruo\u0161tas bet kokiam naudojimui. \u012e komplekt\u0105 \u012feina prakti\u0161ka laikymo d\u0117\u017e\u0117. Itin A\u0161tr\u016bs Nesvarbu, ar tai kietas, ar mink\u0161tas medis, m\u016bs\u0173 medienos gr\u0105\u017etai \u012fveikia beveik visk\u0105. Specialiai sukurtas pramoninis pjovimas paver\u010dia gr\u0119\u017eim\u0105 [&hellip;]<\/p>\n","protected":false},"featured_media":1706,"comment_status":"open","ping_status":"closed","template":"","meta":{"_acf_changed":false,"inline_featured_image":false},"product_brand":[],"product_cat":[79],"product_tag":[],"class_list":{"0":"post-1206","1":"product","2":"type-product","3":"status-publish","4":"has-post-thumbnail","6":"product_cat-irankiai","8":"first","9":"instock","10":"taxable","11":"shipping-taxable","12":"purchasable","13":"product-type-simple"},"acf":[],"_links":{"self":[{"href":"https:\/\/bmdprekyba.lt\/en\/wp-json\/wp\/v2\/product\/1206","targetHints":{"allow":["GET"]}}],"collection":[{"href":"https:\/\/bmdprekyba.lt\/en\/wp-json\/wp\/v2\/product"}],"about":[{"href":"https:\/\/bmdprekyba.lt\/en\/wp-json\/wp\/v2\/types\/product"}],"replies":[{"embeddable":true,"href":"https:\/\/bmdprekyba.lt\/en\/wp-json\/wp\/v2\/comments?post=1206"}],"wp:featuredmedia":[{"embeddable":true,"href":"https:\/\/bmdprekyba.lt\/en\/wp-json\/wp\/v2\/media\/1706"}],"wp:attachment":[{"href":"https:\/\/bmdprekyba.lt\/en\/wp-json\/wp\/v2\/media?parent=1206"}],"wp:term":[{"taxonomy":"product_brand","embeddable":true,"href":"https:\/\/bmdprekyba.lt\/en\/wp-json\/wp\/v2\/product_brand?post=1206"},{"taxonomy":"product_cat","embeddable":true,"href":"https:\/\/bmdprekyba.lt\/en\/wp-json\/wp\/v2\/product_cat?post=1206"},{"taxonomy":"product_tag","embeddable":true,"href":"https:\/\/bmdprekyba.lt\/en\/wp-json\/wp\/v2\/product_tag?post=1206"}],"curies":[{"name":"wp","href":"https:\/\/api.w.org\/{rel}","templated":true}]}}