{"id":1205,"date":"2025-04-09T00:00:00","date_gmt":"2025-04-09T00:00:00","guid":{"rendered":"https:\/\/bmdprekyba.lt\/?post_type=product&#038;p=1205"},"modified":"2025-10-01T06:45:41","modified_gmt":"2025-10-01T06:45:41","slug":"airaj-18-large-tool-bag-soft-bottom-with-multiple-pockets-600d-fabric-large-capacity-44x24x29-5cm-abrasion-resistant-tool-bag-for-craftsmen-electricians-mechanics","status":"publish","type":"product","link":"https:\/\/bmdprekyba.lt\/en\/product\/airaj-18-large-tool-bag-soft-bottom-with-multiple-pockets-600d-fabric-large-capacity-44x24x29-5cm-abrasion-resistant-tool-bag-for-craftsmen-electricians-mechanics\/","title":{"rendered":"AIRAJ 18&#8243; Large Tool Bag Soft Bottom with Multiple Pockets\/600D Fabric\/Large Capacity, 44x24x29.5cm Abrasion-Resistant Tool Bag for Craftsmen, Electricians, Mechanics"},"content":{"rendered":"<h2>Didel\u0117 Talpa<\/h2>\n<p>\u0160is 18 coli\u0173 \u012franki\u0173 krep\u0161ys pasi\u017eymi didele <b>44x24x29,5 cm talpa<\/b>, suteikian\u010dia daug vietos \u012fvairaus dyd\u017eio \u012frankiams laikyti. Krep\u0161ys turi <b>vien\u0105 vidin\u0119 ir penkias skirtingo dyd\u017eio i\u0161orines ki\u0161enes<\/b>, kad b\u016bt\u0173 lengva sud\u0117ti ir rasti \u012fvairaus dyd\u017eio \u012frankius.<\/p>\n<h2>Pla\u010diai Atsidaranti Laikymo Ta\u0161\u0117<\/h2>\n<p>Didel\u0117 krep\u0161io vir\u0161utin\u0117 anga su \u012fmontuotu metaliniu strypu suprojektuota taip, kad \u012franki\u0173 krep\u0161ys visada likt\u0173 atviras. Tai palengvina \u012franki\u0173 sud\u0117jim\u0105, i\u0161\u0117mim\u0105 ir patog\u0173 naudojim\u0105.<\/p>\n<h2>Neper\u0161lampamas Audinys<\/h2>\n<p>\u012eranki\u0173 krep\u0161ys pagamintas i\u0161 <b>neper\u0161lampamo audinio<\/b>, tod\u0117l j\u012f galima naudoti net ekstremaliomis oro s\u0105lygomis ir efektyviai apsaugoti laikomus \u012frankius nuo lietaus poveikio. Krep\u0161io apa\u010dia turi unikal\u0173 <b>atspar\u0173 prad\u016brimui dizain\u0105<\/b>, kuris u\u017etikrina \u012franki\u0173 saugum\u0105 net tada, kai krep\u0161ys padedamas ant nelygi\u0173 pavir\u0161i\u0173.<\/p>\n<h2>Patogu Ne\u0161iotis<\/h2>\n<p>\u012eranki\u0173 krep\u0161ys yra <b>ma\u017eas ir lengvas<\/b>, patogus ne\u0161iotis. Net kai nenaudojamas, j\u012f lengva laikyti ir jis neu\u017eims daug vietos. <span class=\"citation-27 citation-end-27\">Krep\u0161yje yra skirtingo dyd\u017eio ki\u0161en\u0117s \u012fvairiems \u012frankiams laikyti.<\/span><\/p>\n<h2>Daugiafunkcis \u012eranki\u0173 Krep\u0161ys<\/h2>\n<p>\u0160is \u012franki\u0173 krep\u0161ys tinka naudoti statybviet\u0117se, namuose, soduose, \u201epasidaryk pats\u201c projektuose ir daugelyje kit\u0173 viet\u0173. Jis taps puikiu pagalbininku j\u016bs\u0173 gyvenime ir darbe.<\/p>","protected":false},"excerpt":{"rendered":"<p>Didel\u0117 Talpa \u0160is 18 coli\u0173 \u012franki\u0173 krep\u0161ys pasi\u017eymi didele 44x24x29,5 cm talpa, suteikian\u010dia daug vietos \u012fvairaus dyd\u017eio \u012frankiams laikyti. Krep\u0161ys turi vien\u0105 vidin\u0119 ir penkias skirtingo dyd\u017eio i\u0161orines ki\u0161enes, kad b\u016bt\u0173 lengva sud\u0117ti ir rasti \u012fvairaus dyd\u017eio \u012frankius. Pla\u010diai Atsidaranti Laikymo Ta\u0161\u0117 Didel\u0117 krep\u0161io vir\u0161utin\u0117 anga su \u012fmontuotu metaliniu strypu suprojektuota taip, kad \u012franki\u0173 krep\u0161ys [&hellip;]<\/p>\n","protected":false},"featured_media":1710,"comment_status":"open","ping_status":"closed","template":"","meta":{"_acf_changed":false,"inline_featured_image":false},"product_brand":[],"product_cat":[15],"product_tag":[],"class_list":{"0":"post-1205","1":"product","2":"type-product","3":"status-publish","4":"has-post-thumbnail","6":"product_cat-be-kategorijos","8":"first","9":"instock","10":"taxable","11":"shipping-taxable","12":"purchasable","13":"product-type-simple"},"acf":[],"_links":{"self":[{"href":"https:\/\/bmdprekyba.lt\/en\/wp-json\/wp\/v2\/product\/1205","targetHints":{"allow":["GET"]}}],"collection":[{"href":"https:\/\/bmdprekyba.lt\/en\/wp-json\/wp\/v2\/product"}],"about":[{"href":"https:\/\/bmdprekyba.lt\/en\/wp-json\/wp\/v2\/types\/product"}],"replies":[{"embeddable":true,"href":"https:\/\/bmdprekyba.lt\/en\/wp-json\/wp\/v2\/comments?post=1205"}],"wp:featuredmedia":[{"embeddable":true,"href":"https:\/\/bmdprekyba.lt\/en\/wp-json\/wp\/v2\/media\/1710"}],"wp:attachment":[{"href":"https:\/\/bmdprekyba.lt\/en\/wp-json\/wp\/v2\/media?parent=1205"}],"wp:term":[{"taxonomy":"product_brand","embeddable":true,"href":"https:\/\/bmdprekyba.lt\/en\/wp-json\/wp\/v2\/product_brand?post=1205"},{"taxonomy":"product_cat","embeddable":true,"href":"https:\/\/bmdprekyba.lt\/en\/wp-json\/wp\/v2\/product_cat?post=1205"},{"taxonomy":"product_tag","embeddable":true,"href":"https:\/\/bmdprekyba.lt\/en\/wp-json\/wp\/v2\/product_tag?post=1205"}],"curies":[{"name":"wp","href":"https:\/\/api.w.org\/{rel}","templated":true}]}}