{"id":1204,"date":"2025-04-09T00:00:00","date_gmt":"2025-04-09T00:00:00","guid":{"rendered":"https:\/\/bmdprekyba.lt\/?post_type=product&#038;p=1204"},"modified":"2026-01-09T12:01:23","modified_gmt":"2026-01-09T12:01:23","slug":"naizy-led-zvakes-su-nuotolinio-valdymo-pulteliu-kuriame-yra-40-siltai-baltu-kalediniu-zvakiu-mirganciu-liepsnos-belaidziu-su-baterija-ir-spaustuku-ip44","status":"publish","type":"product","link":"https:\/\/bmdprekyba.lt\/en\/product\/naizy-led-zvakes-su-nuotolinio-valdymo-pulteliu-kuriame-yra-40-siltai-baltu-kalediniu-zvakiu-mirganciu-liepsnos-belaidziu-su-baterija-ir-spaustuku-ip44\/","title":{"rendered":"NAIZY LED \u017evak\u0117s su nuotolinio valdymo pulteliu, kuriame yra 40 \u0161iltai balt\u0173 kal\u0117dini\u0173 \u017evaki\u0173, mirgan\u010di\u0173 liepsnos belaid\u017ei\u0173 su baterija ir spaustuku IP44"},"content":{"rendered":"<h2>LED \u017dvak\u0117s<\/h2>\n<p>Rinkin\u012f sudaro <b>40 LED \u017evaki\u0173<\/b>, kuri\u0173 kiekviena yra 10 x 1,7 cm dyd\u017eio. Lemput\u0117s dydis yra 3 cm. Did\u017ei\u0105ja dalimi atk\u016br\u0117me tikros \u017evak\u0117s dyd\u012f, kad sukurtume kuo autenti\u0161kesn\u012f Kal\u0117d\u0173 jausm\u0105.<\/p>\n<h2>Belaidis Laikma\u010dio Funkcijos Nuotolinis Valdymas<\/h2>\n<p>Lengva naudoti, valdymo atstumas siekia iki 5 metr\u0173. Nuotolinio valdymo pultelis leid\u017eia nustatyti norim\u0105 \u017evaki\u0173 \u0161viesos re\u017eim\u0105. Yra <b>4 re\u017eimai<\/b>: ON1 mirks\u0117jimas, ON2 nuolatinis \u0161vietimas, SL l\u0117tas mirks\u0117jimas, FL greitas mirks\u0117jimas.<\/p>\n<h2>Atnaujinta<\/h2>\n<p>\u0160is \u017evaki\u0173 \u0161viestuvas taip pat turi <b>laikma\u010dio funkcij\u0105<\/b>. Ant nuotolinio valdymo pultelio yra mygtukas su u\u017era\u0161u \u201e8hrd\u201c. Paspaudus j\u012f, \u0161viestuvas automati\u0161kai i\u0161sijungs po 8 valand\u0173, o tai taupo energij\u0105.<\/p>\n<h2>Segtukas<\/h2>\n<p>Kiekviena \u017evak\u0117 turi <b>\u017eali\u0105 segtuk\u0105<\/b>, leid\u017eiant\u012f pritvirtinti \u017evak\u0119. Ant segtuko \u017evak\u0117 gali b\u016bti pasukama ma\u017edaug <b>45 laipsniais \u012f kair\u0119 ir \u012f de\u0161in\u0119<\/b>. Su segtuku galite pritvirtinti \u017evak\u0119 ten, kur tik norite.<\/p>\n<h2>Universalus<\/h2>\n<p>Kadangi \u017evak\u0117s lempa pagaminta i\u0161 <b>energij\u0105 taupan\u010di\u0173 med\u017eiag\u0173<\/b>, veikimui reikalinga tik viena AAA baterija. Ji nedega ir yra nekenksminga aplinkai. Realisti\u0161kas imitavimas gali pripildyti visas j\u016bs\u0173 \u0161ventes ir vakar\u0117lius nuostabios atmosferos.<\/p>","protected":false},"excerpt":{"rendered":"<p>LED \u017dvak\u0117s Rinkin\u012f sudaro 40 LED \u017evaki\u0173, kuri\u0173 kiekviena yra 10 x 1,7 cm dyd\u017eio. Lemput\u0117s dydis yra 3 cm. Did\u017ei\u0105ja dalimi atk\u016br\u0117me tikros \u017evak\u0117s dyd\u012f, kad sukurtume kuo autenti\u0161kesn\u012f Kal\u0117d\u0173 jausm\u0105. Belaidis Laikma\u010dio Funkcijos Nuotolinis Valdymas Lengva naudoti, valdymo atstumas siekia iki 5 metr\u0173. Nuotolinio valdymo pultelis leid\u017eia nustatyti norim\u0105 \u017evaki\u0173 \u0161viesos re\u017eim\u0105. Yra [&hellip;]<\/p>\n","protected":false},"featured_media":1713,"comment_status":"open","ping_status":"closed","template":"","meta":{"_acf_changed":false,"inline_featured_image":false},"product_brand":[],"product_cat":[50],"product_tag":[],"class_list":{"0":"post-1204","1":"product","2":"type-product","3":"status-publish","4":"has-post-thumbnail","6":"product_cat-apsvietimas","8":"first","9":"instock","10":"taxable","11":"shipping-taxable","12":"purchasable","13":"product-type-simple"},"acf":[],"_links":{"self":[{"href":"https:\/\/bmdprekyba.lt\/en\/wp-json\/wp\/v2\/product\/1204","targetHints":{"allow":["GET"]}}],"collection":[{"href":"https:\/\/bmdprekyba.lt\/en\/wp-json\/wp\/v2\/product"}],"about":[{"href":"https:\/\/bmdprekyba.lt\/en\/wp-json\/wp\/v2\/types\/product"}],"replies":[{"embeddable":true,"href":"https:\/\/bmdprekyba.lt\/en\/wp-json\/wp\/v2\/comments?post=1204"}],"wp:featuredmedia":[{"embeddable":true,"href":"https:\/\/bmdprekyba.lt\/en\/wp-json\/wp\/v2\/media\/1713"}],"wp:attachment":[{"href":"https:\/\/bmdprekyba.lt\/en\/wp-json\/wp\/v2\/media?parent=1204"}],"wp:term":[{"taxonomy":"product_brand","embeddable":true,"href":"https:\/\/bmdprekyba.lt\/en\/wp-json\/wp\/v2\/product_brand?post=1204"},{"taxonomy":"product_cat","embeddable":true,"href":"https:\/\/bmdprekyba.lt\/en\/wp-json\/wp\/v2\/product_cat?post=1204"},{"taxonomy":"product_tag","embeddable":true,"href":"https:\/\/bmdprekyba.lt\/en\/wp-json\/wp\/v2\/product_tag?post=1204"}],"curies":[{"name":"wp","href":"https:\/\/api.w.org\/{rel}","templated":true}]}}