{"id":1203,"date":"2025-04-09T00:00:00","date_gmt":"2025-04-09T00:00:00","guid":{"rendered":"https:\/\/bmdprekyba.lt\/?post_type=product&#038;p=1203"},"modified":"2026-01-09T12:01:23","modified_gmt":"2026-01-09T12:01:23","slug":"varicart-led-lubu-ventiliatorius-su-apsvietimu-3-spalvos-3000k-6000k-lempa-su-ventiliatoriumi-6-greiciu-1200-liumenu-nuotolinio-valdymo-pultas","status":"publish","type":"product","link":"https:\/\/bmdprekyba.lt\/en\/product\/varicart-led-lubu-ventiliatorius-su-apsvietimu-3-spalvos-3000k-6000k-lempa-su-ventiliatoriumi-6-greiciu-1200-liumenu-nuotolinio-valdymo-pultas\/","title":{"rendered":"VARICART LED lub\u0173 ventiliatorius su ap\u0161vietimu, 3 spalvos 3000K &#8211; 6000K, lempa su ventiliatoriumi 6 grei\u010di\u0173, 1200 liumen\u0173, nuotolinio valdymo pultas"},"content":{"rendered":"<h2>Didelio Efektyvumo V\u0117sinimas Ma\u017eoms Erdv\u0117ms<\/h2>\n<p>Naujai patobulinti lub\u0173 ventiliatoriai su \u0161viesa, specialiai sukurti 15\u201320 m\u00b2 (161\u2013215 kv. p\u0117d\u0173) kambariams, v\u0117sina <b>2 kartus grei\u010diau<\/b> nei tradiciniai lub\u0173 ventiliatoriai. Jie turi <b>20 cm plo\u010dio i\u0161lenktas mentes<\/b> su optimizuotais kampais, generuojan\u010diais <b>40 % daugiau oro srauto<\/b> nei standartin\u0117s 14 cm ment\u0117s. 415 aps.\/min. variklis sukuria galing\u0105 3D oro srauto stulpel\u012f greitam temperat\u016bros suma\u017einimui.<\/p>\n<h2>Tik V\u0117jas Be Triuk\u0161mo<\/h2>\n<p>M\u016bs\u0173 lub\u0173 \u0161viestuvo su ventiliatoriumi <b>gryno vario be\u0161epet\u0117linio variklio<\/b> derinys suma\u017eina triuk\u0161m\u0105 iki <b>ma\u017eiau nei 30 dB<\/b>. Galia yra ilgaam\u017e\u0117 ir stipri, labiau taupanti energij\u0105 ir pinigus, o tarnavimo laikas yra <b>3 kartus ilgesnis<\/b>. Naujai patobulinti lub\u0173 ventiliatoriai su \u0161viesa ir nuotolinio valdymo pulteliu turi special\u0173 <b>ypatingai tylos mygtuk\u0105<\/b>, vienu paspaudimu i\u0161jungiant\u012f garsin\u012f signal\u0105, kad b\u016bt\u0173 pasiekta maksimali tylos aplinka.<\/p>\n<h2>6 Grei\u010di\u0173 ir I\u0161manusis Nat\u016bralaus V\u0117jo Re\u017eimas<\/h2>\n<p>\u0160is \u0161viestuvas su ventiliatoriumi si\u016blo tiksl\u0173 oro srauto valdym\u0105 su <b>\u0161e\u0161iais reguliuojamais grei\u010diais<\/b> nuo \u0161velnaus v\u0117jelio iki turbininio oro srauto. Jame yra automatinio ciklo nat\u016bralaus v\u0117jo mygtukas, kuris sumaniai kei\u010dia ventiliatoriaus greit\u012f, kad autenti\u0161kai atkartot\u0173 lauko v\u0117jo modelius, specialiai sukurtas jautriems vartotojams, tokiems kaip vaikai ir pagyven\u0119 \u017emon\u0117s.<\/p>\n<h2>5 Ap\u0161vietimo Re\u017eimai ir I\u0161manusis Laikmatis<\/h2>\n<p>\u0160is lub\u0173 ventiliatorius su \u0161viesa turi 2000 LM ypa\u010d ry\u0161kius LED \u0161viestukus su <b>10 %\u2013100 % reguliuojamu ry\u0161kumo valdymu<\/b> ir si\u016blo <b>3 re\u017eimus<\/b> (3000K \u0161iltai balta \/ 4000K neutrali balta \/ 6000K \u0161alta balta) pritaikomai atmosferai. I\u0161manusis laikmatis (1H\/2H\/4H) automati\u0161kai i\u0161sijungia, siekiant optimizuoti energijos efektyvum\u0105, u\u017etikrindamas tiek auk\u0161\u010diausios kokyb\u0117s ap\u0161vietim\u0105, tiek ramyb\u0119 taupant elektros energij\u0105.<\/p>\n<h2>Auk\u0161tas CRI ir Be Mirg\u0117jimo<\/h2>\n<p>Miegamojo ventiliatoriaus \u0161viestuvai turi <b>\u201eTrue Colour\u201c LED<\/b> su spalv\u0173 perteikimo indeksu, didesniu nei 90, u\u017etikrinan\u010diu ry\u0161kius ir nat\u016bralius tonus, ir <b>trij\u0173 sluoksni\u0173 nuo akinimo apsaugan\u010di\u0105 difuzijos technologij\u0105<\/b>, u\u017etikrinan\u010di\u0105 tolyg\u0173 ap\u0161vietim\u0105. Lub\u0173 ventiliatoriai su lempomis yra stabil\u016bs ir <b>be mirg\u0117jimo<\/b> ventiliatoriaus veikimo metu, neleid\u017eia atsirasti matomo stroboskopinio mirg\u0117jimo ir ma\u017eina aki\u0173 \u012ftamp\u0105 ilgalaikio naudojimo metu.<\/p>\n<h2>Montavimas Be \u012eranki\u0173 ir Naudojimas \u012evairiose Scenose<\/h2>\n<p>Sukurtas su universaliu <b>E27 pagrindo suderinamumu<\/b>, leid\u017eian\u010diu montuoti be laid\u0173, \u0161is lub\u0173 ventiliatoriaus \u0161viestuvas \u012frengiamas per <b>3 minutes<\/b> \u2013 taip paprastai, kaip pakei\u010diant lemput\u0119. \u0160is ventiliatoriaus \u0161viestuvas lengvai pritaikomas nuo svetaini\u0173 ir miegam\u0173j\u0173 iki gara\u017e\u0173, skalbykl\u0173 ar dirbtuvi\u0173, su padidintu oro srauto efektyvumu, kuris puikiai tinka kompakti\u0161kose erdv\u0117se, u\u017etikrinant auk\u0161\u010diausi\u0105 v\u0117sinimo komfort\u0105.<\/p>","protected":false},"excerpt":{"rendered":"<p>Didelio Efektyvumo V\u0117sinimas Ma\u017eoms Erdv\u0117ms Naujai patobulinti lub\u0173 ventiliatoriai su \u0161viesa, specialiai sukurti 15\u201320 m\u00b2 (161\u2013215 kv. p\u0117d\u0173) kambariams, v\u0117sina 2 kartus grei\u010diau nei tradiciniai lub\u0173 ventiliatoriai. Jie turi 20 cm plo\u010dio i\u0161lenktas mentes su optimizuotais kampais, generuojan\u010diais 40 % daugiau oro srauto nei standartin\u0117s 14 cm ment\u0117s. 415 aps.\/min. variklis sukuria galing\u0105 3D oro [&hellip;]<\/p>\n","protected":false},"featured_media":1719,"comment_status":"open","ping_status":"closed","template":"","meta":{"_acf_changed":false,"inline_featured_image":false},"product_brand":[],"product_cat":[50],"product_tag":[],"class_list":{"0":"post-1203","1":"product","2":"type-product","3":"status-publish","4":"has-post-thumbnail","6":"product_cat-apsvietimas","8":"first","9":"instock","10":"taxable","11":"shipping-taxable","12":"purchasable","13":"product-type-simple"},"acf":[],"_links":{"self":[{"href":"https:\/\/bmdprekyba.lt\/en\/wp-json\/wp\/v2\/product\/1203","targetHints":{"allow":["GET"]}}],"collection":[{"href":"https:\/\/bmdprekyba.lt\/en\/wp-json\/wp\/v2\/product"}],"about":[{"href":"https:\/\/bmdprekyba.lt\/en\/wp-json\/wp\/v2\/types\/product"}],"replies":[{"embeddable":true,"href":"https:\/\/bmdprekyba.lt\/en\/wp-json\/wp\/v2\/comments?post=1203"}],"wp:featuredmedia":[{"embeddable":true,"href":"https:\/\/bmdprekyba.lt\/en\/wp-json\/wp\/v2\/media\/1719"}],"wp:attachment":[{"href":"https:\/\/bmdprekyba.lt\/en\/wp-json\/wp\/v2\/media?parent=1203"}],"wp:term":[{"taxonomy":"product_brand","embeddable":true,"href":"https:\/\/bmdprekyba.lt\/en\/wp-json\/wp\/v2\/product_brand?post=1203"},{"taxonomy":"product_cat","embeddable":true,"href":"https:\/\/bmdprekyba.lt\/en\/wp-json\/wp\/v2\/product_cat?post=1203"},{"taxonomy":"product_tag","embeddable":true,"href":"https:\/\/bmdprekyba.lt\/en\/wp-json\/wp\/v2\/product_tag?post=1203"}],"curies":[{"name":"wp","href":"https:\/\/api.w.org\/{rel}","templated":true}]}}