{"id":1202,"date":"2025-04-09T00:00:00","date_gmt":"2025-04-09T00:00:00","guid":{"rendered":"https:\/\/bmdprekyba.lt\/?post_type=product&#038;p=1202"},"modified":"2026-01-09T12:01:22","modified_gmt":"2026-01-09T12:01:22","slug":"vonios-maisytuvas-auralum-juodas-su-snapelio-auksciu-114-mm","status":"publish","type":"product","link":"https:\/\/bmdprekyba.lt\/en\/product\/vonios-maisytuvas-auralum-juodas-su-snapelio-auksciu-114-mm\/","title":{"rendered":"Vonios mai\u0161ytuvas Auralum juodas, su snapelio auk\u0161\u010diu 114 mm"},"content":{"rendered":"<h2>Auk\u0161tas, Matin\u0117s Juodos Spalvos Mai\u0161ytuvas<\/h2>\n<p>Praustuvo mai\u0161ytuvas yra <b>204 mm auk\u0161\u010dio<\/b>, o jo snapelis pakeltas 135 mm, tod\u0117l puikiai tinka montuojamiems ant stalvir\u0161io praustuvams. Auk\u0161\u010diausios kokyb\u0117s, korozijai ir r\u016bdims atspari danga neleid\u017eia kauptis ne\u0161varumams. Daugiapakopis da\u017eytas pavir\u0161ius u\u017etikrina ilgaam\u017ei\u0161kum\u0105.<\/p>\n<h2>Krioklio Efekto Praustuvo Mai\u0161ytuvas<\/h2>\n<p>\u0160is mai\u0161ytuvas ne tik suteiks \u0161veln\u0173 ir malon\u0173 vandens sraut\u0105, bet ir sukurs ramyb\u0117s poj\u016bt\u012f. Sukurkite <b>krioklio vaizd\u0105<\/b> savo vonios kambaryje. Vanduo neta\u0161kysis aplinkui, tod\u0117l po kasdienio naudojimo j\u016bs\u0173 praustuvas i\u0161liks \u0161varus.<\/p>\n<h2>500 000 Cikl\u0173 Patikrinta Keramin\u0117 Kaset\u0117<\/h2>\n<p>Keramin\u0117s kaset\u0117s geriau <b>apsaugo nuo vandens nuot\u0117kio ir sutaupo 30 % vandens<\/b>. Keraminio vo\u017etuvo tarnavimo laikas \u017eymiai vir\u0161ija standartus, pra\u0117j\u0119s 500 000 cikl\u0173 bandymus, jis pad\u0117s jums sutaupyti pinig\u0173 neprarandant na\u0161umo.<\/p>\n<h2>Vienos Ranken\u0117l\u0117s Praustuvo Mai\u0161ytuvas<\/h2>\n<p>Komplektuojamas su <b>2 standartin\u0117mis DVGW sertifikuotomis 3\/8 colio kar\u0161to ir \u0161alto vandens tiekimo \u017earnomis<\/b>. Jis tinka daugumai praustuv\u0173 ir gali b\u016bti prijungtas prie vis\u0173 standartini\u0173 kar\u0161to ir \u0161alto vandens sl\u0117gio sistem\u0173. Tinka momentiniams vandens \u0161ildytuvams, s\u016bkurin\u0117ms vonioms ir vandens talpykloms<\/p>","protected":false},"excerpt":{"rendered":"<p>Auk\u0161tas, Matin\u0117s Juodos Spalvos Mai\u0161ytuvas Praustuvo mai\u0161ytuvas yra 204 mm auk\u0161\u010dio, o jo snapelis pakeltas 135 mm, tod\u0117l puikiai tinka montuojamiems ant stalvir\u0161io praustuvams. Auk\u0161\u010diausios kokyb\u0117s, korozijai ir r\u016bdims atspari danga neleid\u017eia kauptis ne\u0161varumams. Daugiapakopis da\u017eytas pavir\u0161ius u\u017etikrina ilgaam\u017ei\u0161kum\u0105. Krioklio Efekto Praustuvo Mai\u0161ytuvas \u0160is mai\u0161ytuvas ne tik suteiks \u0161veln\u0173 ir malon\u0173 vandens sraut\u0105, bet ir [&hellip;]<\/p>\n","protected":false},"featured_media":1725,"comment_status":"open","ping_status":"closed","template":"","meta":{"_acf_changed":false,"inline_featured_image":false},"product_brand":[],"product_cat":[74],"product_tag":[],"class_list":{"0":"post-1202","1":"product","2":"type-product","3":"status-publish","4":"has-post-thumbnail","6":"product_cat-namu-interjeras","8":"first","9":"instock","10":"taxable","11":"shipping-taxable","12":"purchasable","13":"product-type-simple"},"acf":[],"_links":{"self":[{"href":"https:\/\/bmdprekyba.lt\/en\/wp-json\/wp\/v2\/product\/1202","targetHints":{"allow":["GET"]}}],"collection":[{"href":"https:\/\/bmdprekyba.lt\/en\/wp-json\/wp\/v2\/product"}],"about":[{"href":"https:\/\/bmdprekyba.lt\/en\/wp-json\/wp\/v2\/types\/product"}],"replies":[{"embeddable":true,"href":"https:\/\/bmdprekyba.lt\/en\/wp-json\/wp\/v2\/comments?post=1202"}],"wp:featuredmedia":[{"embeddable":true,"href":"https:\/\/bmdprekyba.lt\/en\/wp-json\/wp\/v2\/media\/1725"}],"wp:attachment":[{"href":"https:\/\/bmdprekyba.lt\/en\/wp-json\/wp\/v2\/media?parent=1202"}],"wp:term":[{"taxonomy":"product_brand","embeddable":true,"href":"https:\/\/bmdprekyba.lt\/en\/wp-json\/wp\/v2\/product_brand?post=1202"},{"taxonomy":"product_cat","embeddable":true,"href":"https:\/\/bmdprekyba.lt\/en\/wp-json\/wp\/v2\/product_cat?post=1202"},{"taxonomy":"product_tag","embeddable":true,"href":"https:\/\/bmdprekyba.lt\/en\/wp-json\/wp\/v2\/product_tag?post=1202"}],"curies":[{"name":"wp","href":"https:\/\/api.w.org\/{rel}","templated":true}]}}