{"id":1201,"date":"2025-04-09T00:00:00","date_gmt":"2025-04-09T00:00:00","guid":{"rendered":"https:\/\/bmdprekyba.lt\/?post_type=product&#038;p=1201"},"modified":"2026-01-09T12:01:23","modified_gmt":"2026-01-09T12:01:23","slug":"cibnew-spalvingos-belaides-kaledines-led-zvake-fairy-lights-su-nuotolinio-valdymo-pultu","status":"publish","type":"product","link":"https:\/\/bmdprekyba.lt\/en\/product\/cibnew-spalvingos-belaides-kaledines-led-zvake-fairy-lights-su-nuotolinio-valdymo-pultu\/","title":{"rendered":"\u201eCibnew\u201c spalvingos belaid\u0117s kal\u0117din\u0117s LED \u017evak\u0117, \u201eFairy Lights\u201c su nuotolinio valdymo pultu,"},"content":{"rendered":"<h2>\u201eCibnew\u201c Spalvotos Kal\u0117din\u0117s \u017dvak\u0117s<\/h2>\n<p>&nbsp;<\/p>\n<p>\u201eCibnew\u201c belaid\u0117s kal\u0117din\u0117s LED \u017evak\u0117s su nuotolinio valdymo pulteliu ir laikma\u010dio funkcija puikiai tinka Kal\u0117d\u0173 eglut\u0117s, vestuvi\u0173, gimtadienio ar vakar\u0117lio dekoravimui. Rinkin\u012f sudaro <b>20 RGB spalv\u0173 LED \u017evaki\u0173<\/b>.<\/p>\n<p><b>Pagrindin\u0117s savyb\u0117s:<\/b><\/p>\n<ul>\n<li><b>Belaidis veikimas:<\/b> Lengvai pritvirtinkite \u017evakes ant eglut\u0117s ar kitur be joki\u0173 laid\u0173.<\/li>\n<li><b>RGB ap\u0161vietimas:<\/b> M\u0117gaukit\u0117s pla\u010diu spalv\u0173 spektru, kur\u012f galite keisti pagal nuotaik\u0105 ar prog\u0105.<\/li>\n<li><b>Nuotolinio valdymo pultelis:<\/b> Patogiai valdykite \u017evakes i\u0161 tolo \u2013 \u012fjunkite\/i\u0161junkite, keiskite spalvas ir r\u0117\u017eimus.<\/li>\n<li><b>Laikma\u010dio funkcija:<\/b> Nustatykite, kad \u017evak\u0117s automati\u0161kai i\u0161sijungt\u0173 po tam tikro laiko, taupydamos energij\u0105.<\/li>\n<li><b>Universalumas:<\/b> Idealios ne tik Kal\u0117d\u0173 eglutei, bet ir bet kokiai \u0161ventinei progai, kuriai norite suteikti stebuklingos atmosferos.<\/li>\n<\/ul>","protected":false},"excerpt":{"rendered":"<p>\u201eCibnew\u201c Spalvotos Kal\u0117din\u0117s \u017dvak\u0117s &nbsp; \u201eCibnew\u201c belaid\u0117s kal\u0117din\u0117s LED \u017evak\u0117s su nuotolinio valdymo pulteliu ir laikma\u010dio funkcija puikiai tinka Kal\u0117d\u0173 eglut\u0117s, vestuvi\u0173, gimtadienio ar vakar\u0117lio dekoravimui. Rinkin\u012f sudaro 20 RGB spalv\u0173 LED \u017evaki\u0173. Pagrindin\u0117s savyb\u0117s: Belaidis veikimas: Lengvai pritvirtinkite \u017evakes ant eglut\u0117s ar kitur be joki\u0173 laid\u0173. RGB ap\u0161vietimas: M\u0117gaukit\u0117s pla\u010diu spalv\u0173 spektru, kur\u012f galite [&hellip;]<\/p>\n","protected":false},"featured_media":1730,"comment_status":"open","ping_status":"closed","template":"","meta":{"_acf_changed":false,"inline_featured_image":false},"product_brand":[],"product_cat":[50],"product_tag":[],"class_list":{"0":"post-1201","1":"product","2":"type-product","3":"status-publish","4":"has-post-thumbnail","6":"product_cat-apsvietimas","8":"first","9":"instock","10":"taxable","11":"shipping-taxable","12":"purchasable","13":"product-type-simple"},"acf":[],"_links":{"self":[{"href":"https:\/\/bmdprekyba.lt\/en\/wp-json\/wp\/v2\/product\/1201","targetHints":{"allow":["GET"]}}],"collection":[{"href":"https:\/\/bmdprekyba.lt\/en\/wp-json\/wp\/v2\/product"}],"about":[{"href":"https:\/\/bmdprekyba.lt\/en\/wp-json\/wp\/v2\/types\/product"}],"replies":[{"embeddable":true,"href":"https:\/\/bmdprekyba.lt\/en\/wp-json\/wp\/v2\/comments?post=1201"}],"wp:featuredmedia":[{"embeddable":true,"href":"https:\/\/bmdprekyba.lt\/en\/wp-json\/wp\/v2\/media\/1730"}],"wp:attachment":[{"href":"https:\/\/bmdprekyba.lt\/en\/wp-json\/wp\/v2\/media?parent=1201"}],"wp:term":[{"taxonomy":"product_brand","embeddable":true,"href":"https:\/\/bmdprekyba.lt\/en\/wp-json\/wp\/v2\/product_brand?post=1201"},{"taxonomy":"product_cat","embeddable":true,"href":"https:\/\/bmdprekyba.lt\/en\/wp-json\/wp\/v2\/product_cat?post=1201"},{"taxonomy":"product_tag","embeddable":true,"href":"https:\/\/bmdprekyba.lt\/en\/wp-json\/wp\/v2\/product_tag?post=1201"}],"curies":[{"name":"wp","href":"https:\/\/api.w.org\/{rel}","templated":true}]}}