{"id":1200,"date":"2025-04-09T00:00:00","date_gmt":"2025-04-09T00:00:00","guid":{"rendered":"https:\/\/bmdprekyba.lt\/?post_type=product&#038;p=1200"},"modified":"2026-01-09T12:01:23","modified_gmt":"2026-01-09T12:01:23","slug":"aixpi-240-led-prozektoriai-su-judesio-jutiklio-baterijomis-veikianti-lauko-lempa-ip65-vandeniui-atsparus","status":"publish","type":"product","link":"https:\/\/bmdprekyba.lt\/en\/product\/aixpi-240-led-prozektoriai-su-judesio-jutiklio-baterijomis-veikianti-lauko-lempa-ip65-vandeniui-atsparus\/","title":{"rendered":"AIXPI 240 LED pro\u017eektoriai su judesio jutiklio, baterijomis veikianti lauko lempa, IP65 vandeniui atspar\u016bs"},"content":{"rendered":"<h2 class=\"\">Plataus Kampo Ap\u0161vietimas ir Didelis Ry\u0161kumas<\/h2>\n<p>AIXPI 240 LED saul\u0117s energija varomas judesio jutiklio \u0161viestuvas turi <b class=\"\">3 nepriklausomai reguliuojamas galvutes<\/b>, kurios gali pasisukti 360\u00b0. \u0160is 1600 LM saul\u0117s pro\u017eektorius gali u\u017etikrinti <b class=\"\">270\u00b0 platesn\u012f ap\u0161vietim\u0105<\/b>, apimant\u012f ma\u017edaug 70 m\u00b2, u\u017etikrindamas visapusi\u0161k\u0105 lauko erdvi\u0173, toki\u0173 kaip sodai, gara\u017eai, \u012fva\u017eiavimai ir lauko durys, ap\u0161vietim\u0105. D\u0117l to jis yra universalesnis nei \u012fprasti \u0161viestuvai ir sukuria saugi\u0105 bei jauki\u0105 aplink\u0105.<\/p>\n<h2 class=\"\">Pasukamas Jautrus Judesio Jutiklis<\/h2>\n<p>Su <b class=\"\">didelio jautrumo judesio jutikliu<\/b>, kurio aptikimo diapazonas yra 10\u201315 metr\u0173, o aptikimo kampas \u2013 160\u00b0, saul\u0117s \u0161viestuvas automati\u0161kai \u012fsijungs nakt\u012f ir \u0161vies 25 sekundes, kai bus aptiktas \u017emogaus ar gyv\u016bn\u0173 jud\u0117jimas, o tai suteikia papildom\u0105 saugumo ir patogumo lyg\u012f. Idealiai tinka vietoms, kurioms reikalinga nuolatin\u0117 prie\u017ei\u016bra, jis efektyviai atgraso potencialius \u012fsibrov\u0117lius, tuo pa\u010diu suteikdamas ramyb\u0119.<\/p>\n<h2 class=\"\">Energijos Taupymas ir Aplinkos Apsauga<\/h2>\n<p>Maitinamas dideliu <b class=\"\">195&#215;90 mm polikristalinio silicio saul\u0117s kolektoriumi<\/b> ir apr\u016bpintas <b class=\"\">3000 mAh \u012fkraunama baterija<\/b>, \u0161iam pro\u017eektoriui visi\u0161kai \u012fkrauti reikia tik 6\u20138 valand\u0173 saul\u0117s \u0161viesos, o jis gali nepertraukiamai \u0161viesti iki 6\u201310 valand\u0173. \u0160i konstrukcija u\u017etikrina didesn\u012f \u012fkrovimo efektyvum\u0105 ir geresn\u012f saul\u0117s energijos sug\u0117rim\u0105 bei konversij\u0105, palyginti su pana\u0161iais saul\u0117s energija varomais \u0161viestuvais. Jokios s\u0105skaitos u\u017e elektr\u0105, jokios tar\u0161os.<\/p>\n<h2 class=\"\">IP65 Atsparumas Vandeniui ir Ilgaam\u017ei\u0161kumas<\/h2>\n<p><b class=\"\">IP65 atsparumas vandeniui<\/b> leid\u017eia jam veikti lietinguoju sezonu. Pagamintas i\u0161 <b class=\"\">patvarios ABS dervos<\/b>, pasi\u017eymin\u010dios puikiu atsparumu kar\u0161\u010diui ir \u0161al\u010diui, jis padeda saul\u0117s kolektoriui tur\u0117ti ilgesn\u012f tarnavimo laik\u0105, tod\u0117l \u0161is saul\u0117s energija varomas apsaugos \u0161viestuvas labai tinka daugeliui viet\u0173 ir gali atlaikyti \u012fvairias at\u0161iaurias oro s\u0105lygas (liet\u0173, snieg\u0105, \u0161alt\u012f).<\/p>\n<h2 class=\"\">Lengva \u012ediegti<\/h2>\n<p>Komplektuojamas su detaliomis montavimo instrukcijomis ir visais reikalingais priedais, m\u016bs\u0173 saul\u0117s sieninis \u0161viestuvas yra <b>lengvai montuojamas be joki\u0173 laid\u0173<\/b>. Nor\u0117dami gauti geresn\u012f \u012fkrovimo efekt\u0105, saul\u0117s \u0161viestuv\u0105 montuokite tiesiogini\u0173 saul\u0117s spinduli\u0173 kryptimi. Geriau saul\u0117s kolektorius montuoti atokiau nuo \u0161viesos \u0161altini\u0173 ar stipriai atspindin\u010di\u0173 aplink\u0173, kad b\u016bt\u0173 i\u0161vengta klaiding\u0173 suveikim\u0173 ar mirg\u0117jimo.<\/p>","protected":false},"excerpt":{"rendered":"<p>Plataus Kampo Ap\u0161vietimas ir Didelis Ry\u0161kumas AIXPI 240 LED saul\u0117s energija varomas judesio jutiklio \u0161viestuvas turi 3 nepriklausomai reguliuojamas galvutes, kurios gali pasisukti 360\u00b0. \u0160is 1600 LM saul\u0117s pro\u017eektorius gali u\u017etikrinti 270\u00b0 platesn\u012f ap\u0161vietim\u0105, apimant\u012f ma\u017edaug 70 m\u00b2, u\u017etikrindamas visapusi\u0161k\u0105 lauko erdvi\u0173, toki\u0173 kaip sodai, gara\u017eai, \u012fva\u017eiavimai ir lauko durys, ap\u0161vietim\u0105. D\u0117l to jis yra [&hellip;]<\/p>\n","protected":false},"featured_media":1668,"comment_status":"open","ping_status":"closed","template":"","meta":{"_acf_changed":false,"inline_featured_image":false},"product_brand":[],"product_cat":[50],"product_tag":[],"class_list":{"0":"post-1200","1":"product","2":"type-product","3":"status-publish","4":"has-post-thumbnail","6":"product_cat-apsvietimas","8":"first","9":"instock","10":"taxable","11":"shipping-taxable","12":"purchasable","13":"product-type-simple"},"acf":[],"_links":{"self":[{"href":"https:\/\/bmdprekyba.lt\/en\/wp-json\/wp\/v2\/product\/1200","targetHints":{"allow":["GET"]}}],"collection":[{"href":"https:\/\/bmdprekyba.lt\/en\/wp-json\/wp\/v2\/product"}],"about":[{"href":"https:\/\/bmdprekyba.lt\/en\/wp-json\/wp\/v2\/types\/product"}],"replies":[{"embeddable":true,"href":"https:\/\/bmdprekyba.lt\/en\/wp-json\/wp\/v2\/comments?post=1200"}],"wp:featuredmedia":[{"embeddable":true,"href":"https:\/\/bmdprekyba.lt\/en\/wp-json\/wp\/v2\/media\/1668"}],"wp:attachment":[{"href":"https:\/\/bmdprekyba.lt\/en\/wp-json\/wp\/v2\/media?parent=1200"}],"wp:term":[{"taxonomy":"product_brand","embeddable":true,"href":"https:\/\/bmdprekyba.lt\/en\/wp-json\/wp\/v2\/product_brand?post=1200"},{"taxonomy":"product_cat","embeddable":true,"href":"https:\/\/bmdprekyba.lt\/en\/wp-json\/wp\/v2\/product_cat?post=1200"},{"taxonomy":"product_tag","embeddable":true,"href":"https:\/\/bmdprekyba.lt\/en\/wp-json\/wp\/v2\/product_tag?post=1200"}],"curies":[{"name":"wp","href":"https:\/\/api.w.org\/{rel}","templated":true}]}}