{"id":1198,"date":"2025-04-09T00:00:00","date_gmt":"2025-04-09T00:00:00","guid":{"rendered":"https:\/\/bmdprekyba.lt\/?post_type=product&#038;p=1198"},"modified":"2026-01-09T12:01:23","modified_gmt":"2026-01-09T12:01:23","slug":"intelamp-saules-lauko-led-prozektorius-6000mah-1200lm-lauko-su-judesio-jutikliu","status":"publish","type":"product","link":"https:\/\/bmdprekyba.lt\/en\/product\/intelamp-saules-lauko-led-prozektorius-6000mah-1200lm-lauko-su-judesio-jutikliu\/","title":{"rendered":"INTELAMP Saul\u0117s lauko LED pro\u017eektorius 6000mAh 1200LM lauko su judesio jutikli\u0173"},"content":{"rendered":"<h2>Didesnis Saul\u0117s Kolektorius su Auk\u0161tesniu Konversijos Koeficientu<\/h2>\n<p>\u201eIntelamp\u201c lauko saul\u0117s pro\u017eektorius naudoja <b>40 coli\u0173 (apie 101,6 cm) didelio na\u0161umo saul\u0117s kolektori\u0173<\/b>, kuris \u012fkraunamas efektyviau nei dauguma rinkoje esan\u010di\u0173 gamini\u0173. Tai leid\u017eia didel\u0117s talpos akumuliatoriui kaupti <b>3 kartus daugiau energijos<\/b> nei kit\u0173 pirmaujan\u010di\u0173 gamintoj\u0173 produktai. Pilnai \u012fkrautas per dien\u0105, saul\u0117s \u0161viestuvas jutiklio re\u017eimu gali veikti <b>3 naktis<\/b>.<\/p>\n<h2>Lankstus Atskiras Dizainas Naudojimui Viduje ir Lauke<\/h2>\n<p>Lauko saul\u0117s \u0161viestuvas su judesio jutikliu pasi\u017eymi lanks\u010diu atskiru dizainu su <b>9,8 p\u0117d\u0173 (apie 3 m) ilgio kabeliu<\/b>, jungian\u010diu atskirus saul\u0117s kolektorius ir 3 galvu\u010di\u0173 reflektorius, tenkinant poreikius tiek viduje, tiek lauke. Jums nebereik\u0117s jaudintis d\u0117l nepakankamos saul\u0117s \u0161viesos saul\u0117s kolektoriams \u2013 juos galima montuoti gara\u017euose, soduose, prie\u0161kambariuose, kiemuose ar pastat\u0173 viduje.<\/p>\n<h2>Unikalus 2 Jutikli\u0173 Dizainas<\/h2>\n<p><span class=\"citation-39\">Inovatyvus <\/span><b><span class=\"citation-39\">dvigubo jutiklio dizainas<\/span><\/b><span class=\"citation-39\"> gali aptikti judes\u012f daug didesn\u0117je teritorijoje nei vieno jutiklio modelis, u\u017etikrindamas <\/span><b><span class=\"citation-39\">180 laipsni\u0173 saugumo apr\u0117pt\u012f<\/span><\/b><span class=\"citation-39 citation-end-39\">.<\/span> \u0160is saul\u0117s energija maitinamas apsaugos \u0161viestuvas pagerina saugumo savybes, suma\u017eina aklas zonas ir suteikia daugiau \u0161viesos apsaugos vis\u0105 nakt\u012f. \u201eIntelamp\u201c saul\u0117s \u0161viestuvas turi tuos pa\u010dius jutiklio re\u017eimus kaip ir kiti pana\u0161\u016bs produktai.<\/p>\n<h2>Puikus Nuotolinio Valdymo Pultas<\/h2>\n<p>\u0160is lauko saul\u0117s \u0161viestuvas komplektuojamas su dideliu ir ai\u0161kiu nuotolinio valdymo pultu. Skirtingai nuo kit\u0173 saul\u0117s jutiklio lemp\u0173, kurios gali veikti tik vienu 30 sekund\u017ei\u0173 re\u017eimu, \u201eIntelamp\u201c \u0161viesos ry\u0161kum\u0105 galima reguliuoti 30 sekund\u017ei\u0173, 3 minu\u010di\u0173 ir 10 minu\u010di\u0173 trukmei, tod\u0117l, kai \u017emon\u0117s juda aplink lemp\u0105, ji nedings.<\/p>\n<h2>Lengvas Montavimas<\/h2>\n<p>\u201eIntelamp\u201c LED saul\u0117s pro\u017eektoriai su judesio jutikliu lauko s\u0105lygoms komplektuojami su tvirtinimo elementais ir kabeli\u0173 rai\u0161teliais. Galite juos montuoti ant sienos arba, naudodami tvirtas kabeli\u0173 kilpas, pritvirtinti prie \u017eibint\u0173 stulp\u0173. Saul\u0117s kolektori\u0173 montuokite \u012f saul\u0117s pus\u0119, kad gautum\u0117te geresn\u012f \u012fkrovimo efekt\u0105 (idealus montavimo auk\u0161tis yra apie 1,7\u20132 metrai).<\/p>","protected":false},"excerpt":{"rendered":"<p>Didesnis Saul\u0117s Kolektorius su Auk\u0161tesniu Konversijos Koeficientu \u201eIntelamp\u201c lauko saul\u0117s pro\u017eektorius naudoja 40 coli\u0173 (apie 101,6 cm) didelio na\u0161umo saul\u0117s kolektori\u0173, kuris \u012fkraunamas efektyviau nei dauguma rinkoje esan\u010di\u0173 gamini\u0173. Tai leid\u017eia didel\u0117s talpos akumuliatoriui kaupti 3 kartus daugiau energijos nei kit\u0173 pirmaujan\u010di\u0173 gamintoj\u0173 produktai. Pilnai \u012fkrautas per dien\u0105, saul\u0117s \u0161viestuvas jutiklio re\u017eimu gali veikti 3 [&hellip;]<\/p>\n","protected":false},"featured_media":1753,"comment_status":"open","ping_status":"closed","template":"","meta":{"_acf_changed":false,"inline_featured_image":false},"product_brand":[],"product_cat":[50],"product_tag":[],"class_list":{"0":"post-1198","1":"product","2":"type-product","3":"status-publish","4":"has-post-thumbnail","6":"product_cat-apsvietimas","8":"first","9":"instock","10":"taxable","11":"shipping-taxable","12":"purchasable","13":"product-type-simple"},"acf":[],"_links":{"self":[{"href":"https:\/\/bmdprekyba.lt\/en\/wp-json\/wp\/v2\/product\/1198","targetHints":{"allow":["GET"]}}],"collection":[{"href":"https:\/\/bmdprekyba.lt\/en\/wp-json\/wp\/v2\/product"}],"about":[{"href":"https:\/\/bmdprekyba.lt\/en\/wp-json\/wp\/v2\/types\/product"}],"replies":[{"embeddable":true,"href":"https:\/\/bmdprekyba.lt\/en\/wp-json\/wp\/v2\/comments?post=1198"}],"wp:featuredmedia":[{"embeddable":true,"href":"https:\/\/bmdprekyba.lt\/en\/wp-json\/wp\/v2\/media\/1753"}],"wp:attachment":[{"href":"https:\/\/bmdprekyba.lt\/en\/wp-json\/wp\/v2\/media?parent=1198"}],"wp:term":[{"taxonomy":"product_brand","embeddable":true,"href":"https:\/\/bmdprekyba.lt\/en\/wp-json\/wp\/v2\/product_brand?post=1198"},{"taxonomy":"product_cat","embeddable":true,"href":"https:\/\/bmdprekyba.lt\/en\/wp-json\/wp\/v2\/product_cat?post=1198"},{"taxonomy":"product_tag","embeddable":true,"href":"https:\/\/bmdprekyba.lt\/en\/wp-json\/wp\/v2\/product_tag?post=1198"}],"curies":[{"name":"wp","href":"https:\/\/api.w.org\/{rel}","templated":true}]}}