{"id":1197,"date":"2025-04-09T00:00:00","date_gmt":"2025-04-09T00:00:00","guid":{"rendered":"https:\/\/bmdprekyba.lt\/?post_type=product&#038;p=1197"},"modified":"2026-01-09T12:01:22","modified_gmt":"2026-01-09T12:01:22","slug":"salcar-radiatoriaus-termostatas-trv801w-ismanusis-lcd-wifi-termostatas-suderinamas-su-amazon-alexa-ir-google-namu-sildymo-termostatu-tuya-smart","status":"publish","type":"product","link":"https:\/\/bmdprekyba.lt\/en\/product\/salcar-radiatoriaus-termostatas-trv801w-ismanusis-lcd-wifi-termostatas-suderinamas-su-amazon-alexa-ir-google-namu-sildymo-termostatu-tuya-smart\/","title":{"rendered":"SALCAR Radiatoriaus termostatas TRV801W i\u0161manusis LCD WiFi Termostatas Suderinamas su Amazon Alexa ir Google nam\u0173 \u0161ildymo termostatu Tuya Smart"},"content":{"rendered":"<h2>I\u0161manusis \u0160ildymo Termostatas: Nereikia Joki\u0173 I\u0161orini\u0173 Koncentratori\u0173<\/h2>\n<p>Galite lengvai valdyti savo svetain\u0117s, virtuv\u0117s ar vonios kambario temperat\u016br\u0105 per <b>2.4 GHz WiFi<\/b>. Naujasis <b>TRV801W radiatoriaus termostatas<\/b> integruojamas be papildomo \u0161liuzo. Skirtingai nuo tradicini\u0173 ekran\u0173 ant vo\u017etuvo korpuso, \u0161is turi <b>paprast\u0105 ir ai\u0161k\u0173 LCD ekran\u0105<\/b> ant paties termostato.<\/p>\n<h2>Energijos Taupymas<\/h2>\n<p>\u201eSALCAR\u201c termostatas \u0161ildys j\u016bs\u0173 namus iki reikiamos temperat\u016bros tik tada, kai to reikia pagal \u0161ildymo plan\u0105, padedant <b>sutaupyti 30 % energijos<\/b> ir m\u0117gaujantis malonia kambario temperat\u016bra. <span class=\"citation-45\">Jis palaiko <\/span><b><span class=\"citation-45\">lang\u0173 aptikimo funkcij\u0105<\/span><\/b><span class=\"citation-45 citation-end-45\">.<\/span> \u201eSALCAR\u201c temperat\u016bros valdymo vo\u017etuvas gali b\u016bti montuojamas su trimis 1.5V \u0161armin\u0117mis AA baterijomis, suma\u017einant baterij\u0173 keitimo da\u017enum\u0105 (baterijos \u012feina \u012f komplekt\u0105).<\/p>\n<h2>Didelis Na\u0161umas<\/h2>\n<p>I\u0161manusis radiatoriaus termostatas turi \u012fvairi\u0173 praktini\u0173 funkcij\u0173, \u012fskaitant <b>apsaugos nuo u\u017e\u0161alimo funkcij\u0105, apsaugos nuo kalki\u0173 funkcij\u0105, vaiko u\u017erakto funkcij\u0105, lang\u0173 aptikimo funkcij\u0105, priminimo apie i\u0161sikrovusi\u0105 baterij\u0105 funkcij\u0105<\/b> ir kt. Valdykite \u0161ildym\u0105 bet kada ir bet kur per <b>\u201eTuya Smart Life\u201c program\u0117l\u0119<\/b>. Galite rinktis i\u0161 automatinio, rankinio, komforto ir energijos taupymo re\u017eim\u0173, kurie pad\u0117s gyventi protingiau ir lengviau.<\/p>\n<h2>Nuotolinis Valdymas ir Valdymas Balsu<\/h2>\n<p>Susiejus program\u0117l\u0117s paskyr\u0105 su \u201eAmazon\u201c arba \u201eGoogle\u201c paskyra, gal\u0117site naudotis <b>\u201eAmazon Alexa\u201c arba \u201eGoogle Home\u201c<\/b> i\u0161maniesiems namams integruoti ir valdyti balsu. <span class=\"citation-44 citation-end-44\">Su \u201eSALCAR Smart Radiator Thermostat\u201c galite lengvai valdyti savo \u0161ildym\u0105 i\u0161 bet kur per \u201eSmart Life\u201c program\u0117l\u0119, \u201eAlexa\u201c ar \u201eGoogle Assistant\u201c.<\/span><\/p>","protected":false},"excerpt":{"rendered":"<p>I\u0161manusis \u0160ildymo Termostatas: Nereikia Joki\u0173 I\u0161orini\u0173 Koncentratori\u0173 Galite lengvai valdyti savo svetain\u0117s, virtuv\u0117s ar vonios kambario temperat\u016br\u0105 per 2.4 GHz WiFi. Naujasis TRV801W radiatoriaus termostatas integruojamas be papildomo \u0161liuzo. Skirtingai nuo tradicini\u0173 ekran\u0173 ant vo\u017etuvo korpuso, \u0161is turi paprast\u0105 ir ai\u0161k\u0173 LCD ekran\u0105 ant paties termostato. Energijos Taupymas \u201eSALCAR\u201c termostatas \u0161ildys j\u016bs\u0173 namus iki reikiamos [&hellip;]<\/p>\n","protected":false},"featured_media":1763,"comment_status":"open","ping_status":"closed","template":"","meta":{"_acf_changed":false,"inline_featured_image":false},"product_brand":[],"product_cat":[44],"product_tag":[],"class_list":{"0":"post-1197","1":"product","2":"type-product","3":"status-publish","4":"has-post-thumbnail","6":"product_cat-elektronika","8":"first","9":"instock","10":"taxable","11":"shipping-taxable","12":"purchasable","13":"product-type-simple"},"acf":[],"_links":{"self":[{"href":"https:\/\/bmdprekyba.lt\/en\/wp-json\/wp\/v2\/product\/1197","targetHints":{"allow":["GET"]}}],"collection":[{"href":"https:\/\/bmdprekyba.lt\/en\/wp-json\/wp\/v2\/product"}],"about":[{"href":"https:\/\/bmdprekyba.lt\/en\/wp-json\/wp\/v2\/types\/product"}],"replies":[{"embeddable":true,"href":"https:\/\/bmdprekyba.lt\/en\/wp-json\/wp\/v2\/comments?post=1197"}],"wp:featuredmedia":[{"embeddable":true,"href":"https:\/\/bmdprekyba.lt\/en\/wp-json\/wp\/v2\/media\/1763"}],"wp:attachment":[{"href":"https:\/\/bmdprekyba.lt\/en\/wp-json\/wp\/v2\/media?parent=1197"}],"wp:term":[{"taxonomy":"product_brand","embeddable":true,"href":"https:\/\/bmdprekyba.lt\/en\/wp-json\/wp\/v2\/product_brand?post=1197"},{"taxonomy":"product_cat","embeddable":true,"href":"https:\/\/bmdprekyba.lt\/en\/wp-json\/wp\/v2\/product_cat?post=1197"},{"taxonomy":"product_tag","embeddable":true,"href":"https:\/\/bmdprekyba.lt\/en\/wp-json\/wp\/v2\/product_tag?post=1197"}],"curies":[{"name":"wp","href":"https:\/\/api.w.org\/{rel}","templated":true}]}}