{"id":1196,"date":"2025-04-09T00:00:00","date_gmt":"2025-04-09T00:00:00","guid":{"rendered":"https:\/\/bmdprekyba.lt\/?post_type=product&#038;p=1196"},"modified":"2026-03-27T12:08:01","modified_gmt":"2026-03-27T12:08:01","slug":"homelody-momentinis-vandens-sildytuvo-230-v-elektrinis-maisytuvas-juodas-virtuves-maisytuvas-su-momentiniu-vandens-sildytuvo-maisytuvu","status":"publish","type":"product","link":"https:\/\/bmdprekyba.lt\/en\/product\/homelody-momentinis-vandens-sildytuvo-230-v-elektrinis-maisytuvas-juodas-virtuves-maisytuvas-su-momentiniu-vandens-sildytuvo-maisytuvu\/","title":{"rendered":"Elektrinis mai\u0161ytuvas su momentiniu vandens \u0161ildytuvu"},"content":{"rendered":"<p data-start=\"238\" data-end=\"393\">Modernus ir funkcionalus sprendimas J\u016bs\u0173 virtuvei \u2013 <strong data-start=\"290\" data-end=\"362\">HOMELODY 230 V elektrinis mai\u0161ytuvas su momentiniu vandens \u0161ildytuvu<\/strong>, stilingos <strong data-start=\"374\" data-end=\"392\">juodos spalvos<\/strong>.<\/p>\n<p data-start=\"395\" data-end=\"765\">\ud83d\udd27 <strong data-start=\"398\" data-end=\"411\">2 viename<\/strong> \u2013 mai\u0161ytuvas su integruotu vandens \u0161ildytuvu ir ekranu rodan\u010diam temperatura.<br data-start=\"456\" data-end=\"459\" \/>\u26a1 <strong data-start=\"461\" data-end=\"484\">Momentinis \u0161ildymas<\/strong> \u2013 kar\u0161tas vanduo per kelias sekundes<br data-start=\"521\" data-end=\"524\" \/>\ud83d\udca7 <strong data-start=\"527\" data-end=\"554\">Taupo laik\u0105 ir energij\u0105<\/strong> \u2013 vanduo \u0161ildomas tik tada, kai reikia<br data-start=\"593\" data-end=\"596\" \/>\ud83d\udda4 <strong data-start=\"599\" data-end=\"624\" data-is-only-node=\"\">Eleganti\u0161kas dizainas<\/strong> \u2013 puikiai dera modernioje virtuv\u0117je<br data-start=\"660\" data-end=\"663\" \/>\ud83d\udd0c <strong data-start=\"666\" data-end=\"706\">Veikia nuo standartinio 230 V tinklo<\/strong><br data-start=\"706\" data-end=\"709\" \/>\ud83d\udd29 <strong data-start=\"712\" data-end=\"734\">Lengvas montavimas<\/strong> \u2013 viskas, ko reikia, komplekte<\/p>","protected":false},"excerpt":{"rendered":"<p>Modernus ir funkcionalus sprendimas J\u016bs\u0173 virtuvei \u2013 HOMELODY 230 V elektrinis mai\u0161ytuvas su momentiniu vandens \u0161ildytuvu, stilingos juodos spalvos. \ud83d\udd27 2 viename \u2013 mai\u0161ytuvas su integruotu vandens \u0161ildytuvu ir ekranu rodan\u010diam temperatura.\u26a1 Momentinis \u0161ildymas \u2013 kar\u0161tas vanduo per kelias sekundes\ud83d\udca7 Taupo laik\u0105 ir energij\u0105 \u2013 vanduo \u0161ildomas tik tada, kai reikia\ud83d\udda4 Eleganti\u0161kas dizainas \u2013 puikiai [&hellip;]<\/p>\n","protected":false},"featured_media":1783,"comment_status":"open","ping_status":"closed","template":"","meta":{"_acf_changed":false,"inline_featured_image":false},"product_brand":[],"product_cat":[79,74],"product_tag":[],"class_list":{"0":"post-1196","1":"product","2":"type-product","3":"status-publish","4":"has-post-thumbnail","6":"product_cat-irankiai","7":"product_cat-namu-interjeras","9":"first","10":"outofstock","11":"sale","12":"taxable","13":"shipping-taxable","14":"purchasable","15":"product-type-simple"},"acf":[],"_links":{"self":[{"href":"https:\/\/bmdprekyba.lt\/en\/wp-json\/wp\/v2\/product\/1196","targetHints":{"allow":["GET"]}}],"collection":[{"href":"https:\/\/bmdprekyba.lt\/en\/wp-json\/wp\/v2\/product"}],"about":[{"href":"https:\/\/bmdprekyba.lt\/en\/wp-json\/wp\/v2\/types\/product"}],"replies":[{"embeddable":true,"href":"https:\/\/bmdprekyba.lt\/en\/wp-json\/wp\/v2\/comments?post=1196"}],"wp:featuredmedia":[{"embeddable":true,"href":"https:\/\/bmdprekyba.lt\/en\/wp-json\/wp\/v2\/media\/1783"}],"wp:attachment":[{"href":"https:\/\/bmdprekyba.lt\/en\/wp-json\/wp\/v2\/media?parent=1196"}],"wp:term":[{"taxonomy":"product_brand","embeddable":true,"href":"https:\/\/bmdprekyba.lt\/en\/wp-json\/wp\/v2\/product_brand?post=1196"},{"taxonomy":"product_cat","embeddable":true,"href":"https:\/\/bmdprekyba.lt\/en\/wp-json\/wp\/v2\/product_cat?post=1196"},{"taxonomy":"product_tag","embeddable":true,"href":"https:\/\/bmdprekyba.lt\/en\/wp-json\/wp\/v2\/product_tag?post=1196"}],"curies":[{"name":"wp","href":"https:\/\/api.w.org\/{rel}","templated":true}]}}