{"id":1195,"date":"2025-04-09T00:00:00","date_gmt":"2025-04-09T00:00:00","guid":{"rendered":"https:\/\/bmdprekyba.lt\/?post_type=product&#038;p=1195"},"modified":"2026-01-09T12:01:22","modified_gmt":"2026-01-09T12:01:22","slug":"sienu-ir-lubu-slifuoklis-1390-w-skersmuo-225-mm-led-darbine-galvute-galvute-pakreipta-iki-90","status":"publish","type":"product","link":"https:\/\/bmdprekyba.lt\/en\/product\/sienu-ir-lubu-slifuoklis-1390-w-skersmuo-225-mm-led-darbine-galvute-galvute-pakreipta-iki-90\/","title":{"rendered":"Sien\u0173 ir lub\u0173 \u0161lifuoklis 1390 W, skersmuo 225 mm, LED darbin\u0117 galvut\u0117, galvut\u0117 pakreipta iki 90\u00b0"},"content":{"rendered":"<p>LED Ap\u0161vietimas<\/p>\n<p><span class=\"citation-49\">Integruota <\/span><b><span class=\"citation-49\">LED lemput\u0117 pagerina matomum\u0105<\/span><\/b><span class=\"citation-49 citation-end-49\"> tamsiose erdv\u0117se, tod\u0117l \u012frenginys tinka \u0161lifavimui be akl\u0173j\u0173 zon\u0173.<\/span><\/p>\n<h2>Ne\u0161iojamas Dizainas<\/h2>\n<p>Lengvas ir ne\u0161iojamas, \u0161is sien\u0173 \u0161lifavimo aparatas idealiai tinka <b>mobilioms renovacijos komandoms<\/b>.<\/p>\n<h2>Galingas Variklis<\/h2>\n<p>\u0160is sien\u0173 \u0161lifuoklis turi tvirt\u0105 <b>1390 W varikl\u012f<\/b>, kuris u\u017etikrina efektyv\u0173 sien\u0173 \u0161lifavim\u0105 ir poliravim\u0105.<\/p>\n<h2>\u0160varus Darbas Be Dulki\u0173<\/h2>\n<p><b>Savaiminis dulki\u0173 nusiurbimas<\/b> su vakuumo funkcija palaiko darbo viet\u0105 \u0161vari\u0105, suma\u017eindamas dulki\u0173 ir \u0161iuk\u0161li\u0173 kiek\u012f.<\/p>\n<h2>Reguliuojamas Greitis<\/h2>\n<p>\u0160e\u0161i\u0173 grei\u010di\u0173 nustatymai leid\u017eia <b>tiksliai valdyti<\/b> sien\u0173 poliravimo u\u017eduotis.<\/p>","protected":false},"excerpt":{"rendered":"<p>LED Ap\u0161vietimas Integruota LED lemput\u0117 pagerina matomum\u0105 tamsiose erdv\u0117se, tod\u0117l \u012frenginys tinka \u0161lifavimui be akl\u0173j\u0173 zon\u0173. Ne\u0161iojamas Dizainas Lengvas ir ne\u0161iojamas, \u0161is sien\u0173 \u0161lifavimo aparatas idealiai tinka mobilioms renovacijos komandoms. Galingas Variklis \u0160is sien\u0173 \u0161lifuoklis turi tvirt\u0105 1390 W varikl\u012f, kuris u\u017etikrina efektyv\u0173 sien\u0173 \u0161lifavim\u0105 ir poliravim\u0105. \u0160varus Darbas Be Dulki\u0173 Savaiminis dulki\u0173 nusiurbimas su [&hellip;]<\/p>\n","protected":false},"featured_media":1781,"comment_status":"open","ping_status":"closed","template":"","meta":{"_acf_changed":false,"inline_featured_image":false},"product_brand":[],"product_cat":[79],"product_tag":[],"class_list":{"0":"post-1195","1":"product","2":"type-product","3":"status-publish","4":"has-post-thumbnail","6":"product_cat-irankiai","8":"first","9":"instock","10":"taxable","11":"shipping-taxable","12":"purchasable","13":"product-type-simple"},"acf":[],"_links":{"self":[{"href":"https:\/\/bmdprekyba.lt\/en\/wp-json\/wp\/v2\/product\/1195","targetHints":{"allow":["GET"]}}],"collection":[{"href":"https:\/\/bmdprekyba.lt\/en\/wp-json\/wp\/v2\/product"}],"about":[{"href":"https:\/\/bmdprekyba.lt\/en\/wp-json\/wp\/v2\/types\/product"}],"replies":[{"embeddable":true,"href":"https:\/\/bmdprekyba.lt\/en\/wp-json\/wp\/v2\/comments?post=1195"}],"wp:featuredmedia":[{"embeddable":true,"href":"https:\/\/bmdprekyba.lt\/en\/wp-json\/wp\/v2\/media\/1781"}],"wp:attachment":[{"href":"https:\/\/bmdprekyba.lt\/en\/wp-json\/wp\/v2\/media?parent=1195"}],"wp:term":[{"taxonomy":"product_brand","embeddable":true,"href":"https:\/\/bmdprekyba.lt\/en\/wp-json\/wp\/v2\/product_brand?post=1195"},{"taxonomy":"product_cat","embeddable":true,"href":"https:\/\/bmdprekyba.lt\/en\/wp-json\/wp\/v2\/product_cat?post=1195"},{"taxonomy":"product_tag","embeddable":true,"href":"https:\/\/bmdprekyba.lt\/en\/wp-json\/wp\/v2\/product_tag?post=1195"}],"curies":[{"name":"wp","href":"https:\/\/api.w.org\/{rel}","templated":true}]}}