{"id":1194,"date":"2025-04-09T00:00:00","date_gmt":"2025-04-09T00:00:00","guid":{"rendered":"https:\/\/bmdprekyba.lt\/?post_type=product&#038;p=1194"},"modified":"2026-01-09T12:01:21","modified_gmt":"2026-01-09T12:01:21","slug":"3-mazos-magnetines-lentos-saldytuvui-30-x-20-cm-mini-magnetine-lenta-virtuvei-lentos-plevele-seimos-meniu-a4-magnetines-pleveles-rasymo-lenta-ir-3-rasikliai-1-kempine","status":"publish","type":"product","link":"https:\/\/bmdprekyba.lt\/en\/product\/3-mazos-magnetines-lentos-saldytuvui-30-x-20-cm-mini-magnetine-lenta-virtuvei-lentos-plevele-seimos-meniu-a4-magnetines-pleveles-rasymo-lenta-ir-3-rasikliai-1-kempine\/","title":{"rendered":"3 ma\u017eos magnetin\u0117s lentos \u0161aldytuvui, 30 x 20 cm mini magnetin\u0117 lenta virtuvei, lentos pl\u0117vel\u0117 \u0161eimos meniu, A4 magnetin\u0117s pl\u0117vel\u0117s ra\u0161ymo lenta ir 3 ra\u0161ikliai 1 kempin\u0117"},"content":{"rendered":"<h2>Prakti\u0161k\u0105 Magnetin\u012f Balt\u0105 Lent\u0105<\/h2>\n<p>&nbsp;<\/p>\n<p>Tiesiog greitai pa\u017evelkite \u012f \u0161aldytuvo lent\u0105, kad gal\u0117tum\u0117te pasiruo\u0161ti dienai ir visk\u0105 prisiminti. Tokiu b\u016bdu, m\u016bs\u0173 ma\u017ea magnetin\u0117 lenta yra daug prakti\u0161kesn\u0117 nei kasdienis bloknotas. D\u0117l <b>stipri\u0173 magnetini\u0173 \u0161aldytuvo lent\u0173<\/b>, galite j\u0105 pritvirtinti be gr\u0119\u017eimo ir klijavimo \u2013 jokios netvarkos!<\/p>\n<h2>3 Balt\u0173 Lent\u0173 Rinkinys<\/h2>\n<p>Rinkinys suteikia <b>3 kartus daugiau pavir\u0161iaus<\/b> u\u017era\u0161ams. D\u0117l purv\u0105 atstumian\u010dios technologijos ra\u0161ym\u0105 galite lengvai nuvalyti net po 30 dien\u0173. Balt\u0173 lent\u0173 rinkin\u012f sudaro viskas, ko reikia: <b>3 spalvoti \u017eymekliai ir 1 kempin\u0117<\/b>, visi jie yra magnetiniai, tod\u0117l juos patogu naudoti.<\/p>\n<h2>Stiprus Magnetizmas<\/h2>\n<p>Visa magnetin\u0117 danga pasi\u017eymi <b>stipriu magnetiniu veikimu<\/b>, ir magnetin\u0117 lenta tvirtai prilimpa prie \u0161aldytuvo. Be to, ji i\u0161 karto priglunda prie pavir\u0161iaus ir negali nukristi. <b>Svarb\u016bs patarimai:<\/b> netinka ner\u016bdijan\u010diam plienui. Prie\u0161 pirkdami patikrinkite, ar j\u016bs\u0173 \u0161aldytuvas yra magnetinis. Patikrinkite savo \u0161aldytuv\u0105!<\/p>\n<h2>Universalus Naudojimas<\/h2>\n<p>Nesvarbu, ar tai savait\u0117s planuoklis, ar pirkini\u0173 s\u0105ra\u0161as, m\u016bs\u0173 ra\u0161ymo lenta idealiai tinka tam. Ra\u0161ykite plonu \u017eymekliu. Prisiminkite, kada reikia atsigerti vandens, i\u0161valyti ar tiesiog eiti \u012f virtuv\u0119. Sekti plan\u0105 gali b\u016bti lengva. O tai, kas u\u017era\u0161yta lentoje, gali pad\u0117ti \u0161eimai \u017einoti, kas vyksta su kitais.<\/p>\n<h2>Nebereik\u0117s \u0160vaistyti Lipni\u0173 Lapeli\u0173<\/h2>\n<p>Per daug lipni\u0173 lapeli\u0173 sukelia atminties chaos\u0105. U\u017ed\u0117kite juos ant m\u016bs\u0173 magnetin\u0117s baltos lentos ant \u0161aldytuvo, kad nieko nepamir\u0161tum\u0117te. D\u0117l <b>nuvalomo pavir\u0161iaus<\/b> galite daryti u\u017era\u0161us v\u0117l ir v\u0117l. Be to, lent\u0105 galima <b>kirpti pagal j\u016bs\u0173 pageidavimus<\/b>.<\/p>\n<h2>Pasitenkinimo Paslauga<\/h2>\n<p>Norime pasi\u016blyti savo klientams auk\u0161tos kokyb\u0117s balt\u0105 lent\u0105. Visi\u0161kas patikrinimas prie\u0161 i\u0161siun\u010diant yra m\u016bs\u0173 standartin\u0117 proced\u016bra. Jei aptinkate problem\u0105, susisiekite su mumis, mes visada esame pasiruo\u0161\u0119 jums pad\u0117ti. <b>Svarb\u016bs patarimai:<\/b> Prie\u0161 pirkdami patikrinkite, ar j\u016bs\u0173 \u0161aldytuvas yra magnetinis! Patikrinkite savo \u0161aldytuv\u0105. Jei magnetas gali prilipti prie j\u016bs\u0173 \u0161aldytuvo, tada ir m\u016bs\u0173 lenta tai padarys. \u0160is patikrinimas yra labai svarbus, siekiant u\u017etikrinti, kad lenta puikiai prilipt\u0173 prie j\u016bs\u0173 \u0161aldytuvo ir i\u0161likt\u0173 stabili.<\/p>","protected":false},"excerpt":{"rendered":"<p>Prakti\u0161k\u0105 Magnetin\u012f Balt\u0105 Lent\u0105 &nbsp; Tiesiog greitai pa\u017evelkite \u012f \u0161aldytuvo lent\u0105, kad gal\u0117tum\u0117te pasiruo\u0161ti dienai ir visk\u0105 prisiminti. Tokiu b\u016bdu, m\u016bs\u0173 ma\u017ea magnetin\u0117 lenta yra daug prakti\u0161kesn\u0117 nei kasdienis bloknotas. D\u0117l stipri\u0173 magnetini\u0173 \u0161aldytuvo lent\u0173, galite j\u0105 pritvirtinti be gr\u0119\u017eimo ir klijavimo \u2013 jokios netvarkos! 3 Balt\u0173 Lent\u0173 Rinkinys Rinkinys suteikia 3 kartus daugiau pavir\u0161iaus [&hellip;]<\/p>\n","protected":false},"featured_media":1751,"comment_status":"open","ping_status":"closed","template":"","meta":{"_acf_changed":false,"inline_featured_image":false},"product_brand":[],"product_cat":[15],"product_tag":[],"class_list":{"0":"post-1194","1":"product","2":"type-product","3":"status-publish","4":"has-post-thumbnail","6":"product_cat-be-kategorijos","8":"first","9":"instock","10":"taxable","11":"shipping-taxable","12":"purchasable","13":"product-type-simple"},"acf":[],"_links":{"self":[{"href":"https:\/\/bmdprekyba.lt\/en\/wp-json\/wp\/v2\/product\/1194","targetHints":{"allow":["GET"]}}],"collection":[{"href":"https:\/\/bmdprekyba.lt\/en\/wp-json\/wp\/v2\/product"}],"about":[{"href":"https:\/\/bmdprekyba.lt\/en\/wp-json\/wp\/v2\/types\/product"}],"replies":[{"embeddable":true,"href":"https:\/\/bmdprekyba.lt\/en\/wp-json\/wp\/v2\/comments?post=1194"}],"wp:featuredmedia":[{"embeddable":true,"href":"https:\/\/bmdprekyba.lt\/en\/wp-json\/wp\/v2\/media\/1751"}],"wp:attachment":[{"href":"https:\/\/bmdprekyba.lt\/en\/wp-json\/wp\/v2\/media?parent=1194"}],"wp:term":[{"taxonomy":"product_brand","embeddable":true,"href":"https:\/\/bmdprekyba.lt\/en\/wp-json\/wp\/v2\/product_brand?post=1194"},{"taxonomy":"product_cat","embeddable":true,"href":"https:\/\/bmdprekyba.lt\/en\/wp-json\/wp\/v2\/product_cat?post=1194"},{"taxonomy":"product_tag","embeddable":true,"href":"https:\/\/bmdprekyba.lt\/en\/wp-json\/wp\/v2\/product_tag?post=1194"}],"curies":[{"name":"wp","href":"https:\/\/api.w.org\/{rel}","templated":true}]}}