{"id":1193,"date":"2025-04-09T00:00:00","date_gmt":"2025-04-09T00:00:00","guid":{"rendered":"https:\/\/bmdprekyba.lt\/?post_type=product&#038;p=1193"},"modified":"2026-01-09T12:01:21","modified_gmt":"2026-01-09T12:01:21","slug":"gifcomda-stalo-peilis-nerudijancio-plieno-sviesto-peilis-24-vienetu-227-cm-894-colio-pusryciu-peilis-sviesto-peilis-galima-plauti-indaploveje","status":"publish","type":"product","link":"https:\/\/bmdprekyba.lt\/en\/product\/gifcomda-stalo-peilis-nerudijancio-plieno-sviesto-peilis-24-vienetu-227-cm-894-colio-pusryciu-peilis-sviesto-peilis-galima-plauti-indaploveje\/","title":{"rendered":"Gifcomda stalo peilis, ner\u016bdijan\u010dio plieno sviesto peilis,6 vienet\u0173 (22,7 cm, 8,94 colio), pusry\u010di\u0173 peilis \/ sviesto peilis galima plauti indaplov\u0117je"},"content":{"rendered":"<h2 class=\"\">24 Stalo Peiliai<\/h2>\n<p>\u0160\u012f peili\u0173 rinkin\u012f sudaro <b class=\"\">6 stalo peiliai<\/b>, kiekvienas j\u0173 yra 8,94 colio (apie 22,7 cm) ilgio. Jis puikiai tinka kasdieniam naudojimui daugumoje nam\u0173 \u016bki\u0173 ar kaip papildymas turimam rinkiniui. Taip pat idealiai tinka restoranams, vie\u0161bu\u010diams, vakar\u0117liams, vestuv\u0117ms ir kitoms progoms, kuriose dalyvauja daug \u017emoni\u0173. Be to, \u0161is pusry\u010di\u0173 peilis <b class=\"\">galima plauti indaplov\u0117je<\/b>, tod\u0117l sutaupysite laiko valydami.<\/p>\n<h2 class=\"\">Auk\u0161ta Kokyb\u0117<\/h2>\n<p>Stalo peilis pagamintas i\u0161 pasirinkto <b class=\"\">ner\u016bdijan\u010dio plieno<\/b>, kuris yra atsparus r\u016bdims ir korozijai bei patvarus, u\u017etikrinantis didesn\u012f saugum\u0105 naudojant. Pavir\u0161ius yra <b class=\"\">auk\u0161tai poliruotas<\/b>, suteikiant blizgi\u0105 apdail\u0105. <b class=\"\">Lyg\u016bs kra\u0161tai<\/b>, be \u0161iurk\u0161\u010di\u0173 viet\u0173 ar kamp\u0173, nebrai\u017eys j\u016bs\u0173 rank\u0173, u\u017etikrinsdami atsipalaidavus\u012f ir malon\u0173 valgymo proces\u0105.<\/p>\n<h2 class=\"\">Klasikinis Dizainas<\/h2>\n<p>Lygios, vientisos linijos patogiai telpa rankoje, o <b class=\"\">smulkiai dantytas kra\u0161tas<\/b> daro stalo peil\u012f tvirtu ir ilgaam\u017eiu. Plati ir stora rankena u\u017etikrina patog\u0173 su\u0117mim\u0105. Paprasta, eleganti\u0161ka peilio forma leid\u017eia j\u012f naudoti su \u012fvairiais stalo \u012franki\u0173 stiliais neprarandant elegancijos. Parodykite savo unikal\u0173 stili\u0173 ir skon\u012f prie stalo.<\/p>\n<h2 class=\"\">Daugiafunkcis Naudojimas<\/h2>\n<p>D\u0117l smulkiai dantyto kra\u0161to stalo peilis <b class=\"\">be vargo pjausto<\/b> vis\u0173 r\u016b\u0161i\u0173 maist\u0105 ir i\u0161lieka a\u0161trus ilgiau. Lengvai pjaustykite tokius maisto produktus kaip steikas, vi\u0161tiena, \u0161onin\u0117, pica ir dar daugiau. Sviesto peilis taip pat gali b\u016bti naudojamas kaip prakti\u0161kas \u012frankis duonai tepti majonezu, \u017eem\u0117s rie\u0161ut\u0173 sviestu, uogiene ir kt., kad atitikt\u0173 j\u016bs\u0173 maisto tekst\u016bros poreikius.<\/p>","protected":false},"excerpt":{"rendered":"<p>24 Stalo Peiliai \u0160\u012f peili\u0173 rinkin\u012f sudaro 6 stalo peiliai, kiekvienas j\u0173 yra 8,94 colio (apie 22,7 cm) ilgio. Jis puikiai tinka kasdieniam naudojimui daugumoje nam\u0173 \u016bki\u0173 ar kaip papildymas turimam rinkiniui. Taip pat idealiai tinka restoranams, vie\u0161bu\u010diams, vakar\u0117liams, vestuv\u0117ms ir kitoms progoms, kuriose dalyvauja daug \u017emoni\u0173. Be to, \u0161is pusry\u010di\u0173 peilis galima plauti indaplov\u0117je, [&hellip;]<\/p>\n","protected":false},"featured_media":1745,"comment_status":"open","ping_status":"closed","template":"","meta":{"_acf_changed":false,"inline_featured_image":false},"product_brand":[],"product_cat":[15],"product_tag":[],"class_list":{"0":"post-1193","1":"product","2":"type-product","3":"status-publish","4":"has-post-thumbnail","6":"product_cat-be-kategorijos","8":"first","9":"instock","10":"taxable","11":"shipping-taxable","12":"purchasable","13":"product-type-simple"},"acf":[],"_links":{"self":[{"href":"https:\/\/bmdprekyba.lt\/en\/wp-json\/wp\/v2\/product\/1193","targetHints":{"allow":["GET"]}}],"collection":[{"href":"https:\/\/bmdprekyba.lt\/en\/wp-json\/wp\/v2\/product"}],"about":[{"href":"https:\/\/bmdprekyba.lt\/en\/wp-json\/wp\/v2\/types\/product"}],"replies":[{"embeddable":true,"href":"https:\/\/bmdprekyba.lt\/en\/wp-json\/wp\/v2\/comments?post=1193"}],"wp:featuredmedia":[{"embeddable":true,"href":"https:\/\/bmdprekyba.lt\/en\/wp-json\/wp\/v2\/media\/1745"}],"wp:attachment":[{"href":"https:\/\/bmdprekyba.lt\/en\/wp-json\/wp\/v2\/media?parent=1193"}],"wp:term":[{"taxonomy":"product_brand","embeddable":true,"href":"https:\/\/bmdprekyba.lt\/en\/wp-json\/wp\/v2\/product_brand?post=1193"},{"taxonomy":"product_cat","embeddable":true,"href":"https:\/\/bmdprekyba.lt\/en\/wp-json\/wp\/v2\/product_cat?post=1193"},{"taxonomy":"product_tag","embeddable":true,"href":"https:\/\/bmdprekyba.lt\/en\/wp-json\/wp\/v2\/product_tag?post=1193"}],"curies":[{"name":"wp","href":"https:\/\/api.w.org\/{rel}","templated":true}]}}