{"id":1192,"date":"2025-04-09T00:00:00","date_gmt":"2025-04-09T00:00:00","guid":{"rendered":"https:\/\/bmdprekyba.lt\/?post_type=product&#038;p=1192"},"modified":"2026-01-09T12:01:21","modified_gmt":"2026-01-09T12:01:21","slug":"sliandtelly-desktop-small-whiteboard-desk-glass-wipeable-whiteboard-for-notes-8","status":"publish","type":"product","link":"https:\/\/bmdprekyba.lt\/en\/product\/sliandtelly-desktop-small-whiteboard-desk-glass-wipeable-whiteboard-for-notes-8\/","title":{"rendered":"Sliandtelly Desktop Small Whiteboard, Desk Glass Wipeable Whiteboard for Notes, 8&#8243;"},"content":{"rendered":"<h2>Patog\u016bs ir Tvarkingi U\u017era\u0161ai<\/h2>\n<p>Atnaujinkite savo stal\u0105 su \u0161ia <b>ma\u017ea stikline lenta<\/b> ir m\u0117gaukit\u0117s greitais u\u017era\u0161ais be netvarking\u0173 lipni\u0173 lapeli\u0173! Lenta sukurta su lengvu pakreipimu, kad ra\u0161ymas b\u016bt\u0173 itin patogus \u2013 gal\u0117site patogiai u\u017esira\u0161yti visk\u0105 ar daryti min\u010di\u0173 \u0161turm\u0105.<\/p>\n<h2>Sklandus Ra\u0161ymas, Lengvas Trinimasis<\/h2>\n<p><b>Gr\u016bdinto stiklo pavir\u0161ius<\/b> leid\u017eia \u017eymekliams skland\u017eiai slysti ra\u0161ant ant \u0161ios ma\u017eos stalo lentos ir akimirksniu nusivalo, nepaliekant joki\u0173 d\u0117mi\u0173 ar liku\u010di\u0173.<\/p>\n<h2>Neslystantis Pagrindas Stabilumui<\/h2>\n<p><b>Neslystan\u010dios pagalv\u0117l\u0117s<\/b> tvirtai laiko ma\u017e\u0105 balt\u0105 lent\u0105 vietoje, nesvarbu, ar ji yra plok\u0161\u010dia, ar pakreipta, tod\u0117l stalo lenta neslys ra\u0161ant ar trinant.<\/p>\n<h2>Integruotas \u017dymeklio D\u0117klas<\/h2>\n<p><b>\u017dymeklio lizdas<\/b> ant ma\u017eos sauso trynimo lentos saugiai laiko j\u016bs\u0173 ra\u0161ikl\u012f pasiekiamoje vietoje, tod\u0117l visada b\u016bsite pasiruo\u0161\u0119 ra\u0161yti ir niekada nebeteksite ra\u0161ikli\u0173.<\/p>\n<h2>Viskas \u012fskai\u010diuota ir Paruo\u0161ta Naudoti<\/h2>\n<p>Komplekte yra <b>8&#8243; x 6&#8243; (apie 20 x 15 cm) stiklin\u0117 lenta<\/b>, juodas lentos \u017eymeklis su trintuku ant dangtelio. Puikiai tinka kaip skelbim\u0173 lenta, darb\u0173 s\u0105ra\u0161o lenta, priminim\u0173 lenta, prane\u0161im\u0173 lenta ant stalo studentams, mokytojams, biuro darbuotojams ir asmenims ar grup\u0117ms, kuriems reikia daryti \u012fra\u0161us.<\/p>\n<h2>Auk\u0161tos Kokyb\u0117s Med\u017eiaga<\/h2>\n<p><b>Storas gr\u016bdintas stiklas<\/b> su stabiliu <b>ABS pagrindu<\/b> puikiai tinka kasdieniam naudojimui ir tarnauja kaip ilgalaik\u0117 \u012fra\u0161ymo priemon\u0117. Puikiai tinka nam\u0173 biuro darbo vietai, virtuv\u0117s stalvir\u0161iui ar mokyklos klasei.<\/p>","protected":false},"excerpt":{"rendered":"<p>Patog\u016bs ir Tvarkingi U\u017era\u0161ai Atnaujinkite savo stal\u0105 su \u0161ia ma\u017ea stikline lenta ir m\u0117gaukit\u0117s greitais u\u017era\u0161ais be netvarking\u0173 lipni\u0173 lapeli\u0173! Lenta sukurta su lengvu pakreipimu, kad ra\u0161ymas b\u016bt\u0173 itin patogus \u2013 gal\u0117site patogiai u\u017esira\u0161yti visk\u0105 ar daryti min\u010di\u0173 \u0161turm\u0105. Sklandus Ra\u0161ymas, Lengvas Trinimasis Gr\u016bdinto stiklo pavir\u0161ius leid\u017eia \u017eymekliams skland\u017eiai slysti ra\u0161ant ant \u0161ios ma\u017eos stalo [&hellip;]<\/p>\n","protected":false},"featured_media":1742,"comment_status":"open","ping_status":"closed","template":"","meta":{"_acf_changed":false,"inline_featured_image":false},"product_brand":[],"product_cat":[15],"product_tag":[],"class_list":{"0":"post-1192","1":"product","2":"type-product","3":"status-publish","4":"has-post-thumbnail","6":"product_cat-be-kategorijos","8":"first","9":"instock","10":"taxable","11":"shipping-taxable","12":"purchasable","13":"product-type-simple"},"acf":[],"_links":{"self":[{"href":"https:\/\/bmdprekyba.lt\/en\/wp-json\/wp\/v2\/product\/1192","targetHints":{"allow":["GET"]}}],"collection":[{"href":"https:\/\/bmdprekyba.lt\/en\/wp-json\/wp\/v2\/product"}],"about":[{"href":"https:\/\/bmdprekyba.lt\/en\/wp-json\/wp\/v2\/types\/product"}],"replies":[{"embeddable":true,"href":"https:\/\/bmdprekyba.lt\/en\/wp-json\/wp\/v2\/comments?post=1192"}],"wp:featuredmedia":[{"embeddable":true,"href":"https:\/\/bmdprekyba.lt\/en\/wp-json\/wp\/v2\/media\/1742"}],"wp:attachment":[{"href":"https:\/\/bmdprekyba.lt\/en\/wp-json\/wp\/v2\/media?parent=1192"}],"wp:term":[{"taxonomy":"product_brand","embeddable":true,"href":"https:\/\/bmdprekyba.lt\/en\/wp-json\/wp\/v2\/product_brand?post=1192"},{"taxonomy":"product_cat","embeddable":true,"href":"https:\/\/bmdprekyba.lt\/en\/wp-json\/wp\/v2\/product_cat?post=1192"},{"taxonomy":"product_tag","embeddable":true,"href":"https:\/\/bmdprekyba.lt\/en\/wp-json\/wp\/v2\/product_tag?post=1192"}],"curies":[{"name":"wp","href":"https:\/\/api.w.org\/{rel}","templated":true}]}}