{"id":1191,"date":"2025-04-09T00:00:00","date_gmt":"2025-04-09T00:00:00","guid":{"rendered":"https:\/\/bmdprekyba.lt\/?post_type=product&#038;p=1191"},"modified":"2026-01-14T14:06:49","modified_gmt":"2026-01-14T14:06:49","slug":"kollyseek-besisukantis-paveikslo-remelis-10x15-cm-nuotrauku-remelis-360-besisukantis-medinis-paveikslu-remelis-6-nuotraukos","status":"publish","type":"product","link":"https:\/\/bmdprekyba.lt\/en\/product\/kollyseek-besisukantis-paveikslo-remelis-10x15-cm-nuotrauku-remelis-360-besisukantis-medinis-paveikslu-remelis-6-nuotraukos\/","title":{"rendered":"kollyseek Besisukantis paveikslo r\u0117melis 10&#215;15 cm nuotrauk\u0173 r\u0117melis, 360\u00b0 besisukantis medinis paveiksl\u0173 r\u0117melis 6 nuotraukos"},"content":{"rendered":"","protected":false},"excerpt":{"rendered":"","protected":false},"featured_media":0,"comment_status":"open","ping_status":"closed","template":"","meta":{"_acf_changed":false,"inline_featured_image":false},"product_brand":[],"product_cat":[74],"product_tag":[],"class_list":{"0":"post-1191","1":"product","2":"type-product","3":"status-publish","5":"product_cat-namu-interjeras","7":"first","8":"outofstock","9":"taxable","10":"shipping-taxable","11":"purchasable","12":"product-type-simple"},"acf":[],"_links":{"self":[{"href":"https:\/\/bmdprekyba.lt\/en\/wp-json\/wp\/v2\/product\/1191","targetHints":{"allow":["GET"]}}],"collection":[{"href":"https:\/\/bmdprekyba.lt\/en\/wp-json\/wp\/v2\/product"}],"about":[{"href":"https:\/\/bmdprekyba.lt\/en\/wp-json\/wp\/v2\/types\/product"}],"replies":[{"embeddable":true,"href":"https:\/\/bmdprekyba.lt\/en\/wp-json\/wp\/v2\/comments?post=1191"}],"wp:attachment":[{"href":"https:\/\/bmdprekyba.lt\/en\/wp-json\/wp\/v2\/media?parent=1191"}],"wp:term":[{"taxonomy":"product_brand","embeddable":true,"href":"https:\/\/bmdprekyba.lt\/en\/wp-json\/wp\/v2\/product_brand?post=1191"},{"taxonomy":"product_cat","embeddable":true,"href":"https:\/\/bmdprekyba.lt\/en\/wp-json\/wp\/v2\/product_cat?post=1191"},{"taxonomy":"product_tag","embeddable":true,"href":"https:\/\/bmdprekyba.lt\/en\/wp-json\/wp\/v2\/product_tag?post=1191"}],"curies":[{"name":"wp","href":"https:\/\/api.w.org\/{rel}","templated":true}]}}