{"id":1190,"date":"2025-04-09T00:00:00","date_gmt":"2025-04-09T00:00:00","guid":{"rendered":"https:\/\/bmdprekyba.lt\/?post_type=product&#038;p=1190"},"modified":"2026-01-12T11:05:33","modified_gmt":"2026-01-12T11:05:33","slug":"kollyseek-paveikslu-remelis-aliuminis-30-x-45-cm-juodas","status":"publish","type":"product","link":"https:\/\/bmdprekyba.lt\/en\/product\/kollyseek-paveikslu-remelis-aliuminis-30-x-45-cm-juodas\/","title":{"rendered":"kollyseek paveiksl\u0173 r\u0117melis aliuminis 30 x 45 cm juodas"},"content":{"rendered":"<h2>Klasikinis Aliuminio Dizainas<\/h2>\n<p>\u0160iuolaikinis nuotrauk\u0173 r\u0117melio dizainas su ned\u016b\u017etan\u010diu <b>auk\u0161tos rai\u0161kos akrilo stiklu<\/b> ir <b>aliuminio r\u0117mu<\/b>.<\/p>\n<h2>Vertikalus ar Horizontalus I\u0161d\u0117stymas<\/h2>\n<p>Eleganti\u0161kas aliuminio nuotrauk\u0173 r\u0117melis turi du kabliukus gale, tod\u0117l j\u012f galima statyti ant sienos horizontaliai arba vertikaliai, atitinkant \u012fvairius j\u016bs\u0173 dekoravimo poreikius.<\/p>\n<h2>Kokybi\u0161kas Meistri\u0161kumas<\/h2>\n<p>R\u0117melis pagamintas i\u0161 <b>tvirto aliuminio<\/b> ir yra 0,8 cm x 1,8 cm storio. D\u0117l to m\u016bs\u0173 aliuminio r\u0117meliai yra ne tik tvirti, bet ir <b>lengvi bei stabil\u016bs<\/b>. R\u0117melio pagrindas: pagamintas i\u0161 3 mm storio tvirto <b>MDF pagrindo<\/b>, kuris u\u017etikrina viso r\u0117melio stabilum\u0105.<\/p>\n<h2>Dydis ir Turinys<\/h2>\n<p>\u0160iame produkte yra <b>aliuminio r\u0117melis ir skirtukas be nuotraukos<\/b>. Nuotrauk\u0173 r\u0117melis transportavimo metu apsaugotas kartoniniais kampiniais apvalkalais, kartonin\u0117mis d\u0117\u017e\u0117mis ir apsaugine pl\u0117vele. R\u0117meli\u0173 dyd\u017eiai: DIN A4, 30x30cm, 30x40cm, 30x45cm, 40x50cm, 40x60cm, 50x70cm.<\/p>\n<h2>Lengva Naudoti<\/h2>\n<p>Su segtuku ir kartoniniu pagrindu galite <b>lengvai \u012fd\u0117ti ir pakeisti nuotraukas<\/b>. Puikiai tinka j\u016bs\u0173 m\u0117gstamam paveikslui ar nuotraukai, kolia\u017e\u0173 r\u0117meliams ar paruo\u0161toms nuotraukoms, sertifikat\u0173 r\u0117meliams, portret\u0173 r\u0117meliams, plakat\u0173 r\u0117meliams ar net d\u0117lion\u0117s r\u0117meliams j\u016bs\u0173 m\u0117gstamoms d\u0117lion\u0117ms.<\/p>","protected":false},"excerpt":{"rendered":"<p>Klasikinis Aliuminio Dizainas \u0160iuolaikinis nuotrauk\u0173 r\u0117melio dizainas su ned\u016b\u017etan\u010diu auk\u0161tos rai\u0161kos akrilo stiklu ir aliuminio r\u0117mu. Vertikalus ar Horizontalus I\u0161d\u0117stymas Eleganti\u0161kas aliuminio nuotrauk\u0173 r\u0117melis turi du kabliukus gale, tod\u0117l j\u012f galima statyti ant sienos horizontaliai arba vertikaliai, atitinkant \u012fvairius j\u016bs\u0173 dekoravimo poreikius. Kokybi\u0161kas Meistri\u0161kumas R\u0117melis pagamintas i\u0161 tvirto aliuminio ir yra 0,8 cm x 1,8 [&hellip;]<\/p>\n","protected":false},"featured_media":1739,"comment_status":"open","ping_status":"closed","template":"","meta":{"_acf_changed":false,"inline_featured_image":false},"product_brand":[],"product_cat":[74],"product_tag":[],"class_list":{"0":"post-1190","1":"product","2":"type-product","3":"status-publish","4":"has-post-thumbnail","6":"product_cat-namu-interjeras","8":"first","9":"outofstock","10":"taxable","11":"shipping-taxable","12":"purchasable","13":"product-type-simple"},"acf":[],"_links":{"self":[{"href":"https:\/\/bmdprekyba.lt\/en\/wp-json\/wp\/v2\/product\/1190","targetHints":{"allow":["GET"]}}],"collection":[{"href":"https:\/\/bmdprekyba.lt\/en\/wp-json\/wp\/v2\/product"}],"about":[{"href":"https:\/\/bmdprekyba.lt\/en\/wp-json\/wp\/v2\/types\/product"}],"replies":[{"embeddable":true,"href":"https:\/\/bmdprekyba.lt\/en\/wp-json\/wp\/v2\/comments?post=1190"}],"wp:featuredmedia":[{"embeddable":true,"href":"https:\/\/bmdprekyba.lt\/en\/wp-json\/wp\/v2\/media\/1739"}],"wp:attachment":[{"href":"https:\/\/bmdprekyba.lt\/en\/wp-json\/wp\/v2\/media?parent=1190"}],"wp:term":[{"taxonomy":"product_brand","embeddable":true,"href":"https:\/\/bmdprekyba.lt\/en\/wp-json\/wp\/v2\/product_brand?post=1190"},{"taxonomy":"product_cat","embeddable":true,"href":"https:\/\/bmdprekyba.lt\/en\/wp-json\/wp\/v2\/product_cat?post=1190"},{"taxonomy":"product_tag","embeddable":true,"href":"https:\/\/bmdprekyba.lt\/en\/wp-json\/wp\/v2\/product_tag?post=1190"}],"curies":[{"name":"wp","href":"https:\/\/api.w.org\/{rel}","templated":true}]}}