{"id":1187,"date":"2025-04-09T00:00:00","date_gmt":"2025-04-09T00:00:00","guid":{"rendered":"https:\/\/bmdprekyba.lt\/?post_type=product&#038;p=1187"},"modified":"2025-12-12T17:04:10","modified_gmt":"2025-12-12T17:04:10","slug":"gifcomda-matt-gold-stalo-irankiu-rinkinys-30-daliu-nerudijancio-plieno-stalo-irankiu-rinkinys-6-zmonems-su-peiliu-sakute-saukstu-galima-plauti-indaploveje","status":"publish","type":"product","link":"https:\/\/bmdprekyba.lt\/en\/product\/gifcomda-matt-gold-stalo-irankiu-rinkinys-30-daliu-nerudijancio-plieno-stalo-irankiu-rinkinys-6-zmonems-su-peiliu-sakute-saukstu-galima-plauti-indaploveje\/","title":{"rendered":"Stalo \u012franki\u0173 rinkinys &#8222;Gifcomda&#8221; Matt Gold"},"content":{"rendered":"<h2>6 Asmen\u0173 Stalo \u012eranki\u0173 Rinkinys<\/h2>\n<p>\u201eGifcomda\u201c 30 dali\u0173 stalo \u012franki\u0173 rinkin\u012f sudaro 6 stalo peiliai, 6 piet\u0173 \u0161akut\u0117s, 6 valgomieji \u0161auk\u0161tai ir 6 arbatiniai \u0161auk\u0161teliai \u2013 tai tobulas peili\u0173, \u0161aku\u010di\u0173 ir \u0161auk\u0161t\u0173 derinys j\u016bs\u0173 kasdieniams poreikiams.<\/p>\n<h2>Auk\u0161tos Kokyb\u0117s Ner\u016bdijantis Plienas<\/h2>\n<p>M\u016bs\u0173 stalo \u012frankiai pagaminti i\u0161 auk\u0161tos kokyb\u0117s <b>maistinio ner\u016bdijan\u010dio plieno<\/b>, kuris u\u017etikrina patikim\u0105 j\u016bs\u0173 maisto saugum\u0105 ir higien\u0105. Jis yra pakankamai tvirtas, ner\u016bdijantis ir atsparus korozijai, tod\u0117l tinkamai pri\u017ei\u016brimas \u0161is rinkinys tarnaus ilgai.<\/p>\n<h2>Ergonomi\u0161kas Dizainas<\/h2>\n<p>M\u016bs\u0173 stalo \u012franki\u0173 rinkinio rankenos yra <b>ergonomi\u0161kai suprojektuotos<\/b>. J\u0173 storis ir svoris yra ideal\u016bs, o kvadratin\u0117s rankenos dizainas daro \u012frankius tvirtesnius, standesnius ir patogesnius laikyti, suteikdamas jums patogi\u0105 naudojimo patirt\u012f.<\/p>\n<h2>Smulkus Rankinis Poliravimas<\/h2>\n<p>M\u016bs\u0173 stalo \u012frankiai yra <b>rankiniu b\u016bdu poliruoti<\/b>, kad pavir\u0161ius b\u016bt\u0173 gra\u017eus ir lengvai valomas. \u0160auk\u0161t\u0173 ir \u0161aku\u010di\u0173 kra\u0161tai yra poliruoti keliais etapais, kad b\u016bt\u0173 lyg\u016bs ir patog\u016bs naudoti, nesu\u017eeid\u017eiantys burnos. Peili\u0173 gele\u017et\u0117s yra dantytos ir itin a\u0161trios, taupan\u010dios j\u016bs\u0173 laik\u0105 ir pastangas pjaunant maist\u0105.<\/p>\n<h2>Universalus, Galima Plauti Indaplov\u0117je<\/h2>\n<p>\u0160is ra\u017eus sidabrinis stalo \u012franki\u0173 rinkinys tinka namams, vakar\u0117liams, restoranams, vie\u0161bu\u010diams, \u0161vent\u0117ms ir kitoms progoms. Po naudojimo ner\u016bdijan\u010dio plieno stalo \u012frankius <b>galima plauti indaplov\u0117je<\/b>, taupant j\u016bs\u0173 valymo laik\u0105 ir nebereikia atlikti sunki\u0173 nam\u0173 ruo\u0161os darb\u0173.<\/p>","protected":false},"excerpt":{"rendered":"<p>6 Asmen\u0173 Stalo \u012eranki\u0173 Rinkinys \u201eGifcomda\u201c 30 dali\u0173 stalo \u012franki\u0173 rinkin\u012f sudaro 6 stalo peiliai, 6 piet\u0173 \u0161akut\u0117s, 6 valgomieji \u0161auk\u0161tai ir 6 arbatiniai \u0161auk\u0161teliai \u2013 tai tobulas peili\u0173, \u0161aku\u010di\u0173 ir \u0161auk\u0161t\u0173 derinys j\u016bs\u0173 kasdieniams poreikiams. Auk\u0161tos Kokyb\u0117s Ner\u016bdijantis Plienas M\u016bs\u0173 stalo \u012frankiai pagaminti i\u0161 auk\u0161tos kokyb\u0117s maistinio ner\u016bdijan\u010dio plieno, kuris u\u017etikrina patikim\u0105 j\u016bs\u0173 maisto [&hellip;]<\/p>\n","protected":false},"featured_media":1648,"comment_status":"open","ping_status":"closed","template":"","meta":{"_acf_changed":false,"inline_featured_image":false},"product_brand":[],"product_cat":[15],"product_tag":[],"class_list":{"0":"post-1187","1":"product","2":"type-product","3":"status-publish","4":"has-post-thumbnail","6":"product_cat-be-kategorijos","8":"first","9":"instock","10":"sale","11":"taxable","12":"shipping-taxable","13":"purchasable","14":"product-type-simple"},"acf":[],"_links":{"self":[{"href":"https:\/\/bmdprekyba.lt\/en\/wp-json\/wp\/v2\/product\/1187","targetHints":{"allow":["GET"]}}],"collection":[{"href":"https:\/\/bmdprekyba.lt\/en\/wp-json\/wp\/v2\/product"}],"about":[{"href":"https:\/\/bmdprekyba.lt\/en\/wp-json\/wp\/v2\/types\/product"}],"replies":[{"embeddable":true,"href":"https:\/\/bmdprekyba.lt\/en\/wp-json\/wp\/v2\/comments?post=1187"}],"wp:featuredmedia":[{"embeddable":true,"href":"https:\/\/bmdprekyba.lt\/en\/wp-json\/wp\/v2\/media\/1648"}],"wp:attachment":[{"href":"https:\/\/bmdprekyba.lt\/en\/wp-json\/wp\/v2\/media?parent=1187"}],"wp:term":[{"taxonomy":"product_brand","embeddable":true,"href":"https:\/\/bmdprekyba.lt\/en\/wp-json\/wp\/v2\/product_brand?post=1187"},{"taxonomy":"product_cat","embeddable":true,"href":"https:\/\/bmdprekyba.lt\/en\/wp-json\/wp\/v2\/product_cat?post=1187"},{"taxonomy":"product_tag","embeddable":true,"href":"https:\/\/bmdprekyba.lt\/en\/wp-json\/wp\/v2\/product_tag?post=1187"}],"curies":[{"name":"wp","href":"https:\/\/api.w.org\/{rel}","templated":true}]}}