{"id":1184,"date":"2025-04-09T00:00:00","date_gmt":"2025-04-09T00:00:00","guid":{"rendered":"https:\/\/bmdprekyba.lt\/?post_type=product&#038;p=1184"},"modified":"2026-01-09T12:01:21","modified_gmt":"2026-01-09T12:01:21","slug":"gifcomda-60-daliu-nerudijancio-plieno-stalo-irankiu-rinkinys-12-zmoniu-peiliai-sakutes-saukstai-torto-sakutes-sauksteliai-galima-plauti-indaploveje","status":"publish","type":"product","link":"https:\/\/bmdprekyba.lt\/en\/product\/gifcomda-60-daliu-nerudijancio-plieno-stalo-irankiu-rinkinys-12-zmoniu-peiliai-sakutes-saukstai-torto-sakutes-sauksteliai-galima-plauti-indaploveje\/","title":{"rendered":"Gifcomda, 60 dali\u0173 ner\u016bdijan\u010dio plieno stalo \u012franki\u0173 rinkinys 12 \u017emoni\u0173, peiliai, \u0161akut\u0117s, \u0161auk\u0161tai, torto \u0161akut\u0117s, \u0161auk\u0161teliai, galima plauti indaplov\u0117je"},"content":{"rendered":"<h2>12 Asmen\u0173 Stalo \u012eranki\u0173 Rinkinys<\/h2>\n<p>\u201eGifcomda\u201c 60 dali\u0173 stalo \u012franki\u0173 rinkin\u012f sudaro 12 valgom\u0173j\u0173 peili\u0173, 12 valgom\u0173j\u0173 \u0161aku\u010di\u0173, 12 arbatini\u0173 \u0161aku\u010di\u0173, 12 valgom\u0173j\u0173 \u0161auk\u0161t\u0173 ir 12 arbatini\u0173 \u0161auk\u0161teli\u0173 \u2013 tai tobulas peili\u0173, \u0161aku\u010di\u0173 ir \u0161auk\u0161t\u0173 derinys j\u016bs\u0173 kasdieniams poreikiams.<\/p>\n<h2>Auk\u0161tos Kokyb\u0117s Ner\u016bdijantis Plienas<\/h2>\n<p>M\u016bs\u0173 stalo \u012frankiai pagaminti i\u0161 <b>maistinio ner\u016bdijan\u010dio plieno<\/b>, kuris patikimai garantuoja j\u016bs\u0173 maisto saugum\u0105 ir sveikat\u0105. Jis yra pakankamai tvirtas, atsparus r\u016bdims ir korozijai, tod\u0117l tinkamai pri\u017ei\u016brimas \u0161is rinkinys tarnaus ilgai.<\/p>\n<h2>Ergonomi\u0161kas Dizainas<\/h2>\n<p>M\u016bs\u0173 stalo \u012franki\u0173 rinkinio rankenos yra <b>ergonomi\u0161kai suformuotos<\/b>. Jos yra tinkamo storio ir svorio, kad jaustum\u0117t\u0117s patogiai jas naudodami. \u0160is dizainas ne tik palengvina j\u016bs\u0173 rankas, bet ir u\u017etikrina stabil\u0173 laikym\u0105, taigi \u2013 maloni\u0105 valgymo patirt\u012f.<\/p>\n<h2>Auk\u0161tai Poliruotas Dizainas<\/h2>\n<p>M\u016bs\u0173 stalo \u012franki\u0173 rinkinys yra <b>smulkiai poliruotas<\/b>, gra\u017eus ir lengvai valomas. \u0160auk\u0161t\u0173 ir \u0161aku\u010di\u0173 kra\u0161tai poliruojami \u012fvairiais procesais, kad b\u016bt\u0173 lyg\u016bs ir patog\u016bs naudoti bei nepa\u017eeist\u0173 j\u016bs\u0173 burnos. Peili\u0173 a\u0161menys yra dantyti ir a\u0161tr\u016bs, taupantys laik\u0105 ir pastangas pjaunant maist\u0105.<\/p>\n<h2>Universalus, Galima Plauti Indaplov\u0117je<\/h2>\n<p>\u0160is gra\u017eus sidabrinis stalo \u012franki\u0173 rinkinys tinka namams, vakar\u0117liams, restoranams, vie\u0161bu\u010diams, festivaliams ir kitoms progoms. Po naudojimo ner\u016bdijan\u010dio plieno stalo \u012frankius <b>galima d\u0117ti \u012f indaplov\u0119<\/b>, taupant j\u016bs\u0173 valymo laik\u0105 ir nebereikia atlikti sunki\u0173 nam\u0173 ruo\u0161os darb\u0173.<\/p>","protected":false},"excerpt":{"rendered":"<p>12 Asmen\u0173 Stalo \u012eranki\u0173 Rinkinys \u201eGifcomda\u201c 60 dali\u0173 stalo \u012franki\u0173 rinkin\u012f sudaro 12 valgom\u0173j\u0173 peili\u0173, 12 valgom\u0173j\u0173 \u0161aku\u010di\u0173, 12 arbatini\u0173 \u0161aku\u010di\u0173, 12 valgom\u0173j\u0173 \u0161auk\u0161t\u0173 ir 12 arbatini\u0173 \u0161auk\u0161teli\u0173 \u2013 tai tobulas peili\u0173, \u0161aku\u010di\u0173 ir \u0161auk\u0161t\u0173 derinys j\u016bs\u0173 kasdieniams poreikiams. Auk\u0161tos Kokyb\u0117s Ner\u016bdijantis Plienas M\u016bs\u0173 stalo \u012frankiai pagaminti i\u0161 maistinio ner\u016bdijan\u010dio plieno, kuris patikimai garantuoja j\u016bs\u0173 [&hellip;]<\/p>\n","protected":false},"featured_media":1658,"comment_status":"open","ping_status":"closed","template":"","meta":{"_acf_changed":false,"inline_featured_image":false},"product_brand":[],"product_cat":[15],"product_tag":[],"class_list":{"0":"post-1184","1":"product","2":"type-product","3":"status-publish","4":"has-post-thumbnail","6":"product_cat-be-kategorijos","8":"first","9":"instock","10":"taxable","11":"shipping-taxable","12":"purchasable","13":"product-type-simple"},"acf":[],"_links":{"self":[{"href":"https:\/\/bmdprekyba.lt\/en\/wp-json\/wp\/v2\/product\/1184","targetHints":{"allow":["GET"]}}],"collection":[{"href":"https:\/\/bmdprekyba.lt\/en\/wp-json\/wp\/v2\/product"}],"about":[{"href":"https:\/\/bmdprekyba.lt\/en\/wp-json\/wp\/v2\/types\/product"}],"replies":[{"embeddable":true,"href":"https:\/\/bmdprekyba.lt\/en\/wp-json\/wp\/v2\/comments?post=1184"}],"wp:featuredmedia":[{"embeddable":true,"href":"https:\/\/bmdprekyba.lt\/en\/wp-json\/wp\/v2\/media\/1658"}],"wp:attachment":[{"href":"https:\/\/bmdprekyba.lt\/en\/wp-json\/wp\/v2\/media?parent=1184"}],"wp:term":[{"taxonomy":"product_brand","embeddable":true,"href":"https:\/\/bmdprekyba.lt\/en\/wp-json\/wp\/v2\/product_brand?post=1184"},{"taxonomy":"product_cat","embeddable":true,"href":"https:\/\/bmdprekyba.lt\/en\/wp-json\/wp\/v2\/product_cat?post=1184"},{"taxonomy":"product_tag","embeddable":true,"href":"https:\/\/bmdprekyba.lt\/en\/wp-json\/wp\/v2\/product_tag?post=1184"}],"curies":[{"name":"wp","href":"https:\/\/api.w.org\/{rel}","templated":true}]}}