{"id":1183,"date":"2025-04-09T00:00:00","date_gmt":"2025-04-09T00:00:00","guid":{"rendered":"https:\/\/bmdprekyba.lt\/?post_type=product&#038;p=1183"},"modified":"2026-01-09T12:01:22","modified_gmt":"2026-01-09T12:01:22","slug":"kedes-uzvalkalu-pakuoteje-10-universaliu-baltu-elegantisku-kedziu-nuimamu-elastano-elastano-kedziu-uzvalkalu","status":"publish","type":"product","link":"https:\/\/bmdprekyba.lt\/en\/product\/kedes-uzvalkalu-pakuoteje-10-universaliu-baltu-elegantisku-kedziu-nuimamu-elastano-elastano-kedziu-uzvalkalu\/","title":{"rendered":"K\u0117d\u0117s u\u017evalkal\u0173 pakuot\u0117je 10 universali\u0173 balt\u0173 eleganti\u0161k\u0173 k\u0117d\u017ei\u0173 nuimam\u0173 elastano elastano k\u0117d\u017ei\u0173 u\u017evalkal\u0173"},"content":{"rendered":"<p>Auk\u0161\u010diausios kokyb\u0117s med\u017eiaga: <b>Spalva: balta<\/b>; <b>Kiekis d\u0117\u017eut\u0117je: 200 vnt.<\/b>; <b>Med\u017eiaga: 95% poliesterio pluo\u0161to ir 5% elastano<\/b>. Patvarus audinys ir kokybi\u0161kos si\u016bl\u0117s suteikia papildomo komforto ir elastingumo. Universal\u016bs, tampr\u016bs sulankstom\u0173 k\u0117d\u017ei\u0173 u\u017evalkalai apsaugo j\u016bs\u0173 k\u0117des nuo i\u0161siliejimo, gyv\u016bn\u0173 \u012fbr\u0117\u017eim\u0173, kasdieni\u0173 d\u0117mi\u0173 ir \u012ftr\u016bkim\u0173, tod\u0117l idealiai tinka renginiams viduje ir lauke.<\/p>\n<h3>Apsauga ir dekoracija<\/h3>\n<p>Tampr\u016bs k\u0117d\u017ei\u0173 u\u017evalkalai yra elastingesni, tampr\u016bs, atspar\u016bs rauk\u0161l\u0117ms ir ma\u017eiau permatomi. Keturios elastin\u0117s ki\u0161en\u0117s apa\u010dioje skirtos k\u0117d\u017ei\u0173 kojoms laikyti. \u0160ie k\u0117d\u017ei\u0173 u\u017evalkalai tvirtai laikosi vietoje ir u\u017etikrina visapusi\u0161k\u0105 j\u016bs\u0173 k\u0117d\u017ei\u0173 apsaug\u0105. Be to, tvirti mai\u0161eli\u0173 laikikliai padeda prailginti u\u017evalkal\u0173 tarnavimo laik\u0105, tod\u0117l jie puikiai tinka pakartotiniam naudojimui ir yra atspar\u016bs ply\u0161imui.<\/p>\n<h3>Tinka daugeliui k\u0117d\u017ei\u0173<\/h3>\n<p>Elastiniai, tampr\u016bs sulankstom\u0173 k\u0117d\u017ei\u0173 u\u017evalkalai yra vidutinio dyd\u017eio ir tinka daugumai k\u0117d\u017ei\u0173 be poranki\u0173, \u012fskaitant valgomojo, sustatom\u0105sias ir banketines k\u0117des. Tinka k\u0117d\u017ei\u0173 matmenims (P x G x A): 560 x 450 x 935 mm (maks.).<\/p>\n<h3>Eleganti\u0161kas dizainas<\/h3>\n<p>Auk\u0161tos kokyb\u0117s, nuimami ir plaunami u\u017evalkalai pagaminti i\u0161 auk\u0161\u010diausios kokyb\u0117s audinio, pasi\u017eymin\u010dio paprastu, eleganti\u0161ku dizainu. Jie ne tik suteiks j\u016bs\u0173 k\u0117d\u0117ms vienod\u0105 i\u0161vaizd\u0105, bet ir pavers senas k\u0117des gra\u017eiomis s\u0117dyn\u0117mis vestuvi\u0173 pri\u0117mimams. Idealiai tinka vestuv\u0117ms, festivaliams, banketams, vakar\u0117liams ir kitoms \u0161vent\u0117ms.<\/p>\n<h3>Lengva naudoti ir valyti<\/h3>\n<p>Tiesiog u\u017emaukite u\u017evalkal\u0105 ant k\u0117d\u0117s ir pritvirtinkite keturias kojas. Taupantis laik\u0105 ir s\u0105naudas prie\u017ei\u016bros po\u017ei\u016briu, nereikalauja lyginimo. Elastinius k\u0117d\u017ei\u0173 u\u017evalkalus galima skalbti rankomis arba skalbimo ma\u0161inoje su \u0161velniu plovikliu, arba valyti sausuoju b\u016bdu.<\/p>","protected":false},"excerpt":{"rendered":"<p>Auk\u0161\u010diausios kokyb\u0117s med\u017eiaga: Spalva: balta; Kiekis d\u0117\u017eut\u0117je: 200 vnt.; Med\u017eiaga: 95% poliesterio pluo\u0161to ir 5% elastano. Patvarus audinys ir kokybi\u0161kos si\u016bl\u0117s suteikia papildomo komforto ir elastingumo. Universal\u016bs, tampr\u016bs sulankstom\u0173 k\u0117d\u017ei\u0173 u\u017evalkalai apsaugo j\u016bs\u0173 k\u0117des nuo i\u0161siliejimo, gyv\u016bn\u0173 \u012fbr\u0117\u017eim\u0173, kasdieni\u0173 d\u0117mi\u0173 ir \u012ftr\u016bkim\u0173, tod\u0117l idealiai tinka renginiams viduje ir lauke. Apsauga ir dekoracija Tampr\u016bs k\u0117d\u017ei\u0173 u\u017evalkalai [&hellip;]<\/p>\n","protected":false},"featured_media":1597,"comment_status":"open","ping_status":"closed","template":"","meta":{"_acf_changed":false,"inline_featured_image":false},"product_brand":[],"product_cat":[74],"product_tag":[],"class_list":{"0":"post-1183","1":"product","2":"type-product","3":"status-publish","4":"has-post-thumbnail","6":"product_cat-namu-interjeras","8":"first","9":"instock","10":"taxable","11":"shipping-taxable","12":"purchasable","13":"product-type-simple"},"acf":[],"_links":{"self":[{"href":"https:\/\/bmdprekyba.lt\/en\/wp-json\/wp\/v2\/product\/1183","targetHints":{"allow":["GET"]}}],"collection":[{"href":"https:\/\/bmdprekyba.lt\/en\/wp-json\/wp\/v2\/product"}],"about":[{"href":"https:\/\/bmdprekyba.lt\/en\/wp-json\/wp\/v2\/types\/product"}],"replies":[{"embeddable":true,"href":"https:\/\/bmdprekyba.lt\/en\/wp-json\/wp\/v2\/comments?post=1183"}],"wp:featuredmedia":[{"embeddable":true,"href":"https:\/\/bmdprekyba.lt\/en\/wp-json\/wp\/v2\/media\/1597"}],"wp:attachment":[{"href":"https:\/\/bmdprekyba.lt\/en\/wp-json\/wp\/v2\/media?parent=1183"}],"wp:term":[{"taxonomy":"product_brand","embeddable":true,"href":"https:\/\/bmdprekyba.lt\/en\/wp-json\/wp\/v2\/product_brand?post=1183"},{"taxonomy":"product_cat","embeddable":true,"href":"https:\/\/bmdprekyba.lt\/en\/wp-json\/wp\/v2\/product_cat?post=1183"},{"taxonomy":"product_tag","embeddable":true,"href":"https:\/\/bmdprekyba.lt\/en\/wp-json\/wp\/v2\/product_tag?post=1183"}],"curies":[{"name":"wp","href":"https:\/\/api.w.org\/{rel}","templated":true}]}}