{"id":1182,"date":"2025-04-09T00:00:00","date_gmt":"2025-04-09T00:00:00","guid":{"rendered":"https:\/\/bmdprekyba.lt\/?post_type=product&#038;p=1182"},"modified":"2026-01-09T12:01:22","modified_gmt":"2026-01-09T12:01:22","slug":"quoya-ql500-smart-elektrine-uzuolaidu-begiu-sistema-motorizuota-reguliuojamas-ilgis-iki-3-m-nuotolinio-valdymo-pultas-valdymas-balsu-suderinamas-su-alexa","status":"publish","type":"product","link":"https:\/\/bmdprekyba.lt\/en\/product\/quoya-ql500-smart-elektrine-uzuolaidu-begiu-sistema-motorizuota-reguliuojamas-ilgis-iki-3-m-nuotolinio-valdymo-pultas-valdymas-balsu-suderinamas-su-alexa\/","title":{"rendered":"\u201eQuoya QL500 Smart\u201c elektrin\u0117 u\u017euolaid\u0173 b\u0117gi\u0173 sistema \u2013 motorizuota, reguliuojamas ilgis (iki 3 m), nuotolinio valdymo pultas, valdymas balsu, suderinamas su \u201eAlexa\u201c, \u201eGoogle\u201c, \u201eSiri\u201c, \u201eApple Watch\u201c"},"content":{"rendered":"<div id=\"chat-history\" class=\"chat-history-scroll-container\">\n<div id=\"d8823d5f7194bedf\" class=\"conversation-container message-actions-hover-boundary ng-star-inserted\">\n<div class=\"response-container ng-tns-c4102658575-56 response-container-with-gpi ng-star-inserted response-container-has-multiple-responses\">\n<div class=\"presented-response-container ng-tns-c4102658575-56\">\n<div class=\"response-container-content ng-tns-c4102658575-56\">\n<div class=\"response-content ng-tns-c4102658575-56\">\n<div id=\"model-response-message-contentr_d8823d5f7194bedf\" class=\"markdown markdown-main-panel enable-updated-hr-color\" dir=\"ltr\">\n<p><span class=\"citation-3 citation-end-3\">\u201eQuoya\u201c elektriniai u\u017euolaid\u0173 karnizai puikiai tinka sunkiai pasiekiamoms ar sunkioms u\u017euolaidoms.<\/span> Elektrin\u0117s u\u017euolaidos suma\u017eina \u017eal\u0105, kuri gali atsirasti jas valdant rankiniu b\u016bdu, ir leid\u017eia tiksliai filtruoti nat\u016brali\u0105 \u0161vies\u0105 vienu mygtuko paspaudimu.<\/p>\n<p><span class=\"citation-2\">Gali b\u016bti <\/span><b><span class=\"citation-2\">pritaikoma<\/span><\/b><span class=\"citation-2 citation-end-2\"> iki 3 m (118 coli\u0173) ilgio.<\/span> Variklis gali b\u016bti <b>de\u0161in\u0117je arba kair\u0117je pus\u0117je<\/b>. Galimas <b>vienpusis atidarymas<\/b> i\u0161 \u0161ono \u012f \u0161on\u0105 arba <b>dvipusis atidarymas i\u0161 centro<\/b>. Komplekte yra 3 metr\u0173 ilgio maitinimo laidas su JK ki\u0161tuku. 90 laipsni\u0173 \/ 135 laipsni\u0173 kampo lenkimai gali b\u016bti \u012fsigyjami atskirai.<\/p>\n<div class=\"source-inline-chip-container ng-star-inserted\"><\/div>\n<p>2x 1 m b\u0117gelis, 1x 50 cm b\u0117gelis, 2x 20 cm b\u0117gelis, 1x 10 cm b\u0117gelis, b\u0117geli\u0173 jungtys, variklis, 3 metr\u0173 JK maitinimo laidas, nuotolinio valdymo pultas, b\u0117geliai (\u0161liau\u017eikliai), lub\u0173 laikikliai, sieniniai laikikliai ir visi montavimo priedai<\/p>\n<p>Naudoja <b>TUYA\/SmartLife program\u0117l\u0119<\/b>. Suderinama su <b>Alexa, Google, Siri balso valdymu<\/b>. Suderinama su <b>Apple Watch<\/b> valdymui per laikrod\u012f. <b>NESUDERINAMA<\/b> su Homekit, SmartThings ir kitomis program\u0117l\u0117mis.<\/p>\n<ol start=\"1\">\n<li>Aktyvavimas palietus<\/li>\n<li>Valdymas nutr\u016bkus elektros tiekimui<\/li>\n<li>Tvarkara\u0161\u010dio nustatymas<\/li>\n<li>Tarpin\u0117s pad\u0117ties nustatymas<\/li>\n<li>Valdymas program\u0117le<\/li>\n<li>Nuotolinis valdymas<\/li>\n<li>Valdymas balsu<\/li>\n<\/ol>\n<\/div>\n<div class=\"response-footer gap complete\"><\/div>\n<\/div>\n<\/div>\n<\/div>\n<\/div>\n<\/div>\n<\/div>","protected":false},"excerpt":{"rendered":"<p>\u201eQuoya\u201c elektriniai u\u017euolaid\u0173 karnizai puikiai tinka sunkiai pasiekiamoms ar sunkioms u\u017euolaidoms. Elektrin\u0117s u\u017euolaidos suma\u017eina \u017eal\u0105, kuri gali atsirasti jas valdant rankiniu b\u016bdu, ir leid\u017eia tiksliai filtruoti nat\u016brali\u0105 \u0161vies\u0105 vienu mygtuko paspaudimu. Gali b\u016bti pritaikoma iki 3 m (118 coli\u0173) ilgio. Variklis gali b\u016bti de\u0161in\u0117je arba kair\u0117je pus\u0117je. Galimas vienpusis atidarymas i\u0161 \u0161ono \u012f \u0161on\u0105 arba [&hellip;]<\/p>\n","protected":false},"featured_media":1604,"comment_status":"open","ping_status":"closed","template":"","meta":{"_acf_changed":false,"inline_featured_image":false},"product_brand":[],"product_cat":[44,74],"product_tag":[],"class_list":{"0":"post-1182","1":"product","2":"type-product","3":"status-publish","4":"has-post-thumbnail","6":"product_cat-elektronika","7":"product_cat-namu-interjeras","9":"first","10":"instock","11":"taxable","12":"shipping-taxable","13":"purchasable","14":"product-type-simple"},"acf":[],"_links":{"self":[{"href":"https:\/\/bmdprekyba.lt\/en\/wp-json\/wp\/v2\/product\/1182","targetHints":{"allow":["GET"]}}],"collection":[{"href":"https:\/\/bmdprekyba.lt\/en\/wp-json\/wp\/v2\/product"}],"about":[{"href":"https:\/\/bmdprekyba.lt\/en\/wp-json\/wp\/v2\/types\/product"}],"replies":[{"embeddable":true,"href":"https:\/\/bmdprekyba.lt\/en\/wp-json\/wp\/v2\/comments?post=1182"}],"wp:featuredmedia":[{"embeddable":true,"href":"https:\/\/bmdprekyba.lt\/en\/wp-json\/wp\/v2\/media\/1604"}],"wp:attachment":[{"href":"https:\/\/bmdprekyba.lt\/en\/wp-json\/wp\/v2\/media?parent=1182"}],"wp:term":[{"taxonomy":"product_brand","embeddable":true,"href":"https:\/\/bmdprekyba.lt\/en\/wp-json\/wp\/v2\/product_brand?post=1182"},{"taxonomy":"product_cat","embeddable":true,"href":"https:\/\/bmdprekyba.lt\/en\/wp-json\/wp\/v2\/product_cat?post=1182"},{"taxonomy":"product_tag","embeddable":true,"href":"https:\/\/bmdprekyba.lt\/en\/wp-json\/wp\/v2\/product_tag?post=1182"}],"curies":[{"name":"wp","href":"https:\/\/api.w.org\/{rel}","templated":true}]}}