{"id":1181,"date":"2025-04-09T00:00:00","date_gmt":"2025-04-09T00:00:00","guid":{"rendered":"https:\/\/bmdprekyba.lt\/?post_type=product&#038;p=1181"},"modified":"2026-01-09T12:01:22","modified_gmt":"2026-01-09T12:01:22","slug":"rankine-malku-skaldymo-masina-prie-sienos-rankine-nesiojama-malku-skaldykla-spygliuociu-medziui","status":"publish","type":"product","link":"https:\/\/bmdprekyba.lt\/en\/product\/rankine-malku-skaldymo-masina-prie-sienos-rankine-nesiojama-malku-skaldykla-spygliuociu-medziui\/","title":{"rendered":"Rankin\u0117 malk\u0173 skaldymo ma\u0161ina prie sienos \u2013 rankin\u0117 ne\u0161iojama malk\u0173 skaldykla spygliuo\u010di\u0173 med\u017eiui"},"content":{"rendered":"<p>\u0160is prie sienos tvirtinamas malk\u0173 skaldytuvas pasi\u017eymi svirties tipo konstrukcija, leid\u017eian\u010dia skaldyti malkas su minimaliomis pastangomis. Viskas, k\u0105 jums reikia padaryti, tai pakelti a\u0161menis, u\u017ed\u0117ti medien\u0105 ir nuleisti a\u0161menis \u017eemyn. Palyginti su tradiciniais malk\u0173 skaldymo \u012frankiais, jis labiau <b>taupo j\u0117gas<\/b> ir nereikalauja pagalbini\u0173 \u012franki\u0173, toki\u0173 kaip kirvis<\/p>\n<p>M\u016bs\u0173 tvirti prie sienos tvirtinami malk\u0173 skaldytuvai pagaminti i\u0161 <b>didelio anglies kiekio plieno<\/b>, u\u017etikrinan\u010dio ilgaam\u017ei\u0161kum\u0105. Pavir\u0161ius yra specialiai apdorotas, kad efektyviai <b>apsaugot\u0173 nuo deformacijos ir r\u016bd\u017ei\u0173<\/b>. Malk\u0173 skaldytuvo a\u0161menys yra labai a\u0161tr\u016bs ir nesilankstys bei nel\u016b\u0161 esant dideliam sl\u0117giui, tod\u0117l yra <b>saug\u016bs ir patvar\u016bs<\/b>.<\/p>\n<p>Palyginti su kitais malk\u0173 skaldytuvais, m\u016bs\u0173 malk\u0173 skaldymo \u012frankis turi <b>dvi nuimamas rankenas<\/b>. Galite pasirinkti tinkamiausi\u0105 malk\u0173 skaldytuvo ranken\u0105 pagal konkre\u010di\u0105 situacij\u0105, kad pasiektum\u0117te patogesn\u012f ir efektyvesn\u012f malk\u0173 skaldymo potyr\u012f! <b>PASTABA:<\/b> malk\u0173 skaldytuvas idealiai tinka skaldyti saus\u0105 mink\u0161t\u0105 medien\u0105. Kietos medienos ar dideli\u0173 r\u0105st\u0173 skaldyti nerekomenduojama.<\/p>\n<p>Prie sienos tvirtinamas malk\u0173 skaldytuvas tinka naudoti <b>viduje ir lauke<\/b>, galite j\u012f naudoti pritvirtindami prie sienos. Palyginti su dideliais malk\u0173 skaldytuvais, \u0161is yra <b>ne\u0161iojamesnis<\/b>. Galite pasiimti j\u012f su savimi \u012f stovyklavim\u0105, kepsnini\u0173 vakar\u0117lius, i\u0161kylas, vakarienes lauke ir daug kit\u0173 prog\u0173.<\/p>\n<p>Komplekte yra: malk\u0173 skaldytuvas x 1, malk\u0173 ne\u0161iojimo krep\u0161ys x 1, var\u017etai x 4, laikymo \u017eiedas x 1, pir\u0161tin\u0117s x 2 poros, kei\u010diamos rankenos x 2. Tikim\u0117s, kad nepaisant sezono, \u0161is malk\u0173 skaldytuvas bus j\u016bs\u0173 de\u0161inioji ranka. Jei turite klausim\u0173, galite susisiekti su mumis ir mes mielai jums pad\u0117sime.<\/p>","protected":false},"excerpt":{"rendered":"<p>\u0160is prie sienos tvirtinamas malk\u0173 skaldytuvas pasi\u017eymi svirties tipo konstrukcija, leid\u017eian\u010dia skaldyti malkas su minimaliomis pastangomis. Viskas, k\u0105 jums reikia padaryti, tai pakelti a\u0161menis, u\u017ed\u0117ti medien\u0105 ir nuleisti a\u0161menis \u017eemyn. Palyginti su tradiciniais malk\u0173 skaldymo \u012frankiais, jis labiau taupo j\u0117gas ir nereikalauja pagalbini\u0173 \u012franki\u0173, toki\u0173 kaip kirvis M\u016bs\u0173 tvirti prie sienos tvirtinami malk\u0173 skaldytuvai pagaminti [&hellip;]<\/p>\n","protected":false},"featured_media":2299,"comment_status":"open","ping_status":"closed","template":"","meta":{"_acf_changed":false,"inline_featured_image":false},"product_brand":[],"product_cat":[79],"product_tag":[],"class_list":{"0":"post-1181","1":"product","2":"type-product","3":"status-publish","4":"has-post-thumbnail","6":"product_cat-irankiai","8":"first","9":"instock","10":"taxable","11":"shipping-taxable","12":"purchasable","13":"product-type-simple"},"acf":[],"_links":{"self":[{"href":"https:\/\/bmdprekyba.lt\/en\/wp-json\/wp\/v2\/product\/1181","targetHints":{"allow":["GET"]}}],"collection":[{"href":"https:\/\/bmdprekyba.lt\/en\/wp-json\/wp\/v2\/product"}],"about":[{"href":"https:\/\/bmdprekyba.lt\/en\/wp-json\/wp\/v2\/types\/product"}],"replies":[{"embeddable":true,"href":"https:\/\/bmdprekyba.lt\/en\/wp-json\/wp\/v2\/comments?post=1181"}],"wp:featuredmedia":[{"embeddable":true,"href":"https:\/\/bmdprekyba.lt\/en\/wp-json\/wp\/v2\/media\/2299"}],"wp:attachment":[{"href":"https:\/\/bmdprekyba.lt\/en\/wp-json\/wp\/v2\/media?parent=1181"}],"wp:term":[{"taxonomy":"product_brand","embeddable":true,"href":"https:\/\/bmdprekyba.lt\/en\/wp-json\/wp\/v2\/product_brand?post=1181"},{"taxonomy":"product_cat","embeddable":true,"href":"https:\/\/bmdprekyba.lt\/en\/wp-json\/wp\/v2\/product_cat?post=1181"},{"taxonomy":"product_tag","embeddable":true,"href":"https:\/\/bmdprekyba.lt\/en\/wp-json\/wp\/v2\/product_tag?post=1181"}],"curies":[{"name":"wp","href":"https:\/\/api.w.org\/{rel}","templated":true}]}}