{"id":1180,"date":"2025-04-09T00:00:00","date_gmt":"2025-04-09T00:00:00","guid":{"rendered":"https:\/\/bmdprekyba.lt\/?post_type=product&#038;p=1180"},"modified":"2026-01-09T12:01:22","modified_gmt":"2026-01-09T12:01:22","slug":"heyzoey-naktinis-staliukas-su-stalciumi-juodas","status":"publish","type":"product","link":"https:\/\/bmdprekyba.lt\/en\/product\/heyzoey-naktinis-staliukas-su-stalciumi-juodas\/","title":{"rendered":"HEYZOEY naktinis staliukas su stal\u010diumi, juodas"},"content":{"rendered":"<div id=\"chat-history\" class=\"chat-history-scroll-container\">\n<div id=\"0f722b408627af7a\" class=\"conversation-container message-actions-hover-boundary ng-star-inserted\">\n<div>\n<div class=\"response-container ng-tns-c4102658575-61 response-container-with-gpi ng-star-inserted response-container-has-multiple-responses\">\n<div class=\"presented-response-container ng-tns-c4102658575-61\">\n<div class=\"response-container-content ng-tns-c4102658575-61\">\n<div class=\"response-content ng-tns-c4102658575-61\">\n<div id=\"model-response-message-contentr_0f722b408627af7a\" class=\"markdown markdown-main-panel enable-updated-hr-color\" dir=\"ltr\">\n<h2>Modernus juodas naktinis staliukas<\/h2>\n<p>\u201eMasupu\u201c naktinis staliukas \u2013 puikus baldas j\u016bs\u0173 miegamajam ir svetainei. Baltos ir juodos spalv\u0173 derinys sujungia modernaus vidurio am\u017eiaus dizaino elementus, suteikdamas j\u016bs\u0173 gyvenamajai aplinkai mados poj\u016bt\u012f ir jaukum\u0105.<\/p>\n<h2>Ma\u017eas naktinis staliukas su daug vietos daiktams<\/h2>\n<p>\u0160is modernus vidurio am\u017eiaus naktinis staliukas yra 30,2 cm gylio, 39,1 cm plo\u010dio ir 56,9 cm auk\u0161\u010dio. Jame yra erdvus stal\u010dius, puikiai tinkantis tvarkingai laikyti knygas, akinius, mobiliuosius telefonus ir kitus daiktus. Platus pavir\u0161ius idealiai tinka stalin\u0117ms lempoms, laikrod\u017eiams, vazonin\u0117ms g\u0117l\u0117ms ar nuotrauk\u0173 r\u0117meliams eksponuoti. Unikalus dizainas su juodais stal\u010diais baltuose r\u0117muose paver\u010dia j\u012f puikia dovana draugams ir \u0161eimos nariams.<\/p>\n<h2>Universalus<\/h2>\n<p>\u0160is prakti\u0161kas \u0161oninis staliukas yra patrauklus ir funkcionalus. Jis gali b\u016bti naudojamas ne tik kaip naktinis staliukas miegamajame, bet ir kaip kavos staliukas svetain\u0117je. D\u0117l savo tobulo auk\u0161\u010dio jis gali b\u016bti pastatytas vaik\u0173 kambaryje, kur vaikai lengvai pasieks stalin\u0119 lemp\u0105. \u012esivaizduokite, kaip s\u0117dite \u0161alia \u0161io stilingo baldo, atsipalaiduojate ir m\u0117gaujat\u0117s puodeliu kavos.<\/p>\n<h2>Pagamintas i\u0161 auk\u0161tos kokyb\u0117s med\u017eiag\u0173<\/h2>\n<p>\u0160oninis staliukas su stal\u010diais pagamintas i\u0161 <b>auk\u0161tos kokyb\u0117s MDF plok\u0161t\u0117s<\/b> ir turi tvirtas pu\u0161ies kojas, kurios u\u017etikrina <b>ilgalaik\u012f patvarum\u0105 ir stabilum\u0105<\/b> ilgai naudojant. <b>Neslystan\u010dios gumin\u0117s pagalv\u0117l\u0117s<\/b> apsaugo grindis nuo \u012fbr\u0117\u017eim\u0173 ir suma\u017eina triuk\u0161m\u0105 judant.<\/p>\n<h2>Lengva surinkti<\/h2>\n<p>Medinis naktinis staliukas pateikiamas su <b>i\u0161samiomis instrukcijomis<\/b> ir visomis reikalingomis dalimis pakuot\u0117je. Galite lengvai surinkti \u0161\u012f naktin\u012f staliuk\u0105 ir greitai j\u012f i\u0161valyti bei prad\u0117ti naudoti. Nedvejodami susisiekite su mumis, jei turite klausim\u0173 d\u0117l naktinio staliuko.<\/p>\n<\/div>\n<\/div>\n<\/div>\n<\/div>\n<\/div>\n<\/div>\n<\/div>\n<\/div>","protected":false},"excerpt":{"rendered":"<p>Modernus juodas naktinis staliukas \u201eMasupu\u201c naktinis staliukas \u2013 puikus baldas j\u016bs\u0173 miegamajam ir svetainei. Baltos ir juodos spalv\u0173 derinys sujungia modernaus vidurio am\u017eiaus dizaino elementus, suteikdamas j\u016bs\u0173 gyvenamajai aplinkai mados poj\u016bt\u012f ir jaukum\u0105. Ma\u017eas naktinis staliukas su daug vietos daiktams \u0160is modernus vidurio am\u017eiaus naktinis staliukas yra 30,2 cm gylio, 39,1 cm plo\u010dio ir 56,9 [&hellip;]<\/p>\n","protected":false},"featured_media":1611,"comment_status":"open","ping_status":"closed","template":"","meta":{"_acf_changed":false,"inline_featured_image":false},"product_brand":[],"product_cat":[74],"product_tag":[],"class_list":{"0":"post-1180","1":"product","2":"type-product","3":"status-publish","4":"has-post-thumbnail","6":"product_cat-namu-interjeras","8":"first","9":"instock","10":"taxable","11":"shipping-taxable","12":"purchasable","13":"product-type-simple"},"acf":[],"_links":{"self":[{"href":"https:\/\/bmdprekyba.lt\/en\/wp-json\/wp\/v2\/product\/1180","targetHints":{"allow":["GET"]}}],"collection":[{"href":"https:\/\/bmdprekyba.lt\/en\/wp-json\/wp\/v2\/product"}],"about":[{"href":"https:\/\/bmdprekyba.lt\/en\/wp-json\/wp\/v2\/types\/product"}],"replies":[{"embeddable":true,"href":"https:\/\/bmdprekyba.lt\/en\/wp-json\/wp\/v2\/comments?post=1180"}],"wp:featuredmedia":[{"embeddable":true,"href":"https:\/\/bmdprekyba.lt\/en\/wp-json\/wp\/v2\/media\/1611"}],"wp:attachment":[{"href":"https:\/\/bmdprekyba.lt\/en\/wp-json\/wp\/v2\/media?parent=1180"}],"wp:term":[{"taxonomy":"product_brand","embeddable":true,"href":"https:\/\/bmdprekyba.lt\/en\/wp-json\/wp\/v2\/product_brand?post=1180"},{"taxonomy":"product_cat","embeddable":true,"href":"https:\/\/bmdprekyba.lt\/en\/wp-json\/wp\/v2\/product_cat?post=1180"},{"taxonomy":"product_tag","embeddable":true,"href":"https:\/\/bmdprekyba.lt\/en\/wp-json\/wp\/v2\/product_tag?post=1180"}],"curies":[{"name":"wp","href":"https:\/\/api.w.org\/{rel}","templated":true}]}}