{"id":1179,"date":"2025-04-09T00:00:00","date_gmt":"2025-04-09T00:00:00","guid":{"rendered":"https:\/\/bmdprekyba.lt\/?post_type=product&#038;p=1179"},"modified":"2026-01-09T12:01:21","modified_gmt":"2026-01-09T12:01:21","slug":"kaihaowin-sulankstomas-stalas-85-x-85-cm-universalus-sulankstomas-sodo-stalas","status":"publish","type":"product","link":"https:\/\/bmdprekyba.lt\/en\/product\/kaihaowin-sulankstomas-stalas-85-x-85-cm-universalus-sulankstomas-sodo-stalas\/","title":{"rendered":"KAIHAOWIN sulankstomas stalas"},"content":{"rendered":"<h3>Kompakti\u0161kas ir erdv\u0119 taupantis palydovas<\/h3>\n<p><b>Matmenys: 85 x 85 x 70 cm<\/b>. Sulankstytas matmenys yra <b>kompakti\u0161ki 85 x 85 x 3 cm<\/b> \u2013 idealiai tinka ma\u017eiems butams, bendrabu\u010diams ar ribotoms rengini\u0173 erdv\u0117ms.<\/p>\n<h3>Nereikia surinkimo<\/h3>\n<p>M\u0117gaukit\u0117s patogumu, kur\u012f suteikia sulankstomas kvadratinis stalas, kuriam <b>nereikia jokio surinkimo<\/b>. Puikiai tinka kort\u0173 \u017eaidimams, d\u0117lioni\u0173 d\u0117liojimui, mad\u017eongui, rankdarbiams, valgomiesiems ir kt.<\/p>\n<h3>Stabilus ir patvarus<\/h3>\n<p><b>Auk\u0161tos kokyb\u0117s med\u017eiagos<\/b> u\u017etikrina puik\u0173 m\u016bs\u0173 sulankstomo stalo stabilum\u0105 ir ilgaam\u017ei\u0161kum\u0105, kad b\u016bt\u0173 u\u017etikrintas ilgalaikis patikimumas j\u016bs\u0173 pramog\u0173 poreikiams.<\/p>\n<h3>Auk\u0161a kokyb\u0117<\/h3>\n<p>M\u016bs\u0173 kvadratinis sulankstomas stalas turi <b>auk\u0161tos kokyb\u0117s PU tekst\u016br\u0105<\/b> ant stalvir\u0161io, kuri suteikia malon\u0173, prabang\u0173 prisilietim\u0105 ir pralenkia \u012fprastus metalinius stalus.<\/p>\n<h3>Lengva ne\u0161iotis<\/h3>\n<p>Pasiimkite linksmybes visur. Sulankstytas jis yra tik <b>3 cm storio<\/b>, tod\u0117l lengvai telpa \u012f automobilio baga\u017ein\u0119 arba yra lengvai pasiekiamas, idealiai tinka i\u0161kyloms, stovyklavimui ar \u0161eimos kelion\u0117ms.<\/p>","protected":false},"excerpt":{"rendered":"<p>Kompakti\u0161kas ir erdv\u0119 taupantis palydovas Matmenys: 85 x 85 x 70 cm. Sulankstytas matmenys yra kompakti\u0161ki 85 x 85 x 3 cm \u2013 idealiai tinka ma\u017eiems butams, bendrabu\u010diams ar ribotoms rengini\u0173 erdv\u0117ms. Nereikia surinkimo M\u0117gaukit\u0117s patogumu, kur\u012f suteikia sulankstomas kvadratinis stalas, kuriam nereikia jokio surinkimo. Puikiai tinka kort\u0173 \u017eaidimams, d\u0117lioni\u0173 d\u0117liojimui, mad\u017eongui, rankdarbiams, valgomiesiems ir [&hellip;]<\/p>\n","protected":false},"featured_media":1614,"comment_status":"open","ping_status":"closed","template":"","meta":{"_acf_changed":false,"inline_featured_image":false},"product_brand":[],"product_cat":[74,106],"product_tag":[],"class_list":{"0":"post-1179","1":"product","2":"type-product","3":"status-publish","4":"has-post-thumbnail","6":"product_cat-namu-interjeras","7":"product_cat-sodo-prekes","9":"first","10":"instock","11":"taxable","12":"shipping-taxable","13":"purchasable","14":"product-type-simple"},"acf":[],"_links":{"self":[{"href":"https:\/\/bmdprekyba.lt\/en\/wp-json\/wp\/v2\/product\/1179","targetHints":{"allow":["GET"]}}],"collection":[{"href":"https:\/\/bmdprekyba.lt\/en\/wp-json\/wp\/v2\/product"}],"about":[{"href":"https:\/\/bmdprekyba.lt\/en\/wp-json\/wp\/v2\/types\/product"}],"replies":[{"embeddable":true,"href":"https:\/\/bmdprekyba.lt\/en\/wp-json\/wp\/v2\/comments?post=1179"}],"wp:featuredmedia":[{"embeddable":true,"href":"https:\/\/bmdprekyba.lt\/en\/wp-json\/wp\/v2\/media\/1614"}],"wp:attachment":[{"href":"https:\/\/bmdprekyba.lt\/en\/wp-json\/wp\/v2\/media?parent=1179"}],"wp:term":[{"taxonomy":"product_brand","embeddable":true,"href":"https:\/\/bmdprekyba.lt\/en\/wp-json\/wp\/v2\/product_brand?post=1179"},{"taxonomy":"product_cat","embeddable":true,"href":"https:\/\/bmdprekyba.lt\/en\/wp-json\/wp\/v2\/product_cat?post=1179"},{"taxonomy":"product_tag","embeddable":true,"href":"https:\/\/bmdprekyba.lt\/en\/wp-json\/wp\/v2\/product_tag?post=1179"}],"curies":[{"name":"wp","href":"https:\/\/api.w.org\/{rel}","templated":true}]}}