{"id":1178,"date":"2025-04-09T00:00:00","date_gmt":"2025-04-09T00:00:00","guid":{"rendered":"https:\/\/bmdprekyba.lt\/?post_type=product&#038;p=1178"},"modified":"2026-01-09T12:01:21","modified_gmt":"2026-01-09T12:01:21","slug":"lentos-lapas-90x120cm-3m-lipnus-magnetinis-lakstas-magnetines-lentos-lapas-4-zymekliai-didelis-trintukas-ir-8-piesimo-kaisciai","status":"publish","type":"product","link":"https:\/\/bmdprekyba.lt\/en\/product\/lentos-lapas-90x120cm-3m-lipnus-magnetinis-lakstas-magnetines-lentos-lapas-4-zymekliai-didelis-trintukas-ir-8-piesimo-kaisciai\/","title":{"rendered":"Magnetinis lentos lapas"},"content":{"rendered":"<div id=\"chat-history\" class=\"chat-history-scroll-container\">\n<div id=\"d910be4c05efba6d\" class=\"conversation-container message-actions-hover-boundary ng-star-inserted\">\n<div class=\"response-container ng-tns-c4102658575-71 response-container-with-gpi ng-star-inserted response-container-has-multiple-responses\">\n<div class=\"presented-response-container ng-tns-c4102658575-71\">\n<div class=\"response-container-content ng-tns-c4102658575-71\">\n<div class=\"response-content ng-tns-c4102658575-71\">\n<div id=\"model-response-message-contentr_d910be4c05efba6d\" class=\"markdown markdown-main-panel enable-updated-hr-color\" dir=\"ltr\">\n<p data-start=\"118\" data-end=\"255\"><strong data-start=\"118\" data-end=\"169\">Lentos lapas 90&#215;120 cm su magnetiniu pavir\u0161iumi<\/strong> \u2013 prakti\u0161kas sprendimas, leid\u017eiantis bet kur\u012f lyg\u0173 pavir\u0161i\u0173 paversti balt\u0105ja lenta.<\/p>\n<p data-start=\"257\" data-end=\"757\">\u2022 <strong data-start=\"259\" data-end=\"285\">Didelis ir prakti\u0161kas:<\/strong> 90&#215;120 cm magnetinis lapas tinka klas\u0117ms, biurams ir namams<br data-start=\"345\" data-end=\"348\" \/>\u2022 <strong data-start=\"350\" data-end=\"374\">Lankstus naudojimas:<\/strong> magnetinis pavir\u0161ius idealiai pritaikomas besikei\u010dian\u010dioms u\u017eduotims ir u\u017era\u0161ams<br data-start=\"455\" data-end=\"458\" data-is-only-node=\"\" \/>\u2022 <strong data-start=\"460\" data-end=\"480\">Lengvai valomas:<\/strong> auk\u0161tos kokyb\u0117s PVC med\u017eiaga, daugkartinio naudojimo, nepalieka \u017eymi\u0173<br data-start=\"550\" data-end=\"553\" \/>\u2022 <strong data-start=\"555\" data-end=\"578\">Greitas montavimas:<\/strong> savaime limpan\u010dios pl\u0117vel\u0117s d\u0117ka nereikia joki\u0173 \u012franki\u0173<br data-start=\"634\" data-end=\"637\" \/>\u2022 <strong data-start=\"639\" data-end=\"661\">Komplekte priedai:<\/strong> 4 spalvoti \u017eymekliai, 8 pie\u0161imo kai\u0161\u010diai ir didelis trintukas \u2013 galima i\u0161 karto prad\u0117ti darb\u0105<\/p>\n<p data-start=\"759\" data-end=\"878\" data-is-last-node=\"\" data-is-only-node=\"\">Puikus pasirinkimas organizacijai, mokymuisi ar k\u016brybai, kai reikia greitai ir patogiai vizualiai pateikti informacij\u0105.<\/p>\n<\/div>\n<\/div>\n<\/div>\n<\/div>\n<\/div>\n<\/div>\n<\/div>\n<div class=\"input-area-container ng-tns-c3337620255-6 ng-trigger ng-trigger-inputAreaAnimation ng-star-inserted\">\n<div class=\"input-area ng-tns-c1751012583-10 with-toolbox-drawer\" data-node-type=\"input-area\">\n<div class=\"text-input-field ng-tns-c1751012583-10 with-toolbox-drawer height-expanded-past-single-line\">\n<div class=\"text-input-field_textarea-wrapper ng-tns-c1751012583-10\">\n<div class=\"text-input-field-main-area ng-tns-c1751012583-10\">\n<div class=\"text-input-field_textarea-inner ng-tns-c1751012583-10\">\n<div class=\"ql-editor textarea new-input-ui ql-blank\" role=\"textbox\" contenteditable=\"true\" data-gramm=\"false\" aria-multiline=\"true\" aria-label=\"\u0412\u0432\u0435\u0434\u0438\u0442\u0435 \u0437\u0430\u043f\u0440\u043e\u0441\" data-placeholder=\"\u0421\u043f\u0440\u043e\u0441\u0438\u0442\u044c Gemini\"><\/div>\n<\/div>\n<\/div>\n<\/div>\n<\/div>\n<\/div>\n<\/div>","protected":false},"excerpt":{"rendered":"<div id=\"chat-history\" class=\"chat-history-scroll-container\">\n<div id=\"d910be4c05efba6d\" class=\"conversation-container message-actions-hover-boundary ng-star-inserted\">\n<div class=\"response-container ng-tns-c4102658575-71 response-container-with-gpi ng-star-inserted response-container-has-multiple-responses\">\n<div class=\"presented-response-container ng-tns-c4102658575-71\">\n<div class=\"response-container-content ng-tns-c4102658575-71\">\n<div class=\"response-content ng-tns-c4102658575-71\">\n<div id=\"model-response-message-contentr_d910be4c05efba6d\" class=\"markdown markdown-main-panel enable-updated-hr-color\" dir=\"ltr\">\n<h3>PRAKTI\u0160KUMAS<\/h3>\n<p>Didel\u0117s baltos lentos jau praeityje! Su <b>auk\u0161tos kokyb\u0117s magnetiniu lapu 90&#215;120 cm<\/b> i\u0161 \u201eJAWAonline\u201c galite paversti visus lygius pavir\u0161ius prakti\u0161komis baltomis lentomis.<\/p>\n<h3>LANKSTUMAS<\/h3>\n<p>Auk\u0161tos kokyb\u0117s magnetinis lapas idealiai tinka kasdien besikei\u010dian\u010dioms etiket\u0117ms ir lanks\u010diai komunikacijai, pvz., klas\u0117se, biuruose ir namuose.<\/p>\n<h3>PAPASTUMAS<\/h3>\n<p>M\u016bs\u0173 baltos lentos pl\u0117vel\u0117s pavir\u0161ius pagamintas i\u0161 <b>auk\u0161tos kokyb\u0117s PVC med\u017eiagos<\/b>, yra nuvalomas ir daugkartinio naudojimo. U\u017era\u0161ai lengvai pa\u0161alinami nepaliekant joki\u0173 \u017eymi\u0173.<\/p>\n<h3>MONTAVIMAS<\/h3>\n<p>Savaime limpan\u010dios baltos lentos pl\u0117vel\u0117s montavimui <b>nereikia joki\u0173 \u012franki\u0173<\/b>. D\u0117l geros lipnios galios j\u0105 galima greitai pritvirtinti prie lygi\u0173 pavir\u0161i\u0173.<\/p>\n<h3>PRIEDAI<\/h3>\n<p>Auk\u0161tos kokyb\u0117s magnetinio lapo rinkinyje yra <b>4 spalvoti baltos lentos \u017eymekliai, 8 ra\u0161ikliai ir trintukas-kempin\u0117<\/b>, tod\u0117l galite i\u0161kart prad\u0117ti dirbti.<\/p>\n<\/div>\n<\/div>\n<\/div>\n<\/div>\n<\/div>\n<\/div>\n<\/div>\n<div class=\"container hidden\"><\/div>\n<div class=\"input-area-container ng-tns-c3337620255-6 ng-trigger ng-trigger-inputAreaAnimation ng-star-inserted\">\n<div class=\"input-area ng-tns-c1751012583-10 with-toolbox-drawer\" data-node-type=\"input-area\">\n<div class=\"text-input-field ng-tns-c1751012583-10 with-toolbox-drawer height-expanded-past-single-line\">\n<div class=\"text-input-field_textarea-wrapper ng-tns-c1751012583-10\">\n<div class=\"text-input-field-main-area ng-tns-c1751012583-10\">\n<div class=\"text-input-field_textarea-inner ng-tns-c1751012583-10\">\n<div class=\"ql-editor textarea new-input-ui ql-blank\" role=\"textbox\" contenteditable=\"true\" data-gramm=\"false\" aria-multiline=\"true\" aria-label=\"\u0412\u0432\u0435\u0434\u0438\u0442\u0435 \u0437\u0430\u043f\u0440\u043e\u0441\" data-placeholder=\"\u0421\u043f\u0440\u043e\u0441\u0438\u0442\u044c Gemini\"><\/div>\n<\/div>\n<\/div>\n<\/div>\n<\/div>\n<\/div>\n<\/div>","protected":false},"featured_media":1617,"comment_status":"open","ping_status":"closed","template":"","meta":{"_acf_changed":false,"inline_featured_image":false},"product_brand":[],"product_cat":[15],"product_tag":[],"class_list":{"0":"post-1178","1":"product","2":"type-product","3":"status-publish","4":"has-post-thumbnail","6":"product_cat-be-kategorijos","8":"first","9":"instock","10":"taxable","11":"shipping-taxable","12":"purchasable","13":"product-type-simple"},"acf":[],"_links":{"self":[{"href":"https:\/\/bmdprekyba.lt\/en\/wp-json\/wp\/v2\/product\/1178","targetHints":{"allow":["GET"]}}],"collection":[{"href":"https:\/\/bmdprekyba.lt\/en\/wp-json\/wp\/v2\/product"}],"about":[{"href":"https:\/\/bmdprekyba.lt\/en\/wp-json\/wp\/v2\/types\/product"}],"replies":[{"embeddable":true,"href":"https:\/\/bmdprekyba.lt\/en\/wp-json\/wp\/v2\/comments?post=1178"}],"wp:featuredmedia":[{"embeddable":true,"href":"https:\/\/bmdprekyba.lt\/en\/wp-json\/wp\/v2\/media\/1617"}],"wp:attachment":[{"href":"https:\/\/bmdprekyba.lt\/en\/wp-json\/wp\/v2\/media?parent=1178"}],"wp:term":[{"taxonomy":"product_brand","embeddable":true,"href":"https:\/\/bmdprekyba.lt\/en\/wp-json\/wp\/v2\/product_brand?post=1178"},{"taxonomy":"product_cat","embeddable":true,"href":"https:\/\/bmdprekyba.lt\/en\/wp-json\/wp\/v2\/product_cat?post=1178"},{"taxonomy":"product_tag","embeddable":true,"href":"https:\/\/bmdprekyba.lt\/en\/wp-json\/wp\/v2\/product_tag?post=1178"}],"curies":[{"name":"wp","href":"https:\/\/api.w.org\/{rel}","templated":true}]}}