{"id":1177,"date":"2025-04-09T00:00:00","date_gmt":"2025-04-09T00:00:00","guid":{"rendered":"https:\/\/bmdprekyba.lt\/?post_type=product&#038;p=1177"},"modified":"2026-01-09T12:01:22","modified_gmt":"2026-01-09T12:01:22","slug":"anbull-2t-grandininio-keltuvo-rankine-gerve-pilnai-cinkuota-grandine-2000-kg-keliamoji-galia-skriemulio-blokas-lynu-keltuvas-reketinis-keltuvas-3-m-grandine","status":"publish","type":"product","link":"https:\/\/bmdprekyba.lt\/en\/product\/anbull-2t-grandininio-keltuvo-rankine-gerve-pilnai-cinkuota-grandine-2000-kg-keliamoji-galia-skriemulio-blokas-lynu-keltuvas-reketinis-keltuvas-3-m-grandine\/","title":{"rendered":"Anbull 2T rankin\u0117 gerv\u0117"},"content":{"rendered":"<p data-start=\"118\" data-end=\"232\"><strong data-start=\"118\" data-end=\"165\">Anbull 2T grandininio keltuvo rankin\u0117 gerv\u0117<\/strong> \u2013 patikimas ir tvirtas \u012frankis, skirtas sunkiems k\u0117limo darbams.<\/p>\n<p data-start=\"234\" data-end=\"828\">\u2022 <strong data-start=\"236\" data-end=\"256\">Keliamoji galia:<\/strong> 2000 kg \u2013 puikiai tinka \u012fvairiems k\u0117limo darbams<br data-start=\"305\" data-end=\"308\" \/>\u2022 <strong data-start=\"310\" data-end=\"357\">Pilnai cinkuota G80 mangano plieno grandin\u0117<\/strong> \u2013 ilgaam\u017e\u0117, ner\u016bdijanti, be alyvos, 3 m ilgio, k\u0117limo auk\u0161tis 2,5\u20133 m<br data-start=\"427\" data-end=\"430\" data-is-only-node=\"\" \/>\u2022 <strong data-start=\"432\" data-end=\"474\">Tvirtas korpusas i\u0161 legiruotojo plieno<\/strong> \u2013 atsparus sm\u016bgiams ir dilimui, u\u017etikrina stabil\u0173 veikim\u0105<br data-start=\"532\" data-end=\"535\" \/>\u2022 <strong data-start=\"537\" data-end=\"583\">Skriemulio blokas ir reketinis mechanizmas<\/strong> \u2013 sklandus naudojimas ir ma\u017eesn\u0117s pastangos k\u0117limui<br data-start=\"635\" data-end=\"638\" \/>\u2022 <strong data-start=\"640\" data-end=\"690\">360\u00b0 besisukantis kablys su apsauginiu u\u017eraktu<\/strong> \u2013 saugus k\u0117limo darb\u0173 metu, daiktai neslysta<br data-start=\"735\" data-end=\"738\" \/>\u2022 <strong data-start=\"740\" data-end=\"773\">Patobulinta grandin\u0117s sistema<\/strong> \u2013 lygi lizdo konstrukcija ma\u017eina u\u017estrigim\u0173 tikimyb\u0119<\/p>\n<p data-start=\"830\" data-end=\"943\" data-is-last-node=\"\" data-is-only-node=\"\">Tvirtas ir patikimas sprendimas pramoniniams, statybiniams ar lauko darbams, kur svarbus saugumas ir efektyvumas.<\/p>","protected":false},"excerpt":{"rendered":"<p>Anbull 2T grandininio keltuvo rankin\u0117 gerv\u0117 \u2013 patikimas ir tvirtas \u012frankis, skirtas sunkiems k\u0117limo darbams. \u2022 Keliamoji galia: 2000 kg \u2013 puikiai tinka \u012fvairiems k\u0117limo darbams\u2022 Pilnai cinkuota G80 mangano plieno grandin\u0117 \u2013 ilgaam\u017e\u0117, ner\u016bdijanti, be alyvos, 3 m ilgio, k\u0117limo auk\u0161tis 2,5\u20133 m\u2022 Tvirtas korpusas i\u0161 legiruotojo plieno \u2013 atsparus sm\u016bgiams ir dilimui, u\u017etikrina [&hellip;]<\/p>\n","protected":false},"featured_media":1620,"comment_status":"open","ping_status":"closed","template":"","meta":{"_acf_changed":false,"inline_featured_image":false},"product_brand":[],"product_cat":[79],"product_tag":[],"class_list":{"0":"post-1177","1":"product","2":"type-product","3":"status-publish","4":"has-post-thumbnail","6":"product_cat-irankiai","8":"first","9":"instock","10":"taxable","11":"shipping-taxable","12":"purchasable","13":"product-type-simple"},"acf":[],"_links":{"self":[{"href":"https:\/\/bmdprekyba.lt\/en\/wp-json\/wp\/v2\/product\/1177","targetHints":{"allow":["GET"]}}],"collection":[{"href":"https:\/\/bmdprekyba.lt\/en\/wp-json\/wp\/v2\/product"}],"about":[{"href":"https:\/\/bmdprekyba.lt\/en\/wp-json\/wp\/v2\/types\/product"}],"replies":[{"embeddable":true,"href":"https:\/\/bmdprekyba.lt\/en\/wp-json\/wp\/v2\/comments?post=1177"}],"wp:featuredmedia":[{"embeddable":true,"href":"https:\/\/bmdprekyba.lt\/en\/wp-json\/wp\/v2\/media\/1620"}],"wp:attachment":[{"href":"https:\/\/bmdprekyba.lt\/en\/wp-json\/wp\/v2\/media?parent=1177"}],"wp:term":[{"taxonomy":"product_brand","embeddable":true,"href":"https:\/\/bmdprekyba.lt\/en\/wp-json\/wp\/v2\/product_brand?post=1177"},{"taxonomy":"product_cat","embeddable":true,"href":"https:\/\/bmdprekyba.lt\/en\/wp-json\/wp\/v2\/product_cat?post=1177"},{"taxonomy":"product_tag","embeddable":true,"href":"https:\/\/bmdprekyba.lt\/en\/wp-json\/wp\/v2\/product_tag?post=1177"}],"curies":[{"name":"wp","href":"https:\/\/api.w.org\/{rel}","templated":true}]}}