{"id":1176,"date":"2025-04-09T00:00:00","date_gmt":"2025-04-09T00:00:00","guid":{"rendered":"https:\/\/bmdprekyba.lt\/?post_type=product&#038;p=1176"},"modified":"2026-01-09T12:01:22","modified_gmt":"2026-01-09T12:01:22","slug":"skoloo-medine-rubu-kabykla-vintazine-tvirti-sieniniai-palto-kabliukai-su-10-trigubu-kabliuku-2-vienetu-pakuote-rudos-spalvos","status":"publish","type":"product","link":"https:\/\/bmdprekyba.lt\/en\/product\/skoloo-medine-rubu-kabykla-vintazine-tvirti-sieniniai-palto-kabliukai-su-10-trigubu-kabliuku-2-vienetu-pakuote-rudos-spalvos\/","title":{"rendered":"SKOLOO vinta\u017ein\u0117 kabykla"},"content":{"rendered":"<div id=\"chat-history\" class=\"chat-history-scroll-container\">\n<div id=\"5c6ec2d6ffdfcfcc\" class=\"conversation-container message-actions-hover-boundary ng-star-inserted\">\n<div class=\"response-container ng-tns-c4102658575-81 response-container-with-gpi ng-star-inserted response-container-has-multiple-responses\">\n<div class=\"presented-response-container ng-tns-c4102658575-81\">\n<div class=\"response-container-content ng-tns-c4102658575-81\">\n<div class=\"response-content ng-tns-c4102658575-81\">\n<div id=\"model-response-message-contentr_5c6ec2d6ffdfcfcc\" class=\"markdown markdown-main-panel enable-updated-hr-color\" dir=\"ltr\">\n<hr \/>\n<p data-start=\"119\" data-end=\"262\"><strong data-start=\"119\" data-end=\"172\">SKOLOO 38,3&#8243; medin\u0117 sienin\u0117 r\u016bb\u0173 kabykla (2 vnt.)<\/strong> \u2013 stilinga ir tvirta kabykla, puikiai tinkanti prie\u0161kambariui, svetainei ar miegamajam.<\/p>\n<p data-start=\"264\" data-end=\"772\">\u2022 <strong data-start=\"266\" data-end=\"299\">Vinta\u017einis kaimi\u0161kas dizainas<\/strong> \u2013 eleganti\u0161ka sendinta lenta rudos, baltos ar juodos spalvos<br data-start=\"360\" data-end=\"363\" \/>\u2022 <strong data-start=\"365\" data-end=\"393\">Tvirti trigubi kabliukai<\/strong> \u2013 10 kabliuk\u0173 kiekvienoje kabykloje, pagaminti i\u0161 aliuminio lydinio<br data-start=\"461\" data-end=\"464\" data-is-only-node=\"\" \/>\u2022 <strong data-start=\"466\" data-end=\"482\">Didel\u0117 talpa<\/strong> \u2013 maksimalus apkrovos svoris iki 22,7 kg, puikiai tinka paltams, \u0161alikams, kepur\u0117ms ir kuprin\u0117ms<br data-start=\"579\" data-end=\"582\" \/>\u2022 <strong data-start=\"584\" data-end=\"600\">Jau surinkta<\/strong> \u2013 kabliukai pritvirtinti prie medin\u0117s pu\u0161ies masyvo lentos, lengvas montavimas prie sienos<br data-start=\"691\" data-end=\"694\" \/>\u2022 <strong data-start=\"696\" data-end=\"712\">I\u0161matavimai:<\/strong> 98 x 11 x 1,9 cm, 40,6 cm atstumas tarp tvirtinimo skyli\u0173<\/p>\n<p data-start=\"774\" data-end=\"899\" data-is-last-node=\"\" data-is-only-node=\"\">Patogi ir funkcionali kabykla, kuri der\u0117s prie \u012fvairi\u0173 interjero stili\u0173 ir pad\u0117s tvarkingai laikyti drabu\u017eius bei aksesuarus.<\/p>\n<\/div>\n<\/div>\n<\/div>\n<\/div>\n<\/div>\n<\/div>\n<\/div>","protected":false},"excerpt":{"rendered":"<p>SKOLOO 38,3&#8243; medin\u0117 sienin\u0117 r\u016bb\u0173 kabykla (2 vnt.) \u2013 stilinga ir tvirta kabykla, puikiai tinkanti prie\u0161kambariui, svetainei ar miegamajam. \u2022 Vinta\u017einis kaimi\u0161kas dizainas \u2013 eleganti\u0161ka sendinta lenta rudos, baltos ar juodos spalvos\u2022 Tvirti trigubi kabliukai \u2013 10 kabliuk\u0173 kiekvienoje kabykloje, pagaminti i\u0161 aliuminio lydinio\u2022 Didel\u0117 talpa \u2013 maksimalus apkrovos svoris iki 22,7 kg, puikiai tinka [&hellip;]<\/p>\n","protected":false},"featured_media":1625,"comment_status":"open","ping_status":"closed","template":"","meta":{"_acf_changed":false,"inline_featured_image":false},"product_brand":[],"product_cat":[74],"product_tag":[],"class_list":{"0":"post-1176","1":"product","2":"type-product","3":"status-publish","4":"has-post-thumbnail","6":"product_cat-namu-interjeras","8":"first","9":"outofstock","10":"taxable","11":"shipping-taxable","12":"purchasable","13":"product-type-simple"},"acf":[],"_links":{"self":[{"href":"https:\/\/bmdprekyba.lt\/en\/wp-json\/wp\/v2\/product\/1176","targetHints":{"allow":["GET"]}}],"collection":[{"href":"https:\/\/bmdprekyba.lt\/en\/wp-json\/wp\/v2\/product"}],"about":[{"href":"https:\/\/bmdprekyba.lt\/en\/wp-json\/wp\/v2\/types\/product"}],"replies":[{"embeddable":true,"href":"https:\/\/bmdprekyba.lt\/en\/wp-json\/wp\/v2\/comments?post=1176"}],"wp:featuredmedia":[{"embeddable":true,"href":"https:\/\/bmdprekyba.lt\/en\/wp-json\/wp\/v2\/media\/1625"}],"wp:attachment":[{"href":"https:\/\/bmdprekyba.lt\/en\/wp-json\/wp\/v2\/media?parent=1176"}],"wp:term":[{"taxonomy":"product_brand","embeddable":true,"href":"https:\/\/bmdprekyba.lt\/en\/wp-json\/wp\/v2\/product_brand?post=1176"},{"taxonomy":"product_cat","embeddable":true,"href":"https:\/\/bmdprekyba.lt\/en\/wp-json\/wp\/v2\/product_cat?post=1176"},{"taxonomy":"product_tag","embeddable":true,"href":"https:\/\/bmdprekyba.lt\/en\/wp-json\/wp\/v2\/product_tag?post=1176"}],"curies":[{"name":"wp","href":"https:\/\/api.w.org\/{rel}","templated":true}]}}