{"id":1175,"date":"2025-04-09T00:00:00","date_gmt":"2025-04-09T00:00:00","guid":{"rendered":"https:\/\/bmdprekyba.lt\/?post_type=product&#038;p=1175"},"modified":"2026-01-09T12:01:22","modified_gmt":"2026-01-09T12:01:22","slug":"salcar-dirbtine-kaledu-eglute-180-cm-pvc-ir-pe-medziaga-sulankstoma-skeciu-sistema-skersmuo-115-cm-didelio-skersmens","status":"publish","type":"product","link":"https:\/\/bmdprekyba.lt\/en\/product\/salcar-dirbtine-kaledu-eglute-180-cm-pvc-ir-pe-medziaga-sulankstoma-skeciu-sistema-skersmuo-115-cm-didelio-skersmens\/","title":{"rendered":"SALCAR dirbtin\u0117 eglut\u0117"},"content":{"rendered":"<p data-start=\"117\" data-end=\"233\"><strong data-start=\"117\" data-end=\"159\">SALCAR dirbtin\u0117 Kal\u0117d\u0173 eglut\u0117 \u2013 180 cm<\/strong> \u2013 stilinga ir patvari eglut\u0117, puikiai tinkanti \u0161ventin\u0117ms dekoracijoms.<\/p>\n<p data-start=\"235\" data-end=\"503\">\u2022 <strong data-start=\"237\" data-end=\"250\">Med\u017eiaga:<\/strong> PVC ir PE \u2013 nat\u016bralios i\u0161vaizdos ir ilgaam\u017e\u0117<br data-start=\"295\" data-end=\"298\" \/>\u2022 <strong data-start=\"300\" data-end=\"330\">Sulankstoma sk\u0117\u010di\u0173 sistema<\/strong> \u2013 lengvas surinkimas ir patogus laikymas<br data-start=\"371\" data-end=\"374\" data-is-only-node=\"\" \/>\u2022 <strong data-start=\"376\" data-end=\"395\">Skersmuo 115 cm<\/strong> \u2013 pilna, didelio t\u016brio eglut\u0117<br data-start=\"425\" data-end=\"428\" \/>\u2022 <strong data-start=\"430\" data-end=\"454\">Universalus dizainas<\/strong> \u2013 puikiai tinka namams, biurui ar parduotuv\u0117ms<\/p>\n<p data-start=\"505\" data-end=\"581\" data-is-last-node=\"\" data-is-only-node=\"\">Gra\u017ei ir patogi eglut\u0117, suteikianti \u0161ventin\u0119 nuotaik\u0105 bet kurioje patalpoje.<\/p>","protected":false},"excerpt":{"rendered":"<p>SALCAR dirbtin\u0117 Kal\u0117d\u0173 eglut\u0117 \u2013 180 cm \u2013 stilinga ir patvari eglut\u0117, puikiai tinkanti \u0161ventin\u0117ms dekoracijoms. \u2022 Med\u017eiaga: PVC ir PE \u2013 nat\u016bralios i\u0161vaizdos ir ilgaam\u017e\u0117\u2022 Sulankstoma sk\u0117\u010di\u0173 sistema \u2013 lengvas surinkimas ir patogus laikymas\u2022 Skersmuo 115 cm \u2013 pilna, didelio t\u016brio eglut\u0117\u2022 Universalus dizainas \u2013 puikiai tinka namams, biurui ar parduotuv\u0117ms Gra\u017ei ir patogi [&hellip;]<\/p>\n","protected":false},"featured_media":1635,"comment_status":"open","ping_status":"closed","template":"","meta":{"_acf_changed":false,"inline_featured_image":false},"product_brand":[],"product_cat":[74],"product_tag":[],"class_list":{"0":"post-1175","1":"product","2":"type-product","3":"status-publish","4":"has-post-thumbnail","6":"product_cat-namu-interjeras","8":"first","9":"instock","10":"taxable","11":"shipping-taxable","12":"purchasable","13":"product-type-simple"},"acf":[],"_links":{"self":[{"href":"https:\/\/bmdprekyba.lt\/en\/wp-json\/wp\/v2\/product\/1175","targetHints":{"allow":["GET"]}}],"collection":[{"href":"https:\/\/bmdprekyba.lt\/en\/wp-json\/wp\/v2\/product"}],"about":[{"href":"https:\/\/bmdprekyba.lt\/en\/wp-json\/wp\/v2\/types\/product"}],"replies":[{"embeddable":true,"href":"https:\/\/bmdprekyba.lt\/en\/wp-json\/wp\/v2\/comments?post=1175"}],"wp:featuredmedia":[{"embeddable":true,"href":"https:\/\/bmdprekyba.lt\/en\/wp-json\/wp\/v2\/media\/1635"}],"wp:attachment":[{"href":"https:\/\/bmdprekyba.lt\/en\/wp-json\/wp\/v2\/media?parent=1175"}],"wp:term":[{"taxonomy":"product_brand","embeddable":true,"href":"https:\/\/bmdprekyba.lt\/en\/wp-json\/wp\/v2\/product_brand?post=1175"},{"taxonomy":"product_cat","embeddable":true,"href":"https:\/\/bmdprekyba.lt\/en\/wp-json\/wp\/v2\/product_cat?post=1175"},{"taxonomy":"product_tag","embeddable":true,"href":"https:\/\/bmdprekyba.lt\/en\/wp-json\/wp\/v2\/product_tag?post=1175"}],"curies":[{"name":"wp","href":"https:\/\/api.w.org\/{rel}","templated":true}]}}