{"id":1174,"date":"2025-04-09T00:00:00","date_gmt":"2025-04-09T00:00:00","guid":{"rendered":"https:\/\/bmdprekyba.lt\/?post_type=product&#038;p=1174"},"modified":"2026-01-09T12:01:21","modified_gmt":"2026-01-09T12:01:21","slug":"atorpok-shop-sulankstoma-stovyklavimo-lova-juoda","status":"publish","type":"product","link":"https:\/\/bmdprekyba.lt\/en\/product\/atorpok-shop-sulankstoma-stovyklavimo-lova-juoda\/","title":{"rendered":"ATORPOK stovyklavimo lova"},"content":{"rendered":"<p data-start=\"120\" data-end=\"254\"><strong data-start=\"120\" data-end=\"174\">ATORPOK SHOP sulankstoma stovyklavimo lova (juoda)<\/strong> \u2013 patogi ir prakti\u0161ka lova, skirta stovyklavimui, \u017eygiams ar nam\u0173 naudojimui.<\/p>\n<p data-start=\"256\" data-end=\"539\">\u2022 <strong data-start=\"258\" data-end=\"283\">Sulankstomas dizainas<\/strong> \u2013 lengvai transportuojama ir laikoma<br data-start=\"384\" data-end=\"387\" data-is-only-node=\"\" \/>\u2022 <strong data-start=\"389\" data-end=\"415\">Universalus naudojimas<\/strong> \u2013 tinkama lauko stovyklavimui ar papildomai miego vietai namuose<br data-start=\"480\" data-end=\"483\" \/>\u2022 <strong data-start=\"485\" data-end=\"513\">Eleganti\u0161ka juoda spalva<\/strong> \u2013 stilinga ir prakti\u0161ka<\/p>\n<p data-start=\"541\" data-end=\"627\" data-is-last-node=\"\" data-is-only-node=\"\">Patogus sprendimas tiems, kurie vertina komfort\u0105 ir funkcionalum\u0105 bet kurioje vietoje.<\/p>","protected":false},"excerpt":{"rendered":"<p>ATORPOK SHOP sulankstoma stovyklavimo lova (juoda) \u2013 patogi ir prakti\u0161ka lova, skirta stovyklavimui, \u017eygiams ar nam\u0173 naudojimui. \u2022 Sulankstomas dizainas \u2013 lengvai transportuojama ir laikoma\u2022 Universalus naudojimas \u2013 tinkama lauko stovyklavimui ar papildomai miego vietai namuose\u2022 Eleganti\u0161ka juoda spalva \u2013 stilinga ir prakti\u0161ka Patogus sprendimas tiems, kurie vertina komfort\u0105 ir funkcionalum\u0105 bet kurioje vietoje.<\/p>","protected":false},"featured_media":1504,"comment_status":"open","ping_status":"closed","template":"","meta":{"_acf_changed":false,"inline_featured_image":false},"product_brand":[],"product_cat":[15],"product_tag":[],"class_list":{"0":"post-1174","1":"product","2":"type-product","3":"status-publish","4":"has-post-thumbnail","6":"product_cat-be-kategorijos","8":"first","9":"instock","10":"taxable","11":"shipping-taxable","12":"purchasable","13":"product-type-simple"},"acf":[],"_links":{"self":[{"href":"https:\/\/bmdprekyba.lt\/en\/wp-json\/wp\/v2\/product\/1174","targetHints":{"allow":["GET"]}}],"collection":[{"href":"https:\/\/bmdprekyba.lt\/en\/wp-json\/wp\/v2\/product"}],"about":[{"href":"https:\/\/bmdprekyba.lt\/en\/wp-json\/wp\/v2\/types\/product"}],"replies":[{"embeddable":true,"href":"https:\/\/bmdprekyba.lt\/en\/wp-json\/wp\/v2\/comments?post=1174"}],"wp:featuredmedia":[{"embeddable":true,"href":"https:\/\/bmdprekyba.lt\/en\/wp-json\/wp\/v2\/media\/1504"}],"wp:attachment":[{"href":"https:\/\/bmdprekyba.lt\/en\/wp-json\/wp\/v2\/media?parent=1174"}],"wp:term":[{"taxonomy":"product_brand","embeddable":true,"href":"https:\/\/bmdprekyba.lt\/en\/wp-json\/wp\/v2\/product_brand?post=1174"},{"taxonomy":"product_cat","embeddable":true,"href":"https:\/\/bmdprekyba.lt\/en\/wp-json\/wp\/v2\/product_cat?post=1174"},{"taxonomy":"product_tag","embeddable":true,"href":"https:\/\/bmdprekyba.lt\/en\/wp-json\/wp\/v2\/product_tag?post=1174"}],"curies":[{"name":"wp","href":"https:\/\/api.w.org\/{rel}","templated":true}]}}