{"id":1173,"date":"2025-04-09T00:00:00","date_gmt":"2025-04-09T00:00:00","guid":{"rendered":"https:\/\/bmdprekyba.lt\/?post_type=product&#038;p=1173"},"modified":"2026-01-09T12:01:21","modified_gmt":"2026-01-09T12:01:21","slug":"ccjh-300cm-10ft-stumdomu-duru-sistemos-pilnas-komplektas-begimo-begiu-ritineliu-rinkinys-juodas-sieninis-laikiklis","status":"publish","type":"product","link":"https:\/\/bmdprekyba.lt\/en\/product\/ccjh-300cm-10ft-stumdomu-duru-sistemos-pilnas-komplektas-begimo-begiu-ritineliu-rinkinys-juodas-sieninis-laikiklis\/","title":{"rendered":"CCJH 300CM\/10FT Stumdom\u0173 dur\u0173 sistemos pilnas komplektas b\u0117gimo b\u0117gi\u0173 ritin\u0117li\u0173 rinkinys juodas sieninis laikiklis"},"content":{"rendered":"<p>10 p\u0117d\u0173 (300 cm) prie lub\u0173 tvirtinamas stumdom\u0173 dur\u0173 furnit\u016bros komplektas dviguboms durims (tinka maksimaliam dur\u0173 plo\u010diui iki 2,5 p\u0117dos \/ 75 cm)<\/p>\n<p>**Med\u017eiaga:** auk\u0161tos kokyb\u0117s anglinis plienas ir Gcr15 guoliniai ratukai.<\/p>\n<p>**Pavir\u0161ius:** matinis juodas.<\/p>\n<p>**Apkrova:** maks. 100 kg vienai duriai. Tinka dur\u0173 storiui: apie 3 cm\u20135 cm.<\/p>\n<p>**PATOBULINIMAI:**<br \/>\nReguliuojami var\u017etai, tinka dur\u0173 storiui nuo 3 cm iki 5 cm.<br \/>\nSpyruokliniai dur\u0173 stabdikliai, apsaugantys ratukus ir ma\u017einantys triuk\u0161m\u0105.<br \/>\nNaujo dizaino jungiamoji plok\u0161t\u0117, skland\u017eiai jungianti b\u0117gelius.<\/p>","protected":false},"excerpt":{"rendered":"<p>10 p\u0117d\u0173 (300 cm) prie lub\u0173 tvirtinamas stumdom\u0173 dur\u0173 furnit\u016bros komplektas dviguboms durims (tinka maksimaliam dur\u0173 plo\u010diui iki 2,5 p\u0117dos \/ 75 cm) **Med\u017eiaga:** auk\u0161tos kokyb\u0117s anglinis plienas ir Gcr15 guoliniai ratukai. **Pavir\u0161ius:** matinis juodas. **Apkrova:** maks. 100 kg vienai duriai. Tinka dur\u0173 storiui: apie 3 cm\u20135 cm. **PATOBULINIMAI:** Reguliuojami var\u017etai, tinka dur\u0173 storiui nuo [&hellip;]<\/p>\n","protected":false},"featured_media":1590,"comment_status":"open","ping_status":"closed","template":"","meta":{"_acf_changed":false,"inline_featured_image":false},"product_brand":[],"product_cat":[15],"product_tag":[],"class_list":{"0":"post-1173","1":"product","2":"type-product","3":"status-publish","4":"has-post-thumbnail","6":"product_cat-be-kategorijos","8":"first","9":"instock","10":"taxable","11":"shipping-taxable","12":"purchasable","13":"product-type-simple"},"acf":[],"_links":{"self":[{"href":"https:\/\/bmdprekyba.lt\/en\/wp-json\/wp\/v2\/product\/1173","targetHints":{"allow":["GET"]}}],"collection":[{"href":"https:\/\/bmdprekyba.lt\/en\/wp-json\/wp\/v2\/product"}],"about":[{"href":"https:\/\/bmdprekyba.lt\/en\/wp-json\/wp\/v2\/types\/product"}],"replies":[{"embeddable":true,"href":"https:\/\/bmdprekyba.lt\/en\/wp-json\/wp\/v2\/comments?post=1173"}],"wp:featuredmedia":[{"embeddable":true,"href":"https:\/\/bmdprekyba.lt\/en\/wp-json\/wp\/v2\/media\/1590"}],"wp:attachment":[{"href":"https:\/\/bmdprekyba.lt\/en\/wp-json\/wp\/v2\/media?parent=1173"}],"wp:term":[{"taxonomy":"product_brand","embeddable":true,"href":"https:\/\/bmdprekyba.lt\/en\/wp-json\/wp\/v2\/product_brand?post=1173"},{"taxonomy":"product_cat","embeddable":true,"href":"https:\/\/bmdprekyba.lt\/en\/wp-json\/wp\/v2\/product_cat?post=1173"},{"taxonomy":"product_tag","embeddable":true,"href":"https:\/\/bmdprekyba.lt\/en\/wp-json\/wp\/v2\/product_tag?post=1173"}],"curies":[{"name":"wp","href":"https:\/\/api.w.org\/{rel}","templated":true}]}}