{"id":1172,"date":"2025-04-09T00:00:00","date_gmt":"2025-04-09T00:00:00","guid":{"rendered":"https:\/\/bmdprekyba.lt\/?post_type=product&#038;p=1172"},"modified":"2026-01-24T13:33:37","modified_gmt":"2026-01-24T13:33:37","slug":"duso-kede-pagyvenusiems-zmonems-duso-kede-neigaliesiems","status":"publish","type":"product","link":"https:\/\/bmdprekyba.lt\/en\/product\/duso-kede-pagyvenusiems-zmonems-duso-kede-neigaliesiems\/","title":{"rendered":"Du\u0161o k\u0117d\u0117 su pasukama s\u0117dyne EOSPRIM"},"content":{"rendered":"<article class=\"text-token-text-primary w-full focus:outline-none [--shadow-height:45px] has-data-writing-block:pointer-events-none has-data-writing-block:-mt-(--shadow-height) has-data-writing-block:pt-(--shadow-height) [&amp;:has([data-writing-block])&gt;*]:pointer-events-auto [content-visibility:auto] supports-[content-visibility:auto]:[contain-intrinsic-size:auto_100lvh] scroll-mt-[calc(var(--header-height)+min(200px,max(70px,20svh)))]\" dir=\"auto\" tabindex=\"-1\" data-turn-id=\"request-WEB:5611a05f-83eb-4900-a069-91b39f9db75c-2\" data-testid=\"conversation-turn-6\" data-scroll-anchor=\"true\" data-turn=\"assistant\">\n<div class=\"text-base my-auto mx-auto pb-10 [--thread-content-margin:--spacing(4)] thread-sm:[--thread-content-margin:--spacing(6)] thread-lg:[--thread-content-margin:--spacing(16)] px-(--thread-content-margin)\">\n<div class=\"[--thread-content-max-width:40rem] thread-lg:[--thread-content-max-width:48rem] mx-auto max-w-(--thread-content-max-width) flex-1 group\/turn-messages focus-visible:outline-hidden relative flex w-full min-w-0 flex-col agent-turn\" tabindex=\"-1\">\n<div class=\"flex max-w-full flex-col grow\">\n<div class=\"min-h-8 text-message relative flex w-full flex-col items-end gap-2 text-start break-words whitespace-normal [.text-message+&amp;]:mt-1\" dir=\"auto\" data-message-author-role=\"assistant\" data-message-id=\"19914b65-9b5c-463c-a4ad-de8dd5d24ee7\" data-message-model-slug=\"gpt-5\">\n<div class=\"flex w-full flex-col gap-1 empty:hidden first:pt-[1px]\">\n<div class=\"markdown prose dark:prose-invert w-full break-words dark markdown-new-styling\">\n<p data-start=\"36\" data-end=\"351\" data-is-last-node=\"\" data-is-only-node=\"\"><strong data-start=\"36\" data-end=\"351\" data-is-last-node=\"\">EOSPRIM stumdoma du\u0161o k\u0117d\u0117 su pasukama s\u0117dyne \u2013 auk\u0161tos kokyb\u0117s, pamink\u0161tintas suoliukas, tinkantis tiek voniai, tiek du\u0161ui. K\u0117d\u0117 turi pasukamus porankius, yra reguliuojamo dyd\u017eio ir kompakti\u0161ka, tod\u0117l patogiai taupo erdv\u0119. Skirta naudoti voniose, du\u0161uose, pritaikyta ne\u012fgaliesiems ir senjorams. Baltos spalvos.<\/strong><\/p>\n<\/div>\n<\/div>\n<\/div>\n<\/div>\n<\/div>\n<\/div>\n<\/article>\n<p><b>Neprilygstama sauga ir stabilumas:<\/b> M\u016bs\u0173 tvirta du\u0161o k\u0117d\u0117 u\u017etikrina neprilygstam\u0105 saugum\u0105, ji suprojektuota taip, kad u\u017eimt\u0173 0,48 m\u00b2 plot\u0105 ir pagaminta i\u0161 sustiprinto 1,27 mm aviacinio aliuminio lydinio. \u0160i tvirta konstrukcija i\u0161laiko iki 181 kg svor\u012f, u\u017etikrindama ilgaam\u017ei\u0161kum\u0105 ir patikimum\u0105. Neslystantys kilim\u0117liai kartu su stabiliu kampo dizainu u\u017etikrina itin tvirt\u0105 stabilum\u0105 s\u0117dint, o nuimami mink\u0161ti porankiai suteikia papildom\u0105 saugum\u0105 ir atram\u0105 atsistojant.<\/p>\n<p><b>Sklandus, lengvas jud\u0117jimas:<\/b> M\u016bs\u0173 vonios suoliukas su pa\u017eangiu slankiojan\u010diu mechanizmu leid\u017eia skland\u017eiai ir be pastang\u0173 persikelti \u012f voni\u0105 ir i\u0161 jos. Intuityvi funkcija \u201ePaspauskite, kad slyst\u0173\u201c leid\u017eia lengvai jud\u0117ti 34 cm atstumu. Automatin\u0117 fiksavimo sistema garantuoja, kad k\u0117d\u0117 visada i\u0161liks saugi ir stabili, suteikdama ramyb\u0119 tiek vartotojams, tiek slaugytojams.<\/p>\n<p><b>Geresnis prieinamumas su 360\u00b0 sukimu:<\/b> Padidinkite vonios kambario erdv\u0119 ir patogum\u0105 su m\u016bs\u0173 \u201eEOSPRIM\u201c pasukama du\u0161o k\u0117de, turin\u010dia \u012fmontuotus rutulinius guolius, u\u017etikrinan\u010dius skland\u0173 360\u00b0 sukim\u0105si. Su 90\u00b0 laipsni\u0173 fiksavimo ta\u0161kais galite be vargo pasiekti visus reikalingus daiktus ne\u012ftempdami. Ergonominis atlo\u0161as suteikia viso k\u016bno atram\u0105, u\u017etikrindamas komfort\u0105 ir saugum\u0105 kiekvienos maudymosi sesijos metu.<\/p>\n<p><b>Pritaikomas komfortas su reguliuojamu auk\u0161\u010diu:<\/b> Individualizuokite savo maudymosi patirt\u012f su 12 reguliuojam\u0173 auk\u0161\u010dio nustatym\u0173, nuo 40,6 cm iki 54 cm, tikslumu iki 1,27 cm. \u0160is lankstumas u\u017etikrina tobul\u0105 pritaikym\u0105 kiekvienam vartotojui, skatinant saugesn\u012f perk\u0117lim\u0105 ir pritaikyt\u0105 komfort\u0105. Suderinamas su dauguma voni\u0173, kuri\u0173 auk\u0161tis ma\u017eesnis nei 40,6 cm, \u0161is universalus dizainas tinka \u012fvairioms vonios kambario konfig\u016bracijoms.<\/p>\n<p><b>Higieninis dizainas ir i\u0161skirtin\u0117 atrama:<\/b> M\u016bs\u0173 ypa\u010d plati ir gili neslystanti s\u0117dyn\u0117, sukurta specialiai suaugusiems vartotojams, u\u017etikrina higieni\u0161k\u0105 ir patog\u0173 s\u0117d\u0117jim\u0105. \u012etr\u016bkimams atsparus, slydim\u0105 neleid\u017eiantis pavir\u0161ius u\u017etikrina saugum\u0105 ant \u0161lapi\u0173 pavir\u0161i\u0173, o drena\u017eo angos neleid\u017eia kauptis vandeniui. Montavimas be \u012franki\u0173 su paprasta rutuline konstrukcija u\u017etrunka tik 5 minutes! JAV veikianti klient\u0173 aptarnavimo tarnyba teikia nuolatin\u0119 pagalb\u0105 el. pa\u0161tu, u\u017etikrindama, kad visada tur\u0117site pagalbos, kai jos prireiks, ir visi\u0161k\u0105 ramyb\u0119.<\/p>\n","protected":false},"excerpt":{"rendered":"<p>EOSPRIM stumdoma du\u0161o k\u0117d\u0117 su pasukama s\u0117dyne \u2013 auk\u0161tos kokyb\u0117s, pamink\u0161tintas suoliukas, tinkantis tiek voniai, tiek du\u0161ui. K\u0117d\u0117 turi pasukamus porankius, yra reguliuojamo dyd\u017eio ir kompakti\u0161ka, tod\u0117l patogiai taupo erdv\u0119. Skirta naudoti voniose, du\u0161uose, pritaikyta ne\u012fgaliesiems ir senjorams. Baltos spalvos. Neprilygstama sauga ir stabilumas: M\u016bs\u0173 tvirta du\u0161o k\u0117d\u0117 u\u017etikrina neprilygstam\u0105 saugum\u0105, ji suprojektuota taip, kad [&hellip;]<\/p>\n","protected":false},"featured_media":1582,"comment_status":"open","ping_status":"closed","template":"","meta":{"_acf_changed":false,"inline_featured_image":false},"product_brand":[],"product_cat":[15,74],"product_tag":[],"class_list":{"0":"post-1172","1":"product","2":"type-product","3":"status-publish","4":"has-post-thumbnail","6":"product_cat-be-kategorijos","7":"product_cat-namu-interjeras","9":"first","10":"outofstock","11":"sale","12":"taxable","13":"shipping-taxable","14":"purchasable","15":"product-type-simple"},"acf":[],"_links":{"self":[{"href":"https:\/\/bmdprekyba.lt\/en\/wp-json\/wp\/v2\/product\/1172","targetHints":{"allow":["GET"]}}],"collection":[{"href":"https:\/\/bmdprekyba.lt\/en\/wp-json\/wp\/v2\/product"}],"about":[{"href":"https:\/\/bmdprekyba.lt\/en\/wp-json\/wp\/v2\/types\/product"}],"replies":[{"embeddable":true,"href":"https:\/\/bmdprekyba.lt\/en\/wp-json\/wp\/v2\/comments?post=1172"}],"wp:featuredmedia":[{"embeddable":true,"href":"https:\/\/bmdprekyba.lt\/en\/wp-json\/wp\/v2\/media\/1582"}],"wp:attachment":[{"href":"https:\/\/bmdprekyba.lt\/en\/wp-json\/wp\/v2\/media?parent=1172"}],"wp:term":[{"taxonomy":"product_brand","embeddable":true,"href":"https:\/\/bmdprekyba.lt\/en\/wp-json\/wp\/v2\/product_brand?post=1172"},{"taxonomy":"product_cat","embeddable":true,"href":"https:\/\/bmdprekyba.lt\/en\/wp-json\/wp\/v2\/product_cat?post=1172"},{"taxonomy":"product_tag","embeddable":true,"href":"https:\/\/bmdprekyba.lt\/en\/wp-json\/wp\/v2\/product_tag?post=1172"}],"curies":[{"name":"wp","href":"https:\/\/api.w.org\/{rel}","templated":true}]}}