{"id":1171,"date":"2025-04-09T00:00:00","date_gmt":"2025-04-09T00:00:00","guid":{"rendered":"https:\/\/bmdprekyba.lt\/?post_type=product&#038;p=1171"},"modified":"2026-01-09T12:01:22","modified_gmt":"2026-01-09T12:01:22","slug":"mallvitally-reguliuojama-klupoma-kede-ergonomiska-medine-supama-kede-baltasis-azuolas","status":"publish","type":"product","link":"https:\/\/bmdprekyba.lt\/en\/product\/mallvitally-reguliuojama-klupoma-kede-ergonomiska-medine-supama-kede-baltasis-azuolas\/","title":{"rendered":"\u201eMallVitally\u201c reguliuojama kl\u016bpoma k\u0117d\u0117, ergonomi\u0161ka medin\u0117 supama k\u0117d\u0117 (baltasis \u0105\u017euolas)"},"content":{"rendered":"<p>REGULIUOJAMA KELIO K\u0116D\u0116 Ergonomi\u0161ka kl\u016bpanti k\u0117d\u0117 turi \u017evaig\u017ed\u0117s formos rankenas \u0161onuose, kurios leid\u017eia reguliuoti s\u0117dyn\u0117s gyl\u012f ir kamp\u0105. Skirtingi k\u016bno tipai gali pritaikyti patogiausi\u0105 pad\u0117t\u012f pagal savo poreikius.<br \/>\nPAGERINKITE SAVO stuburo sveikat\u0105 M\u016bs\u0173 ergonomi\u0161ka laikysenos k\u0117d\u0117 puikiai prisitaiko prie j\u016bs\u0173 stuburo, skatina sveik\u0105 laikysen\u0105 ir mal\u0161ina nugaros skausm\u0105. L\u0117ti supimo pratimai skatina kraujotak\u0105 ir ma\u017eina nuovarg\u012f, kur\u012f sukelia ilgas s\u0117d\u0117jimas.<br \/>\nPatvarumas ir patogumas Medinis r\u0117mas yra tvirtas ir gali atlaikyti iki 113 kg svor\u012f. Pagalv\u0117l\u0117 pagaminta i\u0161 auk\u0161tos kokyb\u0117s poliesterio audinio, kuris yra labai mink\u0161tas ir laidus orui. Viduje taip pat yra didelio tankio kempin\u0117, kad b\u016bt\u0173 patogiau.<br \/>\nIdealiai tinka nam\u0173 biurui: be atlo\u0161o dizaino, paprastas ir meni\u0161kas, lengvai derinamas su skirtingais dekoratyviniais stiliais. Idealiai tinka nam\u0173 biurams, kompiuteri\u0173 stalams, sve\u010di\u0173 darbo vietoms ar pos\u0117d\u017ei\u0173 sal\u0117ms. \u201eMallVitaly\u201c supamoji k\u0117d\u0117 yra puiki dovana biuro darbuotojams, draugams, giminai\u010diams.<br \/>\nGREITAS SURINKIMAS IR GARANTIJA Kl\u016bpanti k\u0117d\u0117 tiekiama su ai\u0161kiomis instrukcijomis ir \u012frankiais. Lengva surinkti be profesionalo pagalbos. Visoms ergonomi\u0161koms biuro k\u0117d\u0117ms su kl\u016bp\u0117jimu suteikiama 2 met\u0173 garantija. Jei kilt\u0173 koki\u0173 nors problem\u0173 su gaminiu, mes j\u012f pakeisime nauja k\u0117de su kl\u016bp\u0117jimu ir i\u0161spr\u0119sime kliento problem\u0105 be joki\u0173 kit\u0173 s\u0105lyg\u0173.<\/p>","protected":false},"excerpt":{"rendered":"<p>REGULIUOJAMA KELIO K\u0116D\u0116 Ergonomi\u0161ka kl\u016bpanti k\u0117d\u0117 turi \u017evaig\u017ed\u0117s formos rankenas \u0161onuose, kurios leid\u017eia reguliuoti s\u0117dyn\u0117s gyl\u012f ir kamp\u0105. Skirtingi k\u016bno tipai gali pritaikyti patogiausi\u0105 pad\u0117t\u012f pagal savo poreikius. PAGERINKITE SAVO stuburo sveikat\u0105 M\u016bs\u0173 ergonomi\u0161ka laikysenos k\u0117d\u0117 puikiai prisitaiko prie j\u016bs\u0173 stuburo, skatina sveik\u0105 laikysen\u0105 ir mal\u0161ina nugaros skausm\u0105. L\u0117ti supimo pratimai skatina kraujotak\u0105 ir ma\u017eina [&hellip;]<\/p>\n","protected":false},"featured_media":1580,"comment_status":"open","ping_status":"closed","template":"","meta":{"_acf_changed":false,"inline_featured_image":false},"product_brand":[],"product_cat":[74],"product_tag":[],"class_list":{"0":"post-1171","1":"product","2":"type-product","3":"status-publish","4":"has-post-thumbnail","6":"product_cat-namu-interjeras","8":"first","9":"instock","10":"taxable","11":"shipping-taxable","12":"purchasable","13":"product-type-simple"},"acf":[],"_links":{"self":[{"href":"https:\/\/bmdprekyba.lt\/en\/wp-json\/wp\/v2\/product\/1171","targetHints":{"allow":["GET"]}}],"collection":[{"href":"https:\/\/bmdprekyba.lt\/en\/wp-json\/wp\/v2\/product"}],"about":[{"href":"https:\/\/bmdprekyba.lt\/en\/wp-json\/wp\/v2\/types\/product"}],"replies":[{"embeddable":true,"href":"https:\/\/bmdprekyba.lt\/en\/wp-json\/wp\/v2\/comments?post=1171"}],"wp:featuredmedia":[{"embeddable":true,"href":"https:\/\/bmdprekyba.lt\/en\/wp-json\/wp\/v2\/media\/1580"}],"wp:attachment":[{"href":"https:\/\/bmdprekyba.lt\/en\/wp-json\/wp\/v2\/media?parent=1171"}],"wp:term":[{"taxonomy":"product_brand","embeddable":true,"href":"https:\/\/bmdprekyba.lt\/en\/wp-json\/wp\/v2\/product_brand?post=1171"},{"taxonomy":"product_cat","embeddable":true,"href":"https:\/\/bmdprekyba.lt\/en\/wp-json\/wp\/v2\/product_cat?post=1171"},{"taxonomy":"product_tag","embeddable":true,"href":"https:\/\/bmdprekyba.lt\/en\/wp-json\/wp\/v2\/product_tag?post=1171"}],"curies":[{"name":"wp","href":"https:\/\/api.w.org\/{rel}","templated":true}]}}