{"id":1168,"date":"2025-04-09T00:00:00","date_gmt":"2025-04-09T00:00:00","guid":{"rendered":"https:\/\/bmdprekyba.lt\/?post_type=product&#038;p=1168"},"modified":"2026-01-09T12:01:21","modified_gmt":"2026-01-09T12:01:21","slug":"exerz-20-cm-auksinis-gaublys-metalinis-lankas-ir-pagrindas-padengtas-aukso-spalva","status":"publish","type":"product","link":"https:\/\/bmdprekyba.lt\/en\/product\/exerz-20-cm-auksinis-gaublys-metalinis-lankas-ir-pagrindas-padengtas-aukso-spalva\/","title":{"rendered":"EXERZ 20 cm auksinis gaublys, metalinis lankas ir pagrindas, padengtas aukso spalva"},"content":{"rendered":"<p>DAUGIAU NEI DEKORACIJA: \u201eExerz\u201c metalinio auksinio gaublio skersmuo yra 20 CM, o pastatomo \u2013 30 CM. Jis pasi\u017eymi auk\u0161tos kokyb\u0117s, smulkiu ir ai\u0161kiu spausdinimu, tod\u0117l geografin\u0119 srit\u012f skaityti labai lengva ir malonu. Jame pavaizduotos \u0161alys, politin\u0117s ribos, sostin\u0117s, pagrindiniai miestai ir kita. Galite j\u012f naudoti kasdien ir bet kada per\u017ei\u016br\u0117ti.<\/p>\n<p>SMAGUMAS IR MOKYMAS: M\u016bs\u0173 gaublys yra detalus, skatina smalsius vaikus tyrin\u0117ti mokslo pasaul\u012f savo rankomis ir akimis. \u012evairaus am\u017eiaus vaikai ir suaugusieji gal\u0117s tyrin\u0117ti \u017eemynus, kuriuose buvo arba nebuvo, pasteb\u0117ti viet\u0105 ir su\u017einoti, kas joje yra ir kas yra aplink j\u0105. Jie bus skatinami skaityti ir atpa\u017einti \u017dem\u0117s geografinius ir istorinius faktus.<\/p>\n<p>R\u016aPUS METALINIS: Gra\u017eus, ak\u012f traukiantis metalo aukso ir baltos spalvos gaublys, ry\u0161kus, bet eleganti\u0161kas, su blizgan\u010diu plieniniu lanku ir pagrindu, puikiai tinkantis nam\u0173 ir biuro dekoracijai, stilingam moderniam \u012fvaizd\u017eiui arba tiesiog deran\u010diam prie pasirinktos vietos spalvos. AUK\u0160TA KOKYB\u0116: Pats gaminys sukasi ant tvirto stovo. Mes naudojame geriausias med\u017eiagas, kokias tik galime naudoti pramon\u0117je, \u012fskaitant ner\u016bdijant\u012f plien\u0105, auk\u0161tos kokyb\u0117s ra\u0161al\u0105 ir kt. Siekiame u\u017etikrinti, kad \u0161is gaublys b\u016bt\u0173 tikra prabanga, nesukelsianti nusivylimo.<\/p>\n<p>DOVANOS: Supakuota \u012f auk\u0161\u010diausios kokyb\u0117s rankdarbi\u0173 d\u0117\u017eut\u0119 \u2013 puiki dovanos id\u0117ja beveik visoms progoms. Vaik\u0173 gimtadienis, Kal\u0117dos, draug\u0173 vakar\u0117lis, naujo biuro atidarymas \u2013 galite b\u016bti k\u016brybingi. Pavyzd\u017eiui, padovanokite kam nors, kas nor\u0117t\u0173 papuo\u0161ti studij\u0105 ar kavin\u0119 kaip i\u0161skirtin\u012f papuo\u0161im\u0105 ir pan.<\/p>","protected":false},"excerpt":{"rendered":"<p>DAUGIAU NEI DEKORACIJA: \u201eExerz\u201c metalinio auksinio gaublio skersmuo yra 20 CM, o pastatomo \u2013 30 CM. Jis pasi\u017eymi auk\u0161tos kokyb\u0117s, smulkiu ir ai\u0161kiu spausdinimu, tod\u0117l geografin\u0119 srit\u012f skaityti labai lengva ir malonu. Jame pavaizduotos \u0161alys, politin\u0117s ribos, sostin\u0117s, pagrindiniai miestai ir kita. Galite j\u012f naudoti kasdien ir bet kada per\u017ei\u016br\u0117ti. SMAGUMAS IR MOKYMAS: M\u016bs\u0173 gaublys [&hellip;]<\/p>\n","protected":false},"featured_media":1559,"comment_status":"open","ping_status":"closed","template":"","meta":{"_acf_changed":false,"inline_featured_image":false},"product_brand":[],"product_cat":[15,74],"product_tag":[],"class_list":{"0":"post-1168","1":"product","2":"type-product","3":"status-publish","4":"has-post-thumbnail","6":"product_cat-be-kategorijos","7":"product_cat-namu-interjeras","9":"first","10":"instock","11":"taxable","12":"shipping-taxable","13":"purchasable","14":"product-type-simple"},"acf":[],"_links":{"self":[{"href":"https:\/\/bmdprekyba.lt\/en\/wp-json\/wp\/v2\/product\/1168","targetHints":{"allow":["GET"]}}],"collection":[{"href":"https:\/\/bmdprekyba.lt\/en\/wp-json\/wp\/v2\/product"}],"about":[{"href":"https:\/\/bmdprekyba.lt\/en\/wp-json\/wp\/v2\/types\/product"}],"replies":[{"embeddable":true,"href":"https:\/\/bmdprekyba.lt\/en\/wp-json\/wp\/v2\/comments?post=1168"}],"wp:featuredmedia":[{"embeddable":true,"href":"https:\/\/bmdprekyba.lt\/en\/wp-json\/wp\/v2\/media\/1559"}],"wp:attachment":[{"href":"https:\/\/bmdprekyba.lt\/en\/wp-json\/wp\/v2\/media?parent=1168"}],"wp:term":[{"taxonomy":"product_brand","embeddable":true,"href":"https:\/\/bmdprekyba.lt\/en\/wp-json\/wp\/v2\/product_brand?post=1168"},{"taxonomy":"product_cat","embeddable":true,"href":"https:\/\/bmdprekyba.lt\/en\/wp-json\/wp\/v2\/product_cat?post=1168"},{"taxonomy":"product_tag","embeddable":true,"href":"https:\/\/bmdprekyba.lt\/en\/wp-json\/wp\/v2\/product_tag?post=1168"}],"curies":[{"name":"wp","href":"https:\/\/api.w.org\/{rel}","templated":true}]}}