{"id":1167,"date":"2025-04-09T00:00:00","date_gmt":"2025-04-09T00:00:00","guid":{"rendered":"https:\/\/bmdprekyba.lt\/?post_type=product&#038;p=1167"},"modified":"2026-01-09T12:01:21","modified_gmt":"2026-01-09T12:01:21","slug":"astroai-oro-kompresorius-nesiojamas-oro-siurblys-automobiliui-12v-dc-padangu-priputimo-sistema-160psi-su-led-lempute","status":"publish","type":"product","link":"https:\/\/bmdprekyba.lt\/en\/product\/astroai-oro-kompresorius-nesiojamas-oro-siurblys-automobiliui-12v-dc-padangu-priputimo-sistema-160psi-su-led-lempute\/","title":{"rendered":"AstroAI oro kompresorius, ne\u0161iojamas oro siurblys automobiliui, 12V DC padang\u0173 prip\u016btimo sistema 160PSI su LED lempute"},"content":{"rendered":"<p>Efektyvus ir patvarus: metalin\u0117 krumpliara\u010dio ir cilindro konstrukcija u\u017etikrina geresn\u012f na\u0161um\u0105 nei plastikiniai cilindrai ir ilgesn\u012f tarnavimo laik\u0105. Nuolatinis darbas iki 20 minu\u010di\u0173. Vienu metu pripu\u010diant 4 195\/55\/R15 automobili\u0173 padangas (0\u201335 PSI) nereikia au\u0161inimo. \u0160is padang\u0173 siurblys tinka kaip T\u0117vo dienos dovana.<\/p>\n<p>LCD ekranas ir LED ap\u0161vietimas: KPA, PSI, BAR; trys oro kompresoriaus vienetai ai\u0161kiai rodomi LCD ekrane. LED ap\u0161vietimas padeda prip\u016bsti padangas arba patikrinti jas prasto ap\u0161vietimo aplinkoje.<\/p>\n<p>\u201eToughUltra\u201c procesas, padidintas patvarumas: \u201eAstroAI ToughUltra\u201c technologija naudoja miltelin\u0117s metalurgijos integruot\u0105 liejimo technik\u0105, kad pagamint\u0173 tvirtesn\u012f cilindr\u0105, variklio krumpliarat\u012f ir \u0161vaistikl\u012f, efektyviai pagerindama padang\u0173 prip\u016btimo \u012frenginio tarnavimo laik\u0105 30 %.<\/p>\n<p>Ne\u0161iojamas ir kompakti\u0161kas: ne\u0161iojamas dydis, u\u017eima ma\u017eai vietos. B\u016bkite pasiruo\u0161\u0119 bet kokiai avarinei situacijai. Ma\u017eame kompakti\u0161kame \u012frenginyje yra 10 p\u0117d\u0173 (3 metr\u0173) maitinimo laidas, priedus galima laikyti pa\u010diame oro kompresoriuje. Puikus \u012frankis j\u016bs\u0173 automobiliui.<br \/>\nPirkite u\u017etikrintai: padang\u0173 prip\u016btimo \u012frengin\u012f laikykite automobilyje arba gara\u017ee, jei prireikt\u0173 avarin\u0117s situacijos. \u012e pakuot\u0119 \u012feina 1 x \u201eAstroAI\u201c 12 volt\u0173 oro kompresorius, 1 x pakaitinis saugiklis, 2 x k\u016bginiai prip\u016btimo adapteriai, 1 x prip\u016btimo adata, 1 x ventilio ilgintuvas ir 1 x naudotojo vadovas. Jei turite klausim\u0173 ar r\u016bpes\u010di\u0173, susisiekite su mumis bet kuriuo metu.<\/p>","protected":false},"excerpt":{"rendered":"<p>Efektyvus ir patvarus: metalin\u0117 krumpliara\u010dio ir cilindro konstrukcija u\u017etikrina geresn\u012f na\u0161um\u0105 nei plastikiniai cilindrai ir ilgesn\u012f tarnavimo laik\u0105. Nuolatinis darbas iki 20 minu\u010di\u0173. Vienu metu pripu\u010diant 4 195\/55\/R15 automobili\u0173 padangas (0\u201335 PSI) nereikia au\u0161inimo. \u0160is padang\u0173 siurblys tinka kaip T\u0117vo dienos dovana. LCD ekranas ir LED ap\u0161vietimas: KPA, PSI, BAR; trys oro kompresoriaus vienetai ai\u0161kiai [&hellip;]<\/p>\n","protected":false},"featured_media":1568,"comment_status":"open","ping_status":"closed","template":"","meta":{"_acf_changed":false,"inline_featured_image":false},"product_brand":[],"product_cat":[15],"product_tag":[],"class_list":{"0":"post-1167","1":"product","2":"type-product","3":"status-publish","4":"has-post-thumbnail","6":"product_cat-be-kategorijos","8":"first","9":"instock","10":"taxable","11":"shipping-taxable","12":"purchasable","13":"product-type-simple"},"acf":[],"_links":{"self":[{"href":"https:\/\/bmdprekyba.lt\/en\/wp-json\/wp\/v2\/product\/1167","targetHints":{"allow":["GET"]}}],"collection":[{"href":"https:\/\/bmdprekyba.lt\/en\/wp-json\/wp\/v2\/product"}],"about":[{"href":"https:\/\/bmdprekyba.lt\/en\/wp-json\/wp\/v2\/types\/product"}],"replies":[{"embeddable":true,"href":"https:\/\/bmdprekyba.lt\/en\/wp-json\/wp\/v2\/comments?post=1167"}],"wp:featuredmedia":[{"embeddable":true,"href":"https:\/\/bmdprekyba.lt\/en\/wp-json\/wp\/v2\/media\/1568"}],"wp:attachment":[{"href":"https:\/\/bmdprekyba.lt\/en\/wp-json\/wp\/v2\/media?parent=1167"}],"wp:term":[{"taxonomy":"product_brand","embeddable":true,"href":"https:\/\/bmdprekyba.lt\/en\/wp-json\/wp\/v2\/product_brand?post=1167"},{"taxonomy":"product_cat","embeddable":true,"href":"https:\/\/bmdprekyba.lt\/en\/wp-json\/wp\/v2\/product_cat?post=1167"},{"taxonomy":"product_tag","embeddable":true,"href":"https:\/\/bmdprekyba.lt\/en\/wp-json\/wp\/v2\/product_tag?post=1167"}],"curies":[{"name":"wp","href":"https:\/\/api.w.org\/{rel}","templated":true}]}}