{"id":1166,"date":"2025-04-09T00:00:00","date_gmt":"2025-04-09T00:00:00","guid":{"rendered":"https:\/\/bmdprekyba.lt\/?post_type=product&#038;p=1166"},"modified":"2026-01-09T12:01:22","modified_gmt":"2026-01-09T12:01:22","slug":"geeetech-mizar-m-3d-spausdintuvas-dvieju-ekstruderiu-daugiaspalvis-dviguba-z-asis-tikslus-automatinis-niveliavimas-dvigubi-hotend-grupes-moduliai-spausdinimo-dydis-255x255x260-mm","status":"publish","type":"product","link":"https:\/\/bmdprekyba.lt\/en\/product\/geeetech-mizar-m-3d-spausdintuvas-dvieju-ekstruderiu-daugiaspalvis-dviguba-z-asis-tikslus-automatinis-niveliavimas-dvigubi-hotend-grupes-moduliai-spausdinimo-dydis-255x255x260-mm\/","title":{"rendered":"Geeetech Mizar M 3D spausdintuvas"},"content":{"rendered":"<p>Geeetech Mizar M 3D spausdintuvas, dviej\u0173 ekstruderi\u0173, daugiaspalvis, dviguba Z a\u0161is, tikslus automatinis niveliavimas, dvigubi hotend grup\u0117s moduliai, spausdinimo dydis 255X255X260 mm<\/p>\n<p><b>Main specification<\/b><\/p>\n<p>Technology: FDM<\/p>\n<p>Printing Thickness: 0.1-0.2mm<\/p>\n<p>Printing Materials: PLA,ABS, PETG<\/p>\n<p>Printing Volume: 255*255*260mm<\/p>\n<p>Auto-leveling: 3D Touch Leveling Sensor<\/p>\n<p>Hotbed Heating Time\uff08110\u2103): 11min<\/p>\n<p>Nozzle Diameter: 0.4mm<\/p>\n<p>Positional Accuracy: X axis: 0.011mm Y axis: 0.011mm Z axis: 0.0025mm<\/p>\n<p>Printing Accuracy: \u00b10.1mm<\/p>\n<p>Printing Speed: 20~150mm\/S<\/p>\n<p>Display: 3.5-inch Color Touch Screen<\/p>\n<p>Hotbed Max Temperature: 110\u2103<\/p>\n<p>Nozzle Max Temperature: 250\u2103<\/p>\n<p>Working temperature: 10-40\u2103<\/p>\n<p><b>Electric Parameter<\/b><\/p>\n<p>Power Input: 115\/230V AC, 50\/60Hz<\/p>\n<p>Power Supply: DC24V-15A Max, 350W<\/p>\n<p><b>Mechanical Parameter<\/b><\/p>\n<p>Hotbed Size: 260*260mm<\/p>\n<p>Net Weight: 10.2kg<\/p>\n<p>Gross Weight: 13kg<\/p>\n<p>Machine Size: 400(W)*465(L)*484(H)mm<\/p>\n<p>Package Size: 522(L)*482(W)*285(H)mm<\/p>","protected":false},"excerpt":{"rendered":"<p>Geeetech Mizar M 3D spausdintuvas, dviej\u0173 ekstruderi\u0173, daugiaspalvis, dviguba Z a\u0161is, tikslus automatinis niveliavimas, dvigubi hotend grup\u0117s moduliai, spausdinimo dydis 255X255X260 mm Main specification Technology: FDM Printing Thickness: 0.1-0.2mm Printing Materials: PLA,ABS, PETG Printing Volume: 255*255*260mm Auto-leveling: 3D Touch Leveling Sensor Hotbed Heating Time\uff08110\u2103): 11min Nozzle Diameter: 0.4mm Positional Accuracy: X axis: 0.011mm Y axis: [&hellip;]<\/p>\n","protected":false},"featured_media":1222,"comment_status":"open","ping_status":"closed","template":"","meta":{"_acf_changed":false,"inline_featured_image":false},"product_brand":[],"product_cat":[44,79],"product_tag":[],"class_list":{"0":"post-1166","1":"product","2":"type-product","3":"status-publish","4":"has-post-thumbnail","6":"product_cat-elektronika","7":"product_cat-irankiai","9":"first","10":"instock","11":"taxable","12":"shipping-taxable","13":"purchasable","14":"product-type-simple"},"acf":[],"_links":{"self":[{"href":"https:\/\/bmdprekyba.lt\/en\/wp-json\/wp\/v2\/product\/1166","targetHints":{"allow":["GET"]}}],"collection":[{"href":"https:\/\/bmdprekyba.lt\/en\/wp-json\/wp\/v2\/product"}],"about":[{"href":"https:\/\/bmdprekyba.lt\/en\/wp-json\/wp\/v2\/types\/product"}],"replies":[{"embeddable":true,"href":"https:\/\/bmdprekyba.lt\/en\/wp-json\/wp\/v2\/comments?post=1166"}],"wp:featuredmedia":[{"embeddable":true,"href":"https:\/\/bmdprekyba.lt\/en\/wp-json\/wp\/v2\/media\/1222"}],"wp:attachment":[{"href":"https:\/\/bmdprekyba.lt\/en\/wp-json\/wp\/v2\/media?parent=1166"}],"wp:term":[{"taxonomy":"product_brand","embeddable":true,"href":"https:\/\/bmdprekyba.lt\/en\/wp-json\/wp\/v2\/product_brand?post=1166"},{"taxonomy":"product_cat","embeddable":true,"href":"https:\/\/bmdprekyba.lt\/en\/wp-json\/wp\/v2\/product_cat?post=1166"},{"taxonomy":"product_tag","embeddable":true,"href":"https:\/\/bmdprekyba.lt\/en\/wp-json\/wp\/v2\/product_tag?post=1166"}],"curies":[{"name":"wp","href":"https:\/\/api.w.org\/{rel}","templated":true}]}}