{"id":1165,"date":"2025-04-09T00:00:00","date_gmt":"2025-04-09T00:00:00","guid":{"rendered":"https:\/\/bmdprekyba.lt\/?post_type=product&#038;p=1165"},"modified":"2025-10-01T06:45:42","modified_gmt":"2025-10-01T06:45:42","slug":"yihua-939d-vi-dvigubas-pirografinis-deginimo-rasiklis-medienai-su-skaitmeniniu-ekranu-su-20-vielu-antgaliu-nuimamu-deginanciu-rasikliu","status":"publish","type":"product","link":"https:\/\/bmdprekyba.lt\/en\/product\/yihua-939d-vi-dvigubas-pirografinis-deginimo-rasiklis-medienai-su-skaitmeniniu-ekranu-su-20-vielu-antgaliu-nuimamu-deginanciu-rasikliu\/","title":{"rendered":"YIHUA 939D-VI dvigubas pirografinis deginimo ra\u0161iklis medienai su skaitmeniniu ekranu su 20 viel\u0173 antgali\u0173, nuimamu deginan\u010diu ra\u0161ikliu"},"content":{"rendered":"<p>\u0160iame pirografinio lituoklio rinkinyje yra 20 skirting\u0173 form\u0173 vielos pjaustymo pirografijos antgali\u0173, 2 med\u017eio gabal\u0117liai, 2 atsarginiai var\u017etai ir instrukcijos pradedantiesiems pirografijos entuziastams.<\/p>\n<p>Prie A ir B ra\u0161iklio galite pritvirtinti skirtingus antgalius ir lengvai perjungti abu ra\u0161iklius, kai reikia skirting\u0173 technik\u0173. Temperat\u016bra reguliuojama nuo 250 iki 750 \u00b0C, o temperat\u016bros vert\u0117 ai\u0161kiai rodoma ekrane.<\/p>\n<p>M\u016bs\u0173 pirografinis medienos deginimo rinkinys pasi\u017eymi integruotu laikikliu, tod\u0117l m\u016bs\u0173 pagrindinis \u012frenginys yra itin kompakti\u0161kas. Jums nereikia jaudintis, kad medienos degiklis u\u017eims viet\u0105 ant j\u016bs\u0173 stalo.<br \/>\nSu m\u016bs\u0173 pirografiniu ra\u0161ikliu galite kurti med\u017eio gravi\u016bras, ta\u0161kavimo ir \u0161e\u0161\u0117liavimo efektus. M\u016bs\u0173 rinkinys yra puiki staigmena arba kaip medienos deginimo rinkinys suaugusiems j\u016bs\u0173 artimiesiems.<br \/>\nRinkit\u0117s YIHUA dr\u0105siai: \u0161is produktas sukurtas 230 V AC 50 Hz su C tipo ES ki\u0161tuku, jam suteikiama 12 m\u0117nesi\u0173 i\u0161skirtin\u0117 technin\u0117 pagalba ES. M\u016bs\u0173 komanda teikia profesionali\u0105 technin\u0119 pagalb\u0105 vis\u0105 par\u0105.<\/p>","protected":false},"excerpt":{"rendered":"<p>\u0160iame pirografinio lituoklio rinkinyje yra 20 skirting\u0173 form\u0173 vielos pjaustymo pirografijos antgali\u0173, 2 med\u017eio gabal\u0117liai, 2 atsarginiai var\u017etai ir instrukcijos pradedantiesiems pirografijos entuziastams. Prie A ir B ra\u0161iklio galite pritvirtinti skirtingus antgalius ir lengvai perjungti abu ra\u0161iklius, kai reikia skirting\u0173 technik\u0173. Temperat\u016bra reguliuojama nuo 250 iki 750 \u00b0C, o temperat\u016bros vert\u0117 ai\u0161kiai rodoma ekrane. M\u016bs\u0173 [&hellip;]<\/p>\n","protected":false},"featured_media":1563,"comment_status":"open","ping_status":"closed","template":"","meta":{"_acf_changed":false,"inline_featured_image":false},"product_brand":[],"product_cat":[79],"product_tag":[],"class_list":{"0":"post-1165","1":"product","2":"type-product","3":"status-publish","4":"has-post-thumbnail","6":"product_cat-irankiai","8":"first","9":"instock","10":"taxable","11":"shipping-taxable","12":"purchasable","13":"product-type-simple"},"acf":[],"_links":{"self":[{"href":"https:\/\/bmdprekyba.lt\/en\/wp-json\/wp\/v2\/product\/1165","targetHints":{"allow":["GET"]}}],"collection":[{"href":"https:\/\/bmdprekyba.lt\/en\/wp-json\/wp\/v2\/product"}],"about":[{"href":"https:\/\/bmdprekyba.lt\/en\/wp-json\/wp\/v2\/types\/product"}],"replies":[{"embeddable":true,"href":"https:\/\/bmdprekyba.lt\/en\/wp-json\/wp\/v2\/comments?post=1165"}],"wp:featuredmedia":[{"embeddable":true,"href":"https:\/\/bmdprekyba.lt\/en\/wp-json\/wp\/v2\/media\/1563"}],"wp:attachment":[{"href":"https:\/\/bmdprekyba.lt\/en\/wp-json\/wp\/v2\/media?parent=1165"}],"wp:term":[{"taxonomy":"product_brand","embeddable":true,"href":"https:\/\/bmdprekyba.lt\/en\/wp-json\/wp\/v2\/product_brand?post=1165"},{"taxonomy":"product_cat","embeddable":true,"href":"https:\/\/bmdprekyba.lt\/en\/wp-json\/wp\/v2\/product_cat?post=1165"},{"taxonomy":"product_tag","embeddable":true,"href":"https:\/\/bmdprekyba.lt\/en\/wp-json\/wp\/v2\/product_tag?post=1165"}],"curies":[{"name":"wp","href":"https:\/\/api.w.org\/{rel}","templated":true}]}}