{"id":1164,"date":"2025-04-09T00:00:00","date_gmt":"2025-04-09T00:00:00","guid":{"rendered":"https:\/\/bmdprekyba.lt\/?post_type=product&#038;p=1164"},"modified":"2026-01-09T12:01:23","modified_gmt":"2026-01-09T12:01:23","slug":"eldnacele-30-led-lempuciu-lempuciu-pakuote-su-nuotolinio-valdymo-pulteliu-laikmaciu-ir-sviesos-reguliatoriumi-bevieles-zvakiu-lemputes-su-segtuku","status":"publish","type":"product","link":"https:\/\/bmdprekyba.lt\/en\/product\/eldnacele-30-led-lempuciu-lempuciu-pakuote-su-nuotolinio-valdymo-pulteliu-laikmaciu-ir-sviesos-reguliatoriumi-bevieles-zvakiu-lemputes-su-segtuku\/","title":{"rendered":"Eldnacele 30 LED lempu\u010di\u0173 lempu\u010di\u0173 pakuot\u0117 su nuotolinio valdymo pulteliu, laikma\u010diu ir \u0161viesos reguliatoriumi, beviel\u0117s \u017evaki\u0173 lemput\u0117s su segtuku"},"content":{"rendered":"<p>\u201eEldnacele\u201c 30 vnt. LED \u017evaki\u0173 su nuotolinio valdymo pultu, laikma\u010diu ir pritemdymu, belaid\u0117s \u017evak\u0117s su spaustuku, beliepsn\u0117s kal\u0117din\u0117s \u017evak\u0117s Kal\u0117d\u0173 eglutei, vestuv\u0117ms, gimtadieniui, vakar\u0117liui<\/p>","protected":false},"excerpt":{"rendered":"<p>\u201eEldnacele\u201c 30 vnt. LED \u017evaki\u0173 su nuotolinio valdymo pultu, laikma\u010diu ir pritemdymu<\/p>","protected":false},"featured_media":1526,"comment_status":"open","ping_status":"closed","template":"","meta":{"_acf_changed":false,"inline_featured_image":false},"product_brand":[],"product_cat":[50],"product_tag":[],"class_list":{"0":"post-1164","1":"product","2":"type-product","3":"status-publish","4":"has-post-thumbnail","6":"product_cat-apsvietimas","8":"first","9":"instock","10":"taxable","11":"shipping-taxable","12":"purchasable","13":"product-type-simple"},"acf":[],"_links":{"self":[{"href":"https:\/\/bmdprekyba.lt\/en\/wp-json\/wp\/v2\/product\/1164","targetHints":{"allow":["GET"]}}],"collection":[{"href":"https:\/\/bmdprekyba.lt\/en\/wp-json\/wp\/v2\/product"}],"about":[{"href":"https:\/\/bmdprekyba.lt\/en\/wp-json\/wp\/v2\/types\/product"}],"replies":[{"embeddable":true,"href":"https:\/\/bmdprekyba.lt\/en\/wp-json\/wp\/v2\/comments?post=1164"}],"wp:featuredmedia":[{"embeddable":true,"href":"https:\/\/bmdprekyba.lt\/en\/wp-json\/wp\/v2\/media\/1526"}],"wp:attachment":[{"href":"https:\/\/bmdprekyba.lt\/en\/wp-json\/wp\/v2\/media?parent=1164"}],"wp:term":[{"taxonomy":"product_brand","embeddable":true,"href":"https:\/\/bmdprekyba.lt\/en\/wp-json\/wp\/v2\/product_brand?post=1164"},{"taxonomy":"product_cat","embeddable":true,"href":"https:\/\/bmdprekyba.lt\/en\/wp-json\/wp\/v2\/product_cat?post=1164"},{"taxonomy":"product_tag","embeddable":true,"href":"https:\/\/bmdprekyba.lt\/en\/wp-json\/wp\/v2\/product_tag?post=1164"}],"curies":[{"name":"wp","href":"https:\/\/api.w.org\/{rel}","templated":true}]}}