{"id":1163,"date":"2025-04-09T00:00:00","date_gmt":"2025-04-09T00:00:00","guid":{"rendered":"https:\/\/bmdprekyba.lt\/?post_type=product&#038;p=1163"},"modified":"2026-03-24T09:17:42","modified_gmt":"2026-03-24T09:17:42","slug":"protoarc-sulankstoma-belaide-klaviatura-ir-pele-xkm01-bluetooth-24g-viso-dydzio-mobilioji-klaviatura-qwerty-isdestymas-skirtas-ipad-plansetiniam-kompiuteriui","status":"publish","type":"product","link":"https:\/\/bmdprekyba.lt\/en\/product\/protoarc-sulankstoma-belaide-klaviatura-ir-pele-xkm01-bluetooth-24g-viso-dydzio-mobilioji-klaviatura-qwerty-isdestymas-skirtas-ipad-plansetiniam-kompiuteriui\/","title":{"rendered":"Sulankstoma belaid\u0117 klaviat\u016bra ir pel\u0117 \u201eProtoArc\u201c"},"content":{"rendered":"<h2>Trij\u0173 Dali\u0173 Pilno Dyd\u017eio Klaviat\u016bra<\/h2>\n<p>M\u016bs\u0173 ap\u0161viesta \u201eBluetooth\u201c klaviat\u016bra yra <b>trij\u0173 dali\u0173 sulankstoma ir pakankamai kompakti\u0161ka<\/b>, kad j\u0105 b\u016bt\u0173 galima ne\u0161iotis. <b>105 klavi\u0161\u0173 standartin\u0117 pilno dyd\u017eio QWERTY i\u0161d\u0117stymo klaviat\u016bra<\/b> su skai\u010di\u0173 klaviat\u016bra ir visa spar\u010di\u0173j\u0173 klavi\u0161\u0173 eilute leid\u017eia greitai ir tiksliai ra\u0161yti, tarsi naudotum\u0117t\u0117s ne\u0161iojamuoju kompiuteriu, tod\u0117l j\u016bs\u0173 darbas taps lengvesnis ir produktyvesnis.<\/p>\n<h2>Ap\u0161viesta Sulankstoma Klaviat\u016bra<\/h2>\n<p>\u0160i ma\u017ea klaviat\u016bra turi <b>trij\u0173 lygi\u0173 reguliuojam\u0105 ry\u0161kum\u0105 ir balt\u0105 fonin\u012f ap\u0161vietim\u0105<\/b>. Tai palengvina ir padaro patogesn\u012f ra\u0161ym\u0105 bet kokiomis prasto ap\u0161vietimo s\u0105lygomis. Galite perjungti kompakti\u0161kos klaviat\u016bros ry\u0161kum\u0105 nakt\u012f, kad apsaugotum\u0117te akis (spauskite \u201eFn\u201c + foninio ap\u0161vietimo mygtuk\u0105, kad reguliuotum\u0117te ry\u0161kum\u0105 arba i\u0161jungtum\u0117te \u0161vies\u0105).<\/p>\n<h2>Patogi Kelion\u0117ms<\/h2>\n<p>Sulankstoma klaviat\u016bra susilanksto iki <b>ma\u017eo dyd\u017eio (8.46 x 4.68 x 0.78 colio)<\/b> (apie 21.5 x 11.9 x 2 cm), tod\u0117l j\u0105 patogu pasiimti \u012f kelion\u0119. Komplektuojama su <b>telefono laikikliu ir ma\u017eu PU odiniu d\u0117klu<\/b>, specialiai sukurtu \u0161iai klaviat\u016brai. Ji be vargo telpa \u012f j\u016bs\u0173 krep\u0161\u012f ir gali b\u016bti idealus kompanionas kelion\u0117ms, apsilankymams kavin\u0117se, verslo kelion\u0117ms, skryd\u017eiams ir kt.<\/p>\n<h2>Keli\u0173 \u012erengini\u0173 Prijungimas<\/h2>\n<p><b>3 \u201eBluetooth 5.1\u201c kanalai<\/b> suteikia patogius darbo sraut\u0173 sprendimus. Tinka ma\u017eiems mobiliesiems \u012frenginiams, tokiems kaip \u201eiPad\u201c, \u201eiPhone\u201c, \u201eSteam Deck\u201c ar \u201eAndroid\u201c telefonai ir plan\u0161et\u0117s, taip pat puikiai veikia su stacionariais \u012frenginiais, tokiais kaip ne\u0161iojamieji kompiuteriai, kompiuteriai su \u201eBluetooth\u201c jungtimi. Suderinama su \u201eAndroid\u201c, \u201eWindows\u201c, \u201eiPad OS\u201c, \u201eMac OS\u201c, \u201eiOS\u201c ir kt.<\/p>\n<h2>\u012ekraunama per \u201eType-C\u201c<\/h2>\n<p>Sulankstoma klaviat\u016bra turi <b>\u012fmontuot\u0105 \u012fkraunam\u0105 baterij\u0105<\/b>, kuri u\u017etikrina iki <b>150 dien\u0173 bud\u0117jimo laik\u0105<\/b>. Po 15 minu\u010di\u0173 neveikimo ji pereis \u012f miego re\u017eim\u0105, kad taupyt\u0173 energij\u0105. Nor\u0117dami j\u0105 aktyvuoti ir naudoti, galite paspausti bet kur\u012f klavi\u0161\u0105. Kai nenaudojama, sulenkite klaviat\u016br\u0105, kad j\u0105 i\u0161jungtum\u0117te (i\u0161skleiskite, kad \u012fjungtum\u0117te).<\/p>","protected":false},"excerpt":{"rendered":"<p>Trij\u0173 Dali\u0173 Pilno Dyd\u017eio Klaviat\u016bra M\u016bs\u0173 ap\u0161viesta \u201eBluetooth\u201c klaviat\u016bra yra trij\u0173 dali\u0173 sulankstoma ir pakankamai kompakti\u0161ka, kad j\u0105 b\u016bt\u0173 galima ne\u0161iotis. 105 klavi\u0161\u0173 standartin\u0117 pilno dyd\u017eio QWERTY i\u0161d\u0117stymo klaviat\u016bra su skai\u010di\u0173 klaviat\u016bra ir visa spar\u010di\u0173j\u0173 klavi\u0161\u0173 eilute leid\u017eia greitai ir tiksliai ra\u0161yti, tarsi naudotum\u0117t\u0117s ne\u0161iojamuoju kompiuteriu, tod\u0117l j\u016bs\u0173 darbas taps lengvesnis ir produktyvesnis. Ap\u0161viesta Sulankstoma [&hellip;]<\/p>\n","protected":false},"featured_media":1758,"comment_status":"open","ping_status":"closed","template":"","meta":{"_acf_changed":false,"inline_featured_image":false},"product_brand":[],"product_cat":[44],"product_tag":[],"class_list":{"0":"post-1163","1":"product","2":"type-product","3":"status-publish","4":"has-post-thumbnail","6":"product_cat-elektronika","8":"first","9":"outofstock","10":"taxable","11":"shipping-taxable","12":"purchasable","13":"product-type-simple"},"acf":[],"_links":{"self":[{"href":"https:\/\/bmdprekyba.lt\/en\/wp-json\/wp\/v2\/product\/1163","targetHints":{"allow":["GET"]}}],"collection":[{"href":"https:\/\/bmdprekyba.lt\/en\/wp-json\/wp\/v2\/product"}],"about":[{"href":"https:\/\/bmdprekyba.lt\/en\/wp-json\/wp\/v2\/types\/product"}],"replies":[{"embeddable":true,"href":"https:\/\/bmdprekyba.lt\/en\/wp-json\/wp\/v2\/comments?post=1163"}],"wp:featuredmedia":[{"embeddable":true,"href":"https:\/\/bmdprekyba.lt\/en\/wp-json\/wp\/v2\/media\/1758"}],"wp:attachment":[{"href":"https:\/\/bmdprekyba.lt\/en\/wp-json\/wp\/v2\/media?parent=1163"}],"wp:term":[{"taxonomy":"product_brand","embeddable":true,"href":"https:\/\/bmdprekyba.lt\/en\/wp-json\/wp\/v2\/product_brand?post=1163"},{"taxonomy":"product_cat","embeddable":true,"href":"https:\/\/bmdprekyba.lt\/en\/wp-json\/wp\/v2\/product_cat?post=1163"},{"taxonomy":"product_tag","embeddable":true,"href":"https:\/\/bmdprekyba.lt\/en\/wp-json\/wp\/v2\/product_tag?post=1163"}],"curies":[{"name":"wp","href":"https:\/\/api.w.org\/{rel}","templated":true}]}}