{"id":1162,"date":"2025-04-09T00:00:00","date_gmt":"2025-04-09T00:00:00","guid":{"rendered":"https:\/\/bmdprekyba.lt\/?post_type=product&#038;p=1162"},"modified":"2026-01-09T12:01:23","modified_gmt":"2026-01-09T12:01:23","slug":"nalezuns-led-lubu-ventiliatorius-su-apsvietimu-3-spalvu-temperaturos-ir-6-greiciu-lubu-ventiliatorius-nuotolinio-valdymo-pultelis","status":"publish","type":"product","link":"https:\/\/bmdprekyba.lt\/en\/product\/nalezuns-led-lubu-ventiliatorius-su-apsvietimu-3-spalvu-temperaturos-ir-6-greiciu-lubu-ventiliatorius-nuotolinio-valdymo-pultelis\/","title":{"rendered":"Nalezuns LED lub\u0173 ventiliatorius su ap\u0161vietimu, 3 spalv\u0173 temperat\u016bros ir 6 grei\u010di\u0173 lub\u0173 ventiliatorius, nuotolinio valdymo pultelis"},"content":{"rendered":"<p>Lub\u0173 ventiliatorius su ap\u0161vietimu: lub\u0173 ventiliatoriai su ap\u0161vietimu \u2013 ventiliatorius ir ap\u0161vietimo \u012ftaisas, sujungti 2 viename. Turi nuotolinio valdymo pult\u0105, \u201eBluetooth\u201c program\u0117l\u0119, pritemdymo funkcij\u0105, spalv\u0173 temperat\u016bros nustatym\u0105, ry\u0161kumo nustatym\u0105, 6 grei\u010di\u0173 v\u0117jo grei\u010dio nustatym\u0105, miego re\u017eim\u0105, ventiliatoriaus jud\u0117jimo pirmyn ir atgal funkcij\u0105 (vasaros-\u017eiemos veikimas) ir laiko valdymo funkcij\u0105 (2 valandos).<\/p>\n<p>6 grei\u010di\u0173 nustatymai ir 5 ventiliatoriaus ment\u0117s: lub\u0173 \u0161viestuvas su ventiliatoriumi turi 6 grei\u010di\u0173 nustatymus, 5 ment\u0117s, pagamintas i\u0161 auk\u0161tos kokyb\u0117s akrilo, stipraus v\u0117jo, tylaus veikimo. 48 W variklis u\u017etikrina stabil\u0173 ventiliatoriaus veikim\u0105. Padidina v\u0117jo plot\u0105 ir gali b\u016bti reguliuojamas be sukimosi.<\/p>\n<p>I\u0161manieji LED lub\u0173 ventiliatoriai: 48 W energij\u0105 taupantis lub\u0173 \u0161viestuvas su ventiliatoriumi, naujas LED l\u0119\u0161io \u0161viesos \u0161altinis, akrilinis aki\u0173 apsauginis gaubtas, reguliuojama \u0161alta balta \u0161viesa (6500 K), neutrali \u0161viesa (4000 K) ir \u0161ilta balta \u0161viesa (3000 K). Galima reguliuoti 2,4 G nuotolinio valdymo pultu. K\u016brybi\u0161kas lub\u0173 ventiliatorius su ap\u0161vietimu taupo 80 % energijos ir tarnauja ilgai.<br \/>\nAuk\u0161tos kokyb\u0117s med\u017eiaga: lempa su ventiliatoriumi pagaminta i\u0161 auk\u0161tos kokyb\u0117s gele\u017eies ir PC, kurie yra kieti, atspar\u016bs auk\u0161tai temperat\u016brai, o \u0161viesa \u0161velni ir tolygi. Gryno vario inverterinis variklis u\u017etikrina stabil\u0173 ir saug\u0173 ventiliatoriaus veikim\u0105, tylus ventiliatorius. Naujai prid\u0117tas da\u017enio keitiklis yra galingesnis, i\u0161manesnis ir taupesnis energij\u0105.<\/p>\n<p>Lengva montuoti: tiesiog prijunkite laidus ir pritvirtinkite lub\u0173 ventiliatori\u0173 prie lub\u0173. Kad atsakytume \u012f visus j\u016bs\u0173 klausimus, pakuot\u0117je yra i\u0161sami naudojimo instrukcija (angl\u0173 kalba negarantuojama). (BE R\u016aPES\u010cI\u0172) Jei turite klausim\u0173, nedvejodami susisiekite su mumis. Mes pateiksime jums \u012ftikinam\u0105 atsakym\u0105.<\/p>","protected":false},"excerpt":{"rendered":"<p>Lub\u0173 ventiliatorius su ap\u0161vietimu: lub\u0173 ventiliatoriai su ap\u0161vietimu \u2013 ventiliatorius ir ap\u0161vietimo \u012ftaisas, sujungti 2 viename. Turi nuotolinio valdymo pult\u0105, \u201eBluetooth\u201c program\u0117l\u0119, pritemdymo funkcij\u0105, spalv\u0173 temperat\u016bros nustatym\u0105, ry\u0161kumo nustatym\u0105, 6 grei\u010di\u0173 v\u0117jo grei\u010dio nustatym\u0105, miego re\u017eim\u0105, ventiliatoriaus jud\u0117jimo pirmyn ir atgal funkcij\u0105 (vasaros-\u017eiemos veikimas) ir laiko valdymo funkcij\u0105 (2 valandos). 6 grei\u010di\u0173 nustatymai ir 5 [&hellip;]<\/p>\n","protected":false},"featured_media":1556,"comment_status":"open","ping_status":"closed","template":"","meta":{"_acf_changed":false,"inline_featured_image":false},"product_brand":[],"product_cat":[50],"product_tag":[],"class_list":{"0":"post-1162","1":"product","2":"type-product","3":"status-publish","4":"has-post-thumbnail","6":"product_cat-apsvietimas","8":"first","9":"instock","10":"taxable","11":"shipping-taxable","12":"purchasable","13":"product-type-simple"},"acf":[],"_links":{"self":[{"href":"https:\/\/bmdprekyba.lt\/en\/wp-json\/wp\/v2\/product\/1162","targetHints":{"allow":["GET"]}}],"collection":[{"href":"https:\/\/bmdprekyba.lt\/en\/wp-json\/wp\/v2\/product"}],"about":[{"href":"https:\/\/bmdprekyba.lt\/en\/wp-json\/wp\/v2\/types\/product"}],"replies":[{"embeddable":true,"href":"https:\/\/bmdprekyba.lt\/en\/wp-json\/wp\/v2\/comments?post=1162"}],"wp:featuredmedia":[{"embeddable":true,"href":"https:\/\/bmdprekyba.lt\/en\/wp-json\/wp\/v2\/media\/1556"}],"wp:attachment":[{"href":"https:\/\/bmdprekyba.lt\/en\/wp-json\/wp\/v2\/media?parent=1162"}],"wp:term":[{"taxonomy":"product_brand","embeddable":true,"href":"https:\/\/bmdprekyba.lt\/en\/wp-json\/wp\/v2\/product_brand?post=1162"},{"taxonomy":"product_cat","embeddable":true,"href":"https:\/\/bmdprekyba.lt\/en\/wp-json\/wp\/v2\/product_cat?post=1162"},{"taxonomy":"product_tag","embeddable":true,"href":"https:\/\/bmdprekyba.lt\/en\/wp-json\/wp\/v2\/product_tag?post=1162"}],"curies":[{"name":"wp","href":"https:\/\/api.w.org\/{rel}","templated":true}]}}