{"id":1161,"date":"2025-04-09T00:00:00","date_gmt":"2025-04-09T00:00:00","guid":{"rendered":"https:\/\/bmdprekyba.lt\/?post_type=product&#038;p=1161"},"modified":"2025-12-12T17:14:19","modified_gmt":"2025-12-12T17:14:19","slug":"salind-gps-trekeris-automobiliams-motociklams-transporto-priemonems-ir-sunkvezimiams-su-magnetu-baterijos-veikimo-laikas-apie-40-dienu-iki-90-dienu-budejimo-rezimu-2-vnt","status":"publish","type":"product","link":"https:\/\/bmdprekyba.lt\/en\/product\/salind-gps-trekeris-automobiliams-motociklams-transporto-priemonems-ir-sunkvezimiams-su-magnetu-baterijos-veikimo-laikas-apie-40-dienu-iki-90-dienu-budejimo-rezimu-2-vnt\/","title":{"rendered":"GPS trekeris &#8222;SALIND&#8221;"},"content":{"rendered":"<p data-start=\"62\" data-end=\"104\"><strong data-start=\"62\" data-end=\"104\">4G GPS sekiklis \u2013 paruo\u0161tas naudojimui<\/strong><\/p>\n<p data-start=\"106\" data-end=\"283\">\u201eSalind\u201c sekiklis turi integruot\u0105 M2M SIM kortel\u0119, tod\u0117l u\u017etenka tik prisiregistruoti internetu \u2013 viskas veikia i\u0161 karto. 4G ry\u0161ys u\u017etikrina ger\u0105 apr\u0117pt\u012f ir ateities standartus.<\/p>\n<p data-start=\"285\" data-end=\"432\"><strong data-start=\"285\" data-end=\"306\">Ilgaam\u017e\u0117 baterija<\/strong><br data-start=\"306\" data-end=\"309\" \/>Veikia apie <strong data-start=\"321\" data-end=\"333\">40 dien\u0173<\/strong> \u012fprastu re\u017eimu ir iki <strong data-start=\"356\" data-end=\"368\">70 dien\u0173<\/strong> bud\u0117jimo re\u017eimu. Baterijos lyg\u012f bet kada matysite program\u0117l\u0117je.<\/p>\n<p data-start=\"434\" data-end=\"598\"><strong data-start=\"434\" data-end=\"460\">Tvirtas ir universalus<\/strong><br data-start=\"460\" data-end=\"463\" \/>Galingas magnetas, atsparumas purslams ir tvirtas korpusas. Tinka automobiliams, kemperiams, val\u010di\u0173, konteineri\u0173 ar technikos apsaugai.<\/p>\n<p data-start=\"600\" data-end=\"721\"><strong data-start=\"600\" data-end=\"627\">I\u0161manios signalizacijos<\/strong><br data-start=\"627\" data-end=\"630\" \/>Vibracijos, kritimo, grei\u010dio ir \u017eemo baterijos lygio prane\u0161imai \u2013 viskas patogiai telefone.<\/p>\n<p data-start=\"723\" data-end=\"873\"><strong data-start=\"723\" data-end=\"745\">Patogi prenumerata<\/strong><br data-start=\"745\" data-end=\"748\" \/>\u012etraukta SIM kortel\u0117, 24\/7 pagalba ir nemokama program\u0117l\u0117. Planai nuo <strong data-start=\"818\" data-end=\"832\">5 \u20ac \/ m\u0117n.<\/strong>, galimyb\u0117 rinktis nuo 1 m\u0117n. iki 2 met\u0173.<\/p>","protected":false},"excerpt":{"rendered":"<p>4G GPS sekiklis \u2013 paruo\u0161tas naudojimui \u201eSalind\u201c sekiklis turi integruot\u0105 M2M SIM kortel\u0119, tod\u0117l u\u017etenka tik prisiregistruoti internetu \u2013 viskas veikia i\u0161 karto. 4G ry\u0161ys u\u017etikrina ger\u0105 apr\u0117pt\u012f ir ateities standartus. Ilgaam\u017e\u0117 baterijaVeikia apie 40 dien\u0173 \u012fprastu re\u017eimu ir iki 70 dien\u0173 bud\u0117jimo re\u017eimu. Baterijos lyg\u012f bet kada matysite program\u0117l\u0117je. Tvirtas ir universalusGalingas magnetas, atsparumas [&hellip;]<\/p>\n","protected":false},"featured_media":1551,"comment_status":"open","ping_status":"closed","template":"","meta":{"_acf_changed":false,"inline_featured_image":false},"product_brand":[],"product_cat":[44],"product_tag":[],"class_list":{"0":"post-1161","1":"product","2":"type-product","3":"status-publish","4":"has-post-thumbnail","6":"product_cat-elektronika","8":"first","9":"instock","10":"sale","11":"taxable","12":"shipping-taxable","13":"purchasable","14":"product-type-simple"},"acf":[],"_links":{"self":[{"href":"https:\/\/bmdprekyba.lt\/en\/wp-json\/wp\/v2\/product\/1161","targetHints":{"allow":["GET"]}}],"collection":[{"href":"https:\/\/bmdprekyba.lt\/en\/wp-json\/wp\/v2\/product"}],"about":[{"href":"https:\/\/bmdprekyba.lt\/en\/wp-json\/wp\/v2\/types\/product"}],"replies":[{"embeddable":true,"href":"https:\/\/bmdprekyba.lt\/en\/wp-json\/wp\/v2\/comments?post=1161"}],"wp:featuredmedia":[{"embeddable":true,"href":"https:\/\/bmdprekyba.lt\/en\/wp-json\/wp\/v2\/media\/1551"}],"wp:attachment":[{"href":"https:\/\/bmdprekyba.lt\/en\/wp-json\/wp\/v2\/media?parent=1161"}],"wp:term":[{"taxonomy":"product_brand","embeddable":true,"href":"https:\/\/bmdprekyba.lt\/en\/wp-json\/wp\/v2\/product_brand?post=1161"},{"taxonomy":"product_cat","embeddable":true,"href":"https:\/\/bmdprekyba.lt\/en\/wp-json\/wp\/v2\/product_cat?post=1161"},{"taxonomy":"product_tag","embeddable":true,"href":"https:\/\/bmdprekyba.lt\/en\/wp-json\/wp\/v2\/product_tag?post=1161"}],"curies":[{"name":"wp","href":"https:\/\/api.w.org\/{rel}","templated":true}]}}