{"id":1159,"date":"2025-04-09T00:00:00","date_gmt":"2025-04-09T00:00:00","guid":{"rendered":"https:\/\/bmdprekyba.lt\/?post_type=product&#038;p=1159"},"modified":"2026-01-09T12:01:22","modified_gmt":"2026-01-09T12:01:22","slug":"automobilinis-radijas-1din-su-7-coliu-ekranu-radijo-jutikliniu-ekranu-su-bluetooth-mirror-link-fm-usb-aux-atbulines-eigos-kameros-mikrofono-nuotolinio-valdymo-pulteliu-apple-carplay-android","status":"publish","type":"product","link":"https:\/\/bmdprekyba.lt\/en\/product\/automobilinis-radijas-1din-su-7-coliu-ekranu-radijo-jutikliniu-ekranu-su-bluetooth-mirror-link-fm-usb-aux-atbulines-eigos-kameros-mikrofono-nuotolinio-valdymo-pulteliu-apple-carplay-android\/","title":{"rendered":"Automobilinis radijas 1Din su 7 coli\u0173 ekranu radijo jutikliniu ekranu su Bluetooth Mirror Link FM USB AUX atbulin\u0117s eigos kameros mikrofono nuotolinio valdymo pulteliu Apple CarPlay Android"},"content":{"rendered":"<p>\u30101 DIN automobilinis radijas su ekranu\u3011 \u201eHikity Carplay\u201c automobilinis radijas su 7 coli\u0173 HD talpiniu jutikliniu ekranu, gaminio montavimo matmenys: 178 (I) * 50 (A) * 112 (P) mm. Naujas procesorius, palaiko AUX garso \u012fvest\u012f, USB \u012fvest\u012f, TF kortel\u0117s lizd\u0105, 7 spalv\u0173 reguliuojam\u0105 fonin\u012f ap\u0161vietim\u0105, 1080P vaizdo \u012fra\u0161\u0173 atk\u016brim\u0105 ir pasirinktinius EQ bei garso nustatymus.<\/p>\n<p>\u3010\u201eCarPlay\u201c ir \u201eAndroid Auto\u201c\u3011 \u201ePrijunk ir naudokis\u201c \u2013 galite skland\u017eiai integruoti savo i\u0161man\u0173j\u012f telefon\u0105 per USB, \u201eCarplay\u201c ir \u201eAndroid Auto\u201c jungt\u012f, leisdami skambinti, pasiekti \u017eem\u0117lapio navigacij\u0105 ir klausytis muzikos, laikydami rankas, kad tur\u0117tum\u0117te laisv\u0119 tai daryti. Vairuokite atsargiai.<\/p>\n<p>\u3010\u201eBluetooth\u201c ir FM radijas\u3011 1 DIN \u201eCarplay\u201c radijas su \u201eBluetooth 4.0\u201c ry\u0161iu leid\u017eia lengvai prisijungti prie telefono, skambinti laisv\u0173 rank\u0173 \u012franga ir belaid\u017eiu b\u016bdu klausytis muzikos. 1 DIN \u201eBluetooth\u201c automobilinis radijas palaiko skirting\u0173 da\u017eni\u0173 FM radijo signalus ir gali i\u0161 anksto nustatyti 18 radijo sto\u010di\u0173. \u3010Galin\u0117 kamera ir SWC\u3011 \u201eCarplay\u201c 1 DIN radijas turi galin\u0119 kamer\u0105, i\u0161orin\u012f mikrofon\u0105 ir nuotolinio valdymo pult\u0105. Geriausia parkavimo asistent\u0117 pagerina j\u016bs\u0173 vairavimo saugum\u0105. 1 DIN automobilio stereo sistema palaiko \u012fmontuot\u0105 mikrofon\u0105, i\u0161orinis mikrofonas pagerina garso kokyb\u0119. Automobilio SWC funkcija leid\u017eia patogiau valdyti.<\/p>\n<p>\u3010\u201eMirror Link\u201c, skirta \u201eiOS\u201c \/ \u201eAndroid\u201c\u3011 1 DIN \u201eBluetooth\u201c automobilio radijas su \u201eMirror Link\u201c \u2013 perkelkite visk\u0105 i\u0161 savo i\u0161maniojo telefono \u012f radijo ekran\u0105. Prijunkite savo \u012frengin\u012f originaliu USB kabeliu ir m\u0117gaukit\u0117s \u017eem\u0117lapiais, filmais, vaizdo \u012fra\u0161ais, \u017eaidimais, internetiniais pokalbiais ir daug daugiau.<\/p>","protected":false},"excerpt":{"rendered":"<p>\u30101 DIN automobilinis radijas su ekranu\u3011 \u201eHikity Carplay\u201c automobilinis radijas su 7 coli\u0173 HD talpiniu jutikliniu ekranu, gaminio montavimo matmenys: 178 (I) * 50 (A) * 112 (P) mm. Naujas procesorius, palaiko AUX garso \u012fvest\u012f, USB \u012fvest\u012f, TF kortel\u0117s lizd\u0105, 7 spalv\u0173 reguliuojam\u0105 fonin\u012f ap\u0161vietim\u0105, 1080P vaizdo \u012fra\u0161\u0173 atk\u016brim\u0105 ir pasirinktinius EQ bei garso nustatymus. [&hellip;]<\/p>\n","protected":false},"featured_media":1546,"comment_status":"open","ping_status":"closed","template":"","meta":{"_acf_changed":false,"inline_featured_image":false},"product_brand":[],"product_cat":[44],"product_tag":[],"class_list":{"0":"post-1159","1":"product","2":"type-product","3":"status-publish","4":"has-post-thumbnail","6":"product_cat-elektronika","8":"first","9":"instock","10":"taxable","11":"shipping-taxable","12":"purchasable","13":"product-type-simple"},"acf":[],"_links":{"self":[{"href":"https:\/\/bmdprekyba.lt\/en\/wp-json\/wp\/v2\/product\/1159","targetHints":{"allow":["GET"]}}],"collection":[{"href":"https:\/\/bmdprekyba.lt\/en\/wp-json\/wp\/v2\/product"}],"about":[{"href":"https:\/\/bmdprekyba.lt\/en\/wp-json\/wp\/v2\/types\/product"}],"replies":[{"embeddable":true,"href":"https:\/\/bmdprekyba.lt\/en\/wp-json\/wp\/v2\/comments?post=1159"}],"wp:featuredmedia":[{"embeddable":true,"href":"https:\/\/bmdprekyba.lt\/en\/wp-json\/wp\/v2\/media\/1546"}],"wp:attachment":[{"href":"https:\/\/bmdprekyba.lt\/en\/wp-json\/wp\/v2\/media?parent=1159"}],"wp:term":[{"taxonomy":"product_brand","embeddable":true,"href":"https:\/\/bmdprekyba.lt\/en\/wp-json\/wp\/v2\/product_brand?post=1159"},{"taxonomy":"product_cat","embeddable":true,"href":"https:\/\/bmdprekyba.lt\/en\/wp-json\/wp\/v2\/product_cat?post=1159"},{"taxonomy":"product_tag","embeddable":true,"href":"https:\/\/bmdprekyba.lt\/en\/wp-json\/wp\/v2\/product_tag?post=1159"}],"curies":[{"name":"wp","href":"https:\/\/api.w.org\/{rel}","templated":true}]}}